{"id":2279,"date":"2020-04-14T02:21:56","date_gmt":"2020-04-14T02:21:56","guid":{"rendered":"http:\/\/spark-faucet.com\/?post_type=product&#038;p=2279"},"modified":"2023-12-06T06:58:48","modified_gmt":"2023-12-06T06:58:48","slug":"luxury-design-golden-brass-bathroom-gold-basin-faucet","status":"publish","type":"product","link":"https:\/\/spark-faucet.com\/tr\/urun\/luxury-design-golden-brass-bathroom-gold-basin-faucet\/","title":{"rendered":"L\u00fcks tasar\u0131m alt\u0131n pirin\u00e7 banyo alt\u0131n lavabo bataryas\u0131"},"content":{"rendered":"<p><img fetchpriority=\"high\" decoding=\"async\" class=\"wp-image-7944 size-full aligncenter\" src=\"http:\/\/spark-faucet.com\/wp-content\/uploads\/2020\/04\/2-22102.png\" alt=\"2-22102\" width=\"750\" height=\"750\" srcset=\"https:\/\/spark-faucet.com\/wp-content\/uploads\/2020\/04\/2-22102.png 750w, https:\/\/spark-faucet.com\/wp-content\/uploads\/2020\/04\/2-22102-300x300.png 300w, https:\/\/spark-faucet.com\/wp-content\/uploads\/2020\/04\/2-22102-150x150.png 150w, https:\/\/spark-faucet.com\/wp-content\/uploads\/2020\/04\/2-22102-600x600.png 600w, https:\/\/spark-faucet.com\/wp-content\/uploads\/2020\/04\/2-22102-100x100.png 100w\" sizes=\"(max-width: 750px) 100vw, 750px\" \/><\/p>\n<table class=\"aligncenter\" style=\"border-collapse: collapse; width: 750px; border: solid 1px #e6e3e3; background-color: #ffffff; margin-left: auto; margin-right: auto;\" border=\"1\">\n<tbody>\n<tr style=\"height: 30px;\">\n<td style=\"width: 300px; border: 1px solid #e6e3e3; height: 30px; text-align: left;\" valign=\"center\"><span style=\"color: #000000;\"><strong>Malzeme<\/strong><\/span><\/td>\n<td style=\"width: 700px; border: 1px solid #e6e3e3; height: 30px;\" valign=\"center\"><span style=\"color: #000000;\">Pirin\u00e7 ana g\u00f6vde ve \u00e7inko ala\u015f\u0131ml\u0131 sap<\/span><\/td>\n<\/tr>\n<tr style=\"height: 30px;\">\n<td style=\"width: 300px; border: 1px solid #e6e3e3; height: 30px; text-align: left;\" valign=\"center\"><span style=\"color: #000000;\"><strong>Pirin\u00e7 \u0130\u00e7erik<\/strong><\/span><\/td>\n<td style=\"width: 700px; border: 1px solid #e6e3e3; height: 30px;\" valign=\"center\"><span style=\"color: #000000;\">\u226559%<\/span><\/td>\n<\/tr>\n<tr style=\"height: 30px;\">\n<td style=\"width: 300px; border: 1px solid #e6e3e3; height: 30px; text-align: left;\" valign=\"center\"><span style=\"color: #000000;\"><strong>Kartu\u015f<\/strong><\/span><\/td>\n<td style=\"width: 700px; border: 1px solid #e6e3e3; height: 30px;\" valign=\"center\"><span style=\"color: #000000;\">KCG, Sedal, Kerox, Yizhan<\/span><\/td>\n<\/tr>\n<tr style=\"height: 30px;\">\n<td style=\"width: 300px; border: 1px solid #e6e3e3; height: 30px; text-align: left;\" valign=\"center\"><span style=\"color: #000000;\"><strong>Kartu\u015f \u00d6mr\u00fc<\/strong><\/span><\/td>\n<td style=\"width: 700px; border: 1px solid #e6e3e3; height: 30px;\" valign=\"center\"><span style=\"color: #000000;\">500.000 kez a\u00e7ma ve kapama<\/span><\/td>\n<\/tr>\n<tr style=\"height: 30px;\">\n<td style=\"width: 300px; border: 1px solid #e6e3e3; height: 30px; text-align: left;\" valign=\"center\"><span style=\"color: #000000;\"><strong>Havaland\u0131r\u0131c\u0131<\/strong><\/span><\/td>\n<td style=\"width: 700px; border: 1px solid #e6e3e3; height: 30px;\" valign=\"center\"><span style=\"color: #000000;\">Neoperl<\/span><\/td>\n<\/tr>\n<tr style=\"height: 30px;\">\n<td style=\"width: 300px; border: 1px solid #e6e3e3; height: 30px; text-align: left;\" valign=\"center\"><span style=\"color: #000000;\"><strong>Esnek hortum<\/strong><\/span><\/td>\n<td style=\"width: 700px; border: 1px solid #e6e3e3; height: 30px;\" valign=\"center\"><span style=\"color: #000000;\">304 Kal\u0131n EPDM i\u00e7 hortumlu paslanmaz \u00e7elik<\/span><\/td>\n<\/tr>\n<tr style=\"height: 30px;\">\n<td style=\"width: 300px; border: 1px solid #e6e3e3; height: 30px; text-align: left;\" valign=\"center\"><span style=\"color: #000000;\"><strong>Garanti<\/strong><\/span><\/td>\n<td style=\"width: 700px; border: 1px solid #e6e3e3; height: 30px;\" valign=\"center\"><span style=\"color: #000000;\">6 Y\u0131l S\u0131n\u0131rl\u0131<\/span><\/td>\n<\/tr>\n<tr style=\"height: 30px;\">\n<td style=\"width: 300px; border: 1px solid #e6e3e3; height: 30px; text-align: left;\" valign=\"center\"><span style=\"color: #000000;\"><strong>Tuz p\u00fcsk\u00fcrtme testi<\/strong><\/span><\/td>\n<td style=\"width: 700px; border: 1px solid #e6e3e3; height: 30px;\" valign=\"center\"><span style=\"color: #000000;\">24 Saat<\/span><\/td>\n<\/tr>\n<tr style=\"height: 30px;\">\n<td style=\"width: 300px; border: 1px solid #e6e3e3; height: 30px; text-align: left;\" valign=\"center\"><span style=\"color: #000000;\"><strong>Su bas\u0131nc\u0131 testi<\/strong><\/span><\/td>\n<td style=\"width: 700px; border: 1px solid #e6e3e3; height: 30px;\" valign=\"center\"><span style=\"color: #000000;\">1,6 Mpa<\/span><\/td>\n<\/tr>\n<tr style=\"height: 30px;\">\n<td style=\"width: 300px; border: 1px solid #e6e3e3; height: 30px; text-align: left;\" valign=\"center\"><span style=\"color: #000000;\"><strong>Hava bas\u0131nc\u0131 testi<\/strong><\/span><\/td>\n<td style=\"width: 700px; border: 1px solid #e6e3e3; height: 30px;\" valign=\"center\"><span style=\"color: #000000;\">0,6 Mpa<\/span><\/td>\n<\/tr>\n<tr style=\"height: 30px;\">\n<td style=\"width: 300px; border: 1px solid #e6e3e3; height: 30px; text-align: left;\" valign=\"center\"><span style=\"color: #000000;\"><strong>Su ak\u0131\u015f\u0131<\/strong><\/span><\/td>\n<td style=\"width: 700px; border: 1px solid #e6e3e3; height: 30px;\" valign=\"center\"><span style=\"color: #000000;\">\u226512L\/dk<\/span><\/td>\n<\/tr>\n<\/tbody>\n<\/table>\n<p style=\"text-align: center;\">\n<p style=\"text-align: center;\"><img decoding=\"async\" class=\"alignnone wp-image-7790 size-full\" src=\"http:\/\/spark-faucet.com\/wp-content\/uploads\/2020\/11\/3-\u914d\u7f6e\u548ccertificates.png\" alt=\"3-\u914d\u7f6e\u548csertifikalar\" width=\"750\" height=\"2278\" srcset=\"https:\/\/spark-faucet.com\/wp-content\/uploads\/2020\/11\/3-\u914d\u7f6e\u548ccertificates.png 750w, https:\/\/spark-faucet.com\/wp-content\/uploads\/2020\/11\/3-\u914d\u7f6e\u548ccertificates-99x300.png 99w, https:\/\/spark-faucet.com\/wp-content\/uploads\/2020\/11\/3-\u914d\u7f6e\u548ccertificates-337x1024.png 337w, https:\/\/spark-faucet.com\/wp-content\/uploads\/2020\/11\/3-\u914d\u7f6e\u548ccertificates-506x1536.png 506w, https:\/\/spark-faucet.com\/wp-content\/uploads\/2020\/11\/3-\u914d\u7f6e\u548ccertificates-674x2048.png 674w, https:\/\/spark-faucet.com\/wp-content\/uploads\/2020\/11\/3-\u914d\u7f6e\u548ccertificates-600x1822.png 600w\" sizes=\"(max-width: 750px) 100vw, 750px\" \/><\/p>\n<p style=\"text-align: center;\"><img decoding=\"async\" class=\"alignnone wp-image-7789 size-full\" src=\"http:\/\/spark-faucet.com\/wp-content\/uploads\/2020\/11\/3-19.png\" alt=\"3-19\" width=\"750\" height=\"620\" srcset=\"https:\/\/spark-faucet.com\/wp-content\/uploads\/2020\/11\/3-19.png 750w, https:\/\/spark-faucet.com\/wp-content\/uploads\/2020\/11\/3-19-300x248.png 300w, https:\/\/spark-faucet.com\/wp-content\/uploads\/2020\/11\/3-19-600x496.png 600w\" sizes=\"(max-width: 750px) 100vw, 750px\" \/><\/p>","protected":false},"excerpt":{"rendered":"<p>Tam metal dokularla b\u00fcy\u00fckl\u00fck ve sa\u011flaml\u0131k, serin ve sakin tasar\u0131m stilini korur \uff0c her zaman biraz daha parlak parlamak i\u00e7in g\u00fcnl\u00fck hat\u0131rlat\u0131c\u0131n\u0131z!<\/p>\n<ul>\n<li>Seri Y\u0131ld\u0131zl\u0131 Seri<\/li>\n<li>Model:  22102<\/li>\n<li>Tek Kollu Lavabo Bataryas\u0131<\/li>\n<li>Pirin\u00e7 Musluk G\u00f6vdesi<\/li>\n<li>Seramik Kartu\u015f:  KCG, Sedal, Kerox, Yizhan<\/li>\n<li>Musluk Sertifikas\u0131:<\/li>\n<\/ul>","protected":false},"featured_media":7945,"template":"","meta":{"_seopress_robots_primary_cat":"none"},"product_cat":[23],"product_tag":[30,29,28],"_links":{"self":[{"href":"https:\/\/spark-faucet.com\/tr\/wp-json\/wp\/v2\/product\/2279"}],"collection":[{"href":"https:\/\/spark-faucet.com\/tr\/wp-json\/wp\/v2\/product"}],"about":[{"href":"https:\/\/spark-faucet.com\/tr\/wp-json\/wp\/v2\/types\/product"}],"wp:featuredmedia":[{"embeddable":true,"href":"https:\/\/spark-faucet.com\/tr\/wp-json\/wp\/v2\/media\/7945"}],"wp:attachment":[{"href":"https:\/\/spark-faucet.com\/tr\/wp-json\/wp\/v2\/media?parent=2279"}],"wp:term":[{"taxonomy":"product_cat","embeddable":true,"href":"https:\/\/spark-faucet.com\/tr\/wp-json\/wp\/v2\/product_cat?post=2279"},{"taxonomy":"product_tag","embeddable":true,"href":"https:\/\/spark-faucet.com\/tr\/wp-json\/wp\/v2\/product_tag?post=2279"}],"curies":[{"name":"wp","href":"https:\/\/api.w.org\/{rel}","templated":true}]}}