{"id":5838,"date":"2020-11-23T06:51:09","date_gmt":"2020-11-23T06:51:09","guid":{"rendered":"http:\/\/spark-faucet.com\/?page_id=5838"},"modified":"2020-11-23T06:51:10","modified_gmt":"2020-11-23T06:51:10","slug":"sitemap","status":"publish","type":"page","link":"https:\/\/spark-faucet.com\/tr\/sitemap\/","title":{"rendered":"Site Haritas\u0131"},"content":{"rendered":"<div class=\"wrap-html-sitemap sp-html-sitemap\"><div class=\"sp-wrap-cpt\"><h2 class=\"sp-cpt-name\">Sayfalar<\/h2><ul class=\"sp-list-posts sp-cpt-hierarchical\"><li class=\"page_item page-item-5838\"><a href=\"https:\/\/spark-faucet.com\/tr\/sitemap\/\">Site Haritas\u0131<\/a><\/li><li class=\"page_item page-item-5236\"><a href=\"https:\/\/spark-faucet.com\/tr\/videos\/\">V\u0130DEOLAR<\/a><\/li><li class=\"page_item page-item-3684 current_page_parent\"><a href=\"https:\/\/spark-faucet.com\/tr\/blog\/\">Blog<\/a><\/li><li class=\"page_item page-item-3043\"><a href=\"https:\/\/spark-faucet.com\/tr\/certificates\/\">Sertifikalar<\/a><\/li><li class=\"page_item page-item-3004\"><a href=\"https:\/\/spark-faucet.com\/tr\/quality-management\/\">Kalite Y\u00f6netimi<\/a><\/li><li class=\"page_item page-item-2472\"><a href=\"https:\/\/spark-faucet.com\/tr\/thank-you\/\">Te\u015fekk\u00fcr ederim<\/a><\/li><li class=\"page_item page-item-2371\"><a href=\"https:\/\/spark-faucet.com\/tr\/product\/\">\u00dcr\u00fcn<\/a><\/li><li class=\"page_item page-item-1928\"><a href=\"https:\/\/spark-faucet.com\/tr\/not-important\/\">\u00d6nemli De\u011fil<\/a><\/li><li class=\"page_item page-item-1922\"><a href=\"https:\/\/spark-faucet.com\/tr\/privacy-policy\/\">Gizlilik Politikas\u0131<\/a><\/li><li class=\"page_item page-item-1902\"><a href=\"https:\/\/spark-faucet.com\/tr\/contact\/\">\u0130leti\u015fim<\/a><\/li><li class=\"page_item page-item-1896\"><a href=\"https:\/\/spark-faucet.com\/tr\/about-spark\/\">Spark Hakk\u0131nda<\/a><\/li><li class=\"page_item page-item-1884\"><a href=\"https:\/\/spark-faucet.com\/tr\/\">Ev<\/a><\/li><\/ul><\/div><div class=\"sp-wrap-cpt\"><h2 class=\"sp-cpt-name\">Yaz\u0131lar<\/h2><div class=\"sp-wrap-cats\"><div class=\"sp-wrap-cat\"><h3 class=\"sp-cat-name\"><a href=\"https:\/\/spark-faucet.com\/tr\/category\/all\/\">T\u00fcm\u00fc<\/a><\/h3><ul class=\"sp-list-posts\"><li><a href=\"https:\/\/spark-faucet.com\/tr\/top-8-ceramic-faucet-cartridge-manufacturers-in-china\/\">\u00c7in'deki En \u0130yi 8 Seramik Musluk Kartu\u015fu \u00dcreticisi<\/a> - 2 Ocak 2024<\/li><li><a href=\"https:\/\/spark-faucet.com\/tr\/top-7-ceramic-faucet-cartridge-manufacturers-in-europe-an-insiders-guide\/\">Avrupa'daki En \u0130yi 7 Seramik Musluk Kartu\u015fu \u00dcreticisi: \u0130\u00e7eriden Birinin Rehberi<\/a> - 22 Aral\u0131k 2023<\/li><li><a href=\"https:\/\/spark-faucet.com\/tr\/unlocking-the-future-of-faucet-manufacturing-pvd-technologys-advantages\/\">Musluk \u00dcretiminin Gelece\u011finin Kilidini A\u00e7mak: PVD Teknolojisinin Avantajlar\u0131<\/a> - 4 Kas\u0131m 2023<\/li><li><a href=\"https:\/\/spark-faucet.com\/tr\/finding-a-reliable-china-faucet-manufacturer-a-complete-guide\/\">G\u00fcvenilir Bir \u00c7in Musluk \u00dcreticisi Bulmak: Eksiksiz Bir K\u0131lavuz<\/a> - 4 Kas\u0131m 2023<\/li><li><a href=\"https:\/\/spark-faucet.com\/tr\/the-difference-between-oem-and-odm-faucet-manufacturers\/\">OEM ve ODM musluk \u00fcreticileri aras\u0131ndaki fark<\/a> - 20 Eyl\u00fcl 2023<\/li><li><a href=\"https:\/\/spark-faucet.com\/tr\/the-difference-between-stainless-steel-faucets-and-copper-faucets\/\">Paslanmaz \u00e7elik musluk ve bak\u0131r musluk aras\u0131ndaki fark.<\/a> - 4 Mart 2023<\/li><li><a href=\"https:\/\/spark-faucet.com\/tr\/inventory-of-mergers-and-acquisitions-in-the-bathroom-industry-in-the-first-half-of-2022\/\">2022'nin ilk yar\u0131s\u0131nda banyo sekt\u00f6r\u00fcndeki birle\u015fme ve sat\u0131n almalar\u0131n envanteri<\/a> - 27 Temmuz 2022<\/li><li><a href=\"https:\/\/spark-faucet.com\/tr\/watermark-tapware-manufacturer-in-china\/\">Watermark Tapware \u00dcreticisi: \u00dcst\u00fcn Kalite i\u00e7in Bir \u00c7in Ortakl\u0131\u011f\u0131<\/a> - 3 Ocak 2022<\/li><li><a href=\"https:\/\/spark-faucet.com\/tr\/rcep-will-change-your-purchasing-zero-tariff-cooperation\/\">RCEP sat\u0131n alma i\u015flemlerinizi de\u011fi\u015ftirecek - S\u0131f\u0131r Tarife \u0130\u015fbirli\u011fi<\/a> - 17 Kas\u0131m 2020<\/li><li><a href=\"https:\/\/spark-faucet.com\/tr\/how-to-wholesale-faucet-from-china\/\">\u00c7in'den toptan musluk nas\u0131l al\u0131n\u0131r?<\/a> - 29 Ekim 2020<\/li><li><a href=\"https:\/\/spark-faucet.com\/tr\/faucet-manufacturing-process\/\">Musluk \u00fcretim s\u00fcreci: Pirin\u00e7 \u00e7ubuklardan musluklara<\/a> - 10 Ekim 2020<\/li><li><a href=\"https:\/\/spark-faucet.com\/tr\/china-faucet-manufacturers\/\">\u00c7in Musluk \u00dcreticisi: Kalite, Tasar\u0131m ve \u00d6l\u00e7e\u011fin Ortaya \u00c7\u0131kar\u0131lmas\u0131<\/a> - 24 A\u011fustos 2020<\/li><li><a href=\"https:\/\/spark-faucet.com\/tr\/how-to-check-the-quality-of-faucet\/\">Musluk Kalitesi Nas\u0131l Kontrol Edilir?<\/a> - 19 May\u0131s 2020<\/li><li><a href=\"https:\/\/spark-faucet.com\/tr\/how-do-spark-control-the-quality-of-faucet\/\">SPARK Musluk Kalitesini Nas\u0131l Kontrol Ediyor?<\/a> - 19 May\u0131s 2020<\/li><\/ul><\/div><\/div><\/div><div class=\"sp-wrap-cpt\"><h2 class=\"sp-cpt-name\">\u00dcr\u00fcnler<\/h2><div class=\"sp-wrap-cats\"><div class=\"sp-wrap-cat\"><h3 class=\"sp-cat-name\"><a href=\"https:\/\/spark-faucet.com\/tr\/products\/bath-shower-faucet\/\">Banyo &amp; Du\u015f Bataryas\u0131<\/a><\/h3><ul class=\"sp-list-posts\"><li><a href=\"https:\/\/spark-faucet.com\/tr\/urun\/luxury-design-gold-hot-cold-waterfall-shower-set\/\">L\u00fcks tasar\u0131m alt\u0131n s\u0131cak ve so\u011fuk \u015felale du\u015f seti<\/a> - 6 Aral\u0131k 2023<\/li><li><a href=\"https:\/\/spark-faucet.com\/tr\/urun\/spark-original-design-bath-brush-gold-freestanding-faucet\/\">Spark \u00f6zg\u00fcn tasar\u0131m banyo f\u0131r\u00e7as\u0131 alt\u0131n ayakl\u0131 musluk<\/a> - 17 Haziran 2020<\/li><li><a href=\"https:\/\/spark-faucet.com\/tr\/urun\/spark-original-design-surface-mounted-shower-column\/\">Spark \u00f6zg\u00fcn tasar\u0131m s\u0131va \u00fcst\u00fc du\u015f kolonu<\/a> - 17 Haziran 2020<\/li><li><a href=\"https:\/\/spark-faucet.com\/tr\/urun\/luxury-design-brass-bath-free-standing-bathtub-faucet\/\">L\u00fcks tasar\u0131m pirin\u00e7 banyo ayakl\u0131 k\u00fcvet bataryas\u0131<\/a> - 17 Haziran 2020<\/li><li><a href=\"https:\/\/spark-faucet.com\/tr\/urun\/luxury-design-bathroom-brass-rain-concealed-shower-set\/\">L\u00fcks tasar\u0131m banyo pirin\u00e7 ya\u011fmur gizli du\u015f seti<\/a> - 17 Haziran 2020<\/li><li><a href=\"https:\/\/spark-faucet.com\/tr\/urun\/luxury-design-gold-hot-cold-water-shower-set\/\">L\u00fcks tasar\u0131m alt\u0131n s\u0131cak ve so\u011fuk su du\u015f seti<\/a> - 17 Haziran 2020<\/li><\/ul><\/div><div class=\"sp-wrap-cat\"><h3 class=\"sp-cat-name\"><a href=\"https:\/\/spark-faucet.com\/tr\/products\/bathroom-accessories\/\">Banyo Aksesuarlar\u0131<\/a><\/h3><ul class=\"sp-list-posts\"><li><a href=\"https:\/\/spark-faucet.com\/tr\/urun\/kaiping-manufacturer-brass-bathroom-accessories\/\">Kaiping \u00fcreticisi pirin\u00e7 banyo aksesuarlar\u0131<\/a> - 17 Kas\u0131m 2020<\/li><\/ul><\/div><div class=\"sp-wrap-cat\"><h3 class=\"sp-cat-name\"><a href=\"https:\/\/spark-faucet.com\/tr\/products\/bathroom-faucet\/\">Banyo Bataryas\u0131<\/a><\/h3><ul class=\"sp-list-posts\"><li><a href=\"https:\/\/spark-faucet.com\/tr\/urun\/australian-standard-bathroom-taps-watermark-faucet\/\">Avustralya Standard\u0131 banyo bataryalar\u0131 Watermark musluk<\/a> - 17 Kas\u0131m 2020<\/li><li><a href=\"https:\/\/spark-faucet.com\/tr\/urun\/australian-standard-taps-watermark-bathroom-tapware\/\">Avustralya Standart musluklar\u0131 Watermark banyo bataryalar\u0131<\/a> - 17 Kas\u0131m 2020<\/li><li><a href=\"https:\/\/spark-faucet.com\/tr\/urun\/luxury-black-bathroom-faucets-torneira-banheiro\/\">L\u00fcks siyah banyo bataryalar\u0131 torneira banheiro<\/a> - 17 Kas\u0131m 2020<\/li><li><a href=\"https:\/\/spark-faucet.com\/tr\/urun\/kaiping-design-brass-basin-mixer-bathroom-faucet\/\">Kaiping tasar\u0131m pirin\u00e7 lavabo bataryas\u0131 banyo muslu\u011fu<\/a> - 17 Kas\u0131m 2020<\/li><li><a href=\"https:\/\/spark-faucet.com\/tr\/urun\/spark-original-design-brass-rose-gold-basin-mixer-bathroom-taps\/\">Spark \u00f6zg\u00fcn tasar\u0131m pirin\u00e7 g\u00fcl alt\u0131n lavabo bataryas\u0131 banyo bataryalar\u0131<\/a> - 17 Haziran 2020<\/li><li><a href=\"https:\/\/spark-faucet.com\/tr\/urun\/spark-sanitary-ware-hot-cold-clack-copper-water-taps\/\">Spark Vitrifiye s\u0131cak so\u011fuk klape bak\u0131r su musluklar\u0131<\/a> - 17 Haziran 2020<\/li><li><a href=\"https:\/\/spark-faucet.com\/tr\/urun\/spark-sanitary-ware-hot-cold-gold-copper-water-taps\/\">Spark Vitrifiye s\u0131cak so\u011fuk alt\u0131n bak\u0131r su musluklar\u0131<\/a> - 17 Haziran 2020<\/li><li><a href=\"https:\/\/spark-faucet.com\/tr\/urun\/luxury-design-high-end-copper-gold-bathroom-faucet\/\">L\u00fcks tasar\u0131m y\u00fcksek son bak\u0131r alt\u0131n banyo bataryas\u0131<\/a> - 17 Haziran 2020<\/li><li><a href=\"https:\/\/spark-faucet.com\/tr\/urun\/new-arrival-copper-matte-black-taps-bathroom\/\">Yeni Var\u0131\u015f bak\u0131r mat siyah musluklar banyo<\/a> - 17 Haziran 2020<\/li><li><a href=\"https:\/\/spark-faucet.com\/tr\/urun\/new-arrival-black-color-round-brass-basin-faucets-bathroom\/\">Yeni Var\u0131\u015f siyah renk yuvarlak pirin\u00e7 lavabo bataryalar\u0131 banyo<\/a> - 16 Haziran 2020<\/li><li><a href=\"https:\/\/spark-faucet.com\/tr\/urun\/new-arrival-copper-rose-gold-bathroom-basin-taps\/\">Yeni Var\u0131\u015f bak\u0131r g\u00fcl alt\u0131n banyo lavabo bataryalar\u0131<\/a> - 16 Haziran 2020<\/li><li><a href=\"https:\/\/spark-faucet.com\/tr\/urun\/professional-manufacture-brass-mixers-for-bathrooms\/\">Banyolar i\u00e7in profesyonel \u00fcretim pirin\u00e7 mikserler<\/a> - 13 May\u0131s 2020<\/li><li><a href=\"https:\/\/spark-faucet.com\/tr\/urun\/new-design-square-basin-mixer-brass-matte-black-bathroom-faucets\/\">Yeni tasar\u0131m kare lavabo bataryas\u0131 pirin\u00e7 mat siyah banyo bataryalar\u0131<\/a> - 13 May\u0131s 2020<\/li><li><a href=\"https:\/\/spark-faucet.com\/tr\/urun\/spark-original-design-bathroom-brass-brush-gold-basin-faucets\/\">Spark \u00f6zg\u00fcn tasar\u0131m banyo pirin\u00e7 f\u0131r\u00e7a alt\u0131n lavabo bataryalar\u0131<\/a> - 13 May\u0131s 2020<\/li><li><a href=\"https:\/\/spark-faucet.com\/tr\/urun\/luxury-design-golden-brass-bathroom-gold-basin-faucet\/\">L\u00fcks tasar\u0131m alt\u0131n pirin\u00e7 banyo alt\u0131n lavabo bataryas\u0131<\/a> - 14 Nisan 2020<\/li><\/ul><\/div><div class=\"sp-wrap-cat\"><h3 class=\"sp-cat-name\"><a href=\"https:\/\/spark-faucet.com\/tr\/products\/kitchen-faucet\/\">Mutfak Bataryas\u0131<\/a><\/h3><ul class=\"sp-list-posts\"><li><a href=\"https:\/\/spark-faucet.com\/tr\/urun\/luxury-design-single-lever-pull-out-sprayer-faucet-for-kitchen-sink\/\">Mutfak lavabosu i\u00e7in l\u00fcks tasar\u0131m tek kollu \u00e7ekme p\u00fcsk\u00fcrt\u00fcc\u00fc musluk<\/a> - 17 Haziran 2020<\/li><li><a href=\"https:\/\/spark-faucet.com\/tr\/urun\/luxury-design-brass-gold-faucet-kitchen\/\">L\u00fcks tasar\u0131m pirin\u00e7 alt\u0131n musluk mutfak<\/a> - 17 Haziran 2020<\/li><\/ul><\/div><\/div><\/div><\/div>","protected":false},"excerpt":{"rendered":"","protected":false},"author":1,"featured_media":0,"parent":0,"menu_order":0,"comment_status":"closed","ping_status":"closed","template":"","meta":{"_seopress_robots_primary_cat":"","footnotes":""},"_links":{"self":[{"href":"https:\/\/spark-faucet.com\/tr\/wp-json\/wp\/v2\/pages\/5838"}],"collection":[{"href":"https:\/\/spark-faucet.com\/tr\/wp-json\/wp\/v2\/pages"}],"about":[{"href":"https:\/\/spark-faucet.com\/tr\/wp-json\/wp\/v2\/types\/page"}],"author":[{"embeddable":true,"href":"https:\/\/spark-faucet.com\/tr\/wp-json\/wp\/v2\/users\/1"}],"replies":[{"embeddable":true,"href":"https:\/\/spark-faucet.com\/tr\/wp-json\/wp\/v2\/comments?post=5838"}],"version-history":[{"count":1,"href":"https:\/\/spark-faucet.com\/tr\/wp-json\/wp\/v2\/pages\/5838\/revisions"}],"predecessor-version":[{"id":5840,"href":"https:\/\/spark-faucet.com\/tr\/wp-json\/wp\/v2\/pages\/5838\/revisions\/5840"}],"wp:attachment":[{"href":"https:\/\/spark-faucet.com\/tr\/wp-json\/wp\/v2\/media?parent=5838"}],"curies":[{"name":"wp","href":"https:\/\/api.w.org\/{rel}","templated":true}]}}