{"id":4866,"date":"2020-06-17T02:58:20","date_gmt":"2020-06-17T02:58:20","guid":{"rendered":"http:\/\/spark-faucet.com\/?post_type=product&#038;p=4866"},"modified":"2022-02-25T07:22:38","modified_gmt":"2022-02-25T07:22:38","slug":"luxury-design-brass-bath-free-standing-bathtub-faucet","status":"publish","type":"product","link":"https:\/\/spark-faucet.com\/sv\/produkt\/luxury-design-brass-bath-free-standing-bathtub-faucet\/","title":{"rendered":"Lyxig design m\u00e4ssing bad frist\u00e5ende badkarskran"},"content":{"rendered":"<p><img fetchpriority=\"high\" decoding=\"async\" class=\"size-full wp-image-4871 aligncenter\" src=\"http:\/\/spark-faucet.com\/wp-content\/uploads\/2020\/06\/2-16801.png\" alt=\"\" width=\"750\" height=\"700\" srcset=\"https:\/\/spark-faucet.com\/wp-content\/uploads\/2020\/06\/2-16801.png 750w, https:\/\/spark-faucet.com\/wp-content\/uploads\/2020\/06\/2-16801-300x280.png 300w, https:\/\/spark-faucet.com\/wp-content\/uploads\/2020\/06\/2-16801-600x560.png 600w\" sizes=\"(max-width: 750px) 100vw, 750px\" \/><\/p>\n<table class=\"aligncenter\" style=\"border-collapse: collapse; width: 750px; border: solid 1px #e6e3e3; background-color: #ffffff; margin-left: auto; margin-right: auto;\" border=\"1\">\n<tbody>\n<tr style=\"height: 30px;\">\n<td style=\"width: 300px; border: 1px solid #e6e3e3; height: 30px; text-align: left;\" valign=\"center\"><span style=\"color: #000000;\"><strong>Material<\/strong><\/span><\/td>\n<td style=\"width: 700px; border: 1px solid #e6e3e3; height: 30px;\" valign=\"center\"><span style=\"color: #000000;\">Huvuddel i m\u00e4ssing och handtag i zinklegering<\/span><\/td>\n<\/tr>\n<tr style=\"height: 30px;\">\n<td style=\"width: 300px; border: 1px solid #e6e3e3; height: 30px; text-align: left;\" valign=\"center\"><span style=\"color: #000000;\"><strong>M\u00e4ssing Inneh\u00e5ll<\/strong><\/span><\/td>\n<td style=\"width: 700px; border: 1px solid #e6e3e3; height: 30px;\" valign=\"center\"><span style=\"color: #000000;\">\u226559%<\/span><\/td>\n<\/tr>\n<tr style=\"height: 30px;\">\n<td style=\"width: 300px; border: 1px solid #e6e3e3; height: 30px; text-align: left;\" valign=\"center\"><span style=\"color: #000000;\"><strong>Patron<\/strong><\/span><\/td>\n<td style=\"width: 700px; border: 1px solid #e6e3e3; height: 30px;\" valign=\"center\"><span style=\"color: #000000;\">KCG, Sedal, Kerox, Yizhan<\/span><\/td>\n<\/tr>\n<tr style=\"height: 30px;\">\n<td style=\"width: 300px; border: 1px solid #e6e3e3; height: 30px; text-align: left;\" valign=\"center\"><span style=\"color: #000000;\"><strong>Patronens livsl\u00e4ngd<\/strong><\/span><\/td>\n<td style=\"width: 700px; border: 1px solid #e6e3e3; height: 30px;\" valign=\"center\"><span style=\"color: #000000;\">500.000 g\u00e5nger \u00f6ppen och st\u00e4ngd<\/span><\/td>\n<\/tr>\n<tr style=\"height: 30px;\">\n<td style=\"width: 300px; border: 1px solid #e6e3e3; height: 30px; text-align: left;\" valign=\"center\"><span style=\"color: #000000;\"><strong>Luftare<\/strong><\/span><\/td>\n<td style=\"width: 700px; border: 1px solid #e6e3e3; height: 30px;\" valign=\"center\"><span style=\"color: #000000;\">Neoperl<\/span><\/td>\n<\/tr>\n<tr style=\"height: 30px;\">\n<td style=\"width: 300px; border: 1px solid #e6e3e3; height: 30px; text-align: left;\" valign=\"center\"><span style=\"color: #000000;\"><strong>Flexibel slang<\/strong><\/span><\/td>\n<td style=\"width: 700px; border: 1px solid #e6e3e3; height: 30px;\" valign=\"center\"><span style=\"color: #000000;\">304 Rostfritt st\u00e5l med tjock EPDM innerslang<\/span><\/td>\n<\/tr>\n<tr style=\"height: 30px;\">\n<td style=\"width: 300px; border: 1px solid #e6e3e3; height: 30px; text-align: left;\" valign=\"center\"><span style=\"color: #000000;\"><strong>Garanti<\/strong><\/span><\/td>\n<td style=\"width: 700px; border: 1px solid #e6e3e3; height: 30px;\" valign=\"center\"><span style=\"color: #000000;\">6 \u00e5r begr\u00e4nsad<\/span><\/td>\n<\/tr>\n<tr style=\"height: 30px;\">\n<td style=\"width: 300px; border: 1px solid #e6e3e3; height: 30px; text-align: left;\" valign=\"center\"><span style=\"color: #000000;\"><strong>Saltspraytest<\/strong><\/span><\/td>\n<td style=\"width: 700px; border: 1px solid #e6e3e3; height: 30px;\" valign=\"center\"><span style=\"color: #000000;\">24 timmar<\/span><\/td>\n<\/tr>\n<tr style=\"height: 30px;\">\n<td style=\"width: 300px; border: 1px solid #e6e3e3; height: 30px; text-align: left;\" valign=\"center\"><span style=\"color: #000000;\"><strong>Tryckprovning av vatten<\/strong><\/span><\/td>\n<td style=\"width: 700px; border: 1px solid #e6e3e3; height: 30px;\" valign=\"center\"><span style=\"color: #000000;\">1,6 Mpa<\/span><\/td>\n<\/tr>\n<tr style=\"height: 30px;\">\n<td style=\"width: 300px; border: 1px solid #e6e3e3; height: 30px; text-align: left;\" valign=\"center\"><span style=\"color: #000000;\"><strong>Testning av lufttryck<\/strong><\/span><\/td>\n<td style=\"width: 700px; border: 1px solid #e6e3e3; height: 30px;\" valign=\"center\"><span style=\"color: #000000;\">0,6 Mpa<\/span><\/td>\n<\/tr>\n<tr style=\"height: 30px;\">\n<td style=\"width: 300px; border: 1px solid #e6e3e3; height: 30px; text-align: left;\" valign=\"center\"><span style=\"color: #000000;\"><strong>Vattenfl\u00f6de<\/strong><\/span><\/td>\n<td style=\"width: 700px; border: 1px solid #e6e3e3; height: 30px;\" valign=\"center\"><span style=\"color: #000000;\">\u226512L\/min<\/span><\/td>\n<\/tr>\n<\/tbody>\n<\/table>\n<p style=\"text-align: center;\"><span style=\"font-size: 14px;\"><img decoding=\"async\" class=\"fr-fic fr-dib\" src=\"https:\/\/fs.cantonfair.org.cn\/be0d119c-8f39-41c8-a163-e7377c2f348a.png\" \/><\/span><\/p>\n<p style=\"text-align: center;\"><img decoding=\"async\" class=\"alignnone size-full wp-image-4753\" src=\"http:\/\/spark-faucet.com\/wp-content\/uploads\/2020\/06\/3-COLOR.png\" alt=\"\" width=\"750\" height=\"400\" srcset=\"https:\/\/spark-faucet.com\/wp-content\/uploads\/2020\/06\/3-COLOR.png 750w, https:\/\/spark-faucet.com\/wp-content\/uploads\/2020\/06\/3-COLOR-300x160.png 300w, https:\/\/spark-faucet.com\/wp-content\/uploads\/2020\/06\/3-COLOR-600x320.png 600w\" sizes=\"(max-width: 750px) 100vw, 750px\" \/><\/p>","protected":false},"excerpt":{"rendered":"<p>Massivitet och soliditet med fullmetallstrukturer h\u00e5ller sval och lugn designstil \uff0c din dagliga p\u00e5minnelse om att alltid skina lite ljusare!<\/p>\n<ul>\n<li>Serie: King-serien<\/li>\n<li>Modell:  16801<\/li>\n<li>Tv\u00e4ttst\u00e4llsblandare med ett grepp<\/li>\n<li>M\u00e4ssing kran kropp<\/li>\n<li>Keramisk patron:  KCG, Sedal, Kerox, Yizhan<\/li>\n<li>Kran Certifiering:<\/li>\n<\/ul>","protected":false},"featured_media":4887,"template":"","meta":{"_seopress_robots_primary_cat":"none"},"product_cat":[25],"product_tag":[71,70,68,69],"_links":{"self":[{"href":"https:\/\/spark-faucet.com\/sv\/wp-json\/wp\/v2\/product\/4866"}],"collection":[{"href":"https:\/\/spark-faucet.com\/sv\/wp-json\/wp\/v2\/product"}],"about":[{"href":"https:\/\/spark-faucet.com\/sv\/wp-json\/wp\/v2\/types\/product"}],"wp:featuredmedia":[{"embeddable":true,"href":"https:\/\/spark-faucet.com\/sv\/wp-json\/wp\/v2\/media\/4887"}],"wp:attachment":[{"href":"https:\/\/spark-faucet.com\/sv\/wp-json\/wp\/v2\/media?parent=4866"}],"wp:term":[{"taxonomy":"product_cat","embeddable":true,"href":"https:\/\/spark-faucet.com\/sv\/wp-json\/wp\/v2\/product_cat?post=4866"},{"taxonomy":"product_tag","embeddable":true,"href":"https:\/\/spark-faucet.com\/sv\/wp-json\/wp\/v2\/product_tag?post=4866"}],"curies":[{"name":"wp","href":"https:\/\/api.w.org\/{rel}","templated":true}]}}