{"id":5838,"date":"2020-11-23T06:51:09","date_gmt":"2020-11-23T06:51:09","guid":{"rendered":"http:\/\/spark-faucet.com\/?page_id=5838"},"modified":"2020-11-23T06:51:10","modified_gmt":"2020-11-23T06:51:10","slug":"sitemap","status":"publish","type":"page","link":"https:\/\/spark-faucet.com\/sv\/sitemap\/","title":{"rendered":"Sitemap"},"content":{"rendered":"<div class=\"wrap-html-sitemap sp-html-sitemap\"><div class=\"sp-wrap-cpt\"><h2 class=\"sp-cpt-name\">Sidor<\/h2><ul class=\"sp-list-posts sp-cpt-hierarchical\"><li class=\"page_item page-item-5838\"><a href=\"https:\/\/spark-faucet.com\/sv\/sitemap\/\">Sitemap<\/a><\/li><li class=\"page_item page-item-5236\"><a href=\"https:\/\/spark-faucet.com\/sv\/videos\/\">VIDEOS<\/a><\/li><li class=\"page_item page-item-3684 current_page_parent\"><a href=\"https:\/\/spark-faucet.com\/sv\/blog\/\">Blogg<\/a><\/li><li class=\"page_item page-item-3043\"><a href=\"https:\/\/spark-faucet.com\/sv\/certificates\/\">Certifikat<\/a><\/li><li class=\"page_item page-item-3004\"><a href=\"https:\/\/spark-faucet.com\/sv\/quality-management\/\">Kvalitetsledning<\/a><\/li><li class=\"page_item page-item-2472\"><a href=\"https:\/\/spark-faucet.com\/sv\/thank-you\/\">Tack s\u00e5 mycket<\/a><\/li><li class=\"page_item page-item-2371\"><a href=\"https:\/\/spark-faucet.com\/sv\/product\/\">Produkt<\/a><\/li><li class=\"page_item page-item-1928\"><a href=\"https:\/\/spark-faucet.com\/sv\/not-important\/\">Inte viktigt<\/a><\/li><li class=\"page_item page-item-1922\"><a href=\"https:\/\/spark-faucet.com\/sv\/privacy-policy\/\">Integritetspolicy<\/a><\/li><li class=\"page_item page-item-1902\"><a href=\"https:\/\/spark-faucet.com\/sv\/contact\/\">Kontakt<\/a><\/li><li class=\"page_item page-item-1896\"><a href=\"https:\/\/spark-faucet.com\/sv\/about-spark\/\">Om Spark<\/a><\/li><li class=\"page_item page-item-1884\"><a href=\"https:\/\/spark-faucet.com\/sv\/\">Hem<\/a><\/li><\/ul><\/div><div class=\"sp-wrap-cpt\"><h2 class=\"sp-cpt-name\">Inl\u00e4gg<\/h2><div class=\"sp-wrap-cats\"><div class=\"sp-wrap-cat\"><h3 class=\"sp-cat-name\"><a href=\"https:\/\/spark-faucet.com\/sv\/category\/all\/\">Alla<\/a><\/h3><ul class=\"sp-list-posts\"><li><a href=\"https:\/\/spark-faucet.com\/sv\/top-8-ceramic-faucet-cartridge-manufacturers-in-china\/\">Topp 8 tillverkare av keramiska kranpatroner i Kina<\/a> - 2 januari 2024<\/li><li><a href=\"https:\/\/spark-faucet.com\/sv\/top-7-ceramic-faucet-cartridge-manufacturers-in-europe-an-insiders-guide\/\">Topp 7 tillverkare av keramiska kranpatroner i Europa: En insiders guide<\/a> - 22 december 2023<\/li><li><a href=\"https:\/\/spark-faucet.com\/sv\/unlocking-the-future-of-faucet-manufacturing-pvd-technologys-advantages\/\">Framtiden f\u00f6r tillverkning av kranar: PVD-teknikens f\u00f6rdelar<\/a> - 4 november 2023<\/li><li><a href=\"https:\/\/spark-faucet.com\/sv\/finding-a-reliable-china-faucet-manufacturer-a-complete-guide\/\">Hitta en p\u00e5litlig tillverkare av kranar i Kina: En komplett guide<\/a> - 4 november 2023<\/li><li><a href=\"https:\/\/spark-faucet.com\/sv\/the-difference-between-oem-and-odm-faucet-manufacturers\/\">Skillnaden mellan OEM- och ODM-krantillverkare<\/a> - 20 september 2023<\/li><li><a href=\"https:\/\/spark-faucet.com\/sv\/the-difference-between-stainless-steel-faucets-and-copper-faucets\/\">Skillnaden mellan kranar i rostfritt st\u00e5l och kopparkranar.<\/a> - 4 mars 2023<\/li><li><a href=\"https:\/\/spark-faucet.com\/sv\/inventory-of-mergers-and-acquisitions-in-the-bathroom-industry-in-the-first-half-of-2022\/\">Inventering av fusioner och f\u00f6rv\u00e4rv inom badrumsindustrin under f\u00f6rsta halv\u00e5ret 2022<\/a> - 27 juli 2022<\/li><li><a href=\"https:\/\/spark-faucet.com\/sv\/watermark-tapware-manufacturer-in-china\/\">Tillverkare av vattenkranar fr\u00e5n Watermark: Ett kinesiskt partnerskap f\u00f6r \u00f6verl\u00e4gsen kvalitet<\/a> - 3 januari 2022<\/li><li><a href=\"https:\/\/spark-faucet.com\/sv\/rcep-will-change-your-purchasing-zero-tariff-cooperation\/\">RCEP kommer att f\u00f6r\u00e4ndra dina ink\u00f6p - Nolltariffsamarbete<\/a> - 17 november 2020<\/li><li><a href=\"https:\/\/spark-faucet.com\/sv\/how-to-wholesale-faucet-from-china\/\">Hur grossist kran fr\u00e5n Kina?<\/a> - 29 oktober 2020<\/li><li><a href=\"https:\/\/spark-faucet.com\/sv\/faucet-manufacturing-process\/\">Tillverkningsprocess f\u00f6r kranar: Fr\u00e5n m\u00e4ssingsst\u00e4nger till kranar<\/a> - 10 oktober 2020<\/li><li><a href=\"https:\/\/spark-faucet.com\/sv\/china-faucet-manufacturers\/\">Tillverkare av kranar i Kina: Unveiling kvalitet, design och skala<\/a> - 24 augusti 2020<\/li><li><a href=\"https:\/\/spark-faucet.com\/sv\/how-to-check-the-quality-of-faucet\/\">Hur kontrollerar man kranens kvalitet?<\/a> - 19 maj 2020<\/li><li><a href=\"https:\/\/spark-faucet.com\/sv\/how-do-spark-control-the-quality-of-faucet\/\">Hur kontrollerar SPARK kvaliteten p\u00e5 kranen?<\/a> - 19 maj 2020<\/li><\/ul><\/div><\/div><\/div><div class=\"sp-wrap-cpt\"><h2 class=\"sp-cpt-name\">Produkter<\/h2><div class=\"sp-wrap-cats\"><div class=\"sp-wrap-cat\"><h3 class=\"sp-cat-name\"><a href=\"https:\/\/spark-faucet.com\/sv\/products\/bath-shower-faucet\/\">Kran f\u00f6r badkar och dusch<\/a><\/h3><ul class=\"sp-list-posts\"><li><a href=\"https:\/\/spark-faucet.com\/sv\/produkt\/luxury-design-gold-hot-cold-waterfall-shower-set\/\">Duschset med varmt och kallt vattenfall i guld med lyxig design<\/a> - 6 december 2023<\/li><li><a href=\"https:\/\/spark-faucet.com\/sv\/produkt\/spark-original-design-bath-brush-gold-freestanding-faucet\/\">Spark original design badborste guld frist\u00e5ende kran<\/a> - 17 juni 2020<\/li><li><a href=\"https:\/\/spark-faucet.com\/sv\/produkt\/spark-original-design-surface-mounted-shower-column\/\">Spark original design ytmonterad duschkolonn<\/a> - 17 juni 2020<\/li><li><a href=\"https:\/\/spark-faucet.com\/sv\/produkt\/luxury-design-brass-bath-free-standing-bathtub-faucet\/\">Lyxig design m\u00e4ssing bad frist\u00e5ende badkarskran<\/a> - 17 juni 2020<\/li><li><a href=\"https:\/\/spark-faucet.com\/sv\/produkt\/luxury-design-bathroom-brass-rain-concealed-shower-set\/\">Lyxig design badrum m\u00e4ssing regn dold dusch set<\/a> - 17 juni 2020<\/li><li><a href=\"https:\/\/spark-faucet.com\/sv\/produkt\/luxury-design-gold-hot-cold-water-shower-set\/\">Duschset f\u00f6r varmt och kallt vatten i guld med lyxig design<\/a> - 17 juni 2020<\/li><\/ul><\/div><div class=\"sp-wrap-cat\"><h3 class=\"sp-cat-name\"><a href=\"https:\/\/spark-faucet.com\/sv\/products\/bathroom-accessories\/\">Badrumstillbeh\u00f6r<\/a><\/h3><ul class=\"sp-list-posts\"><li><a href=\"https:\/\/spark-faucet.com\/sv\/produkt\/kaiping-manufacturer-brass-bathroom-accessories\/\">Kaiping tillverkare m\u00e4ssing badrumstillbeh\u00f6r<\/a> - 17 november 2020<\/li><\/ul><\/div><div class=\"sp-wrap-cat\"><h3 class=\"sp-cat-name\"><a href=\"https:\/\/spark-faucet.com\/sv\/products\/bathroom-faucet\/\">Blandare f\u00f6r badrum<\/a><\/h3><ul class=\"sp-list-posts\"><li><a href=\"https:\/\/spark-faucet.com\/sv\/produkt\/australian-standard-bathroom-taps-watermark-faucet\/\">Australian Standard badrumsblandare Watermark-blandare<\/a> - 17 november 2020<\/li><li><a href=\"https:\/\/spark-faucet.com\/sv\/produkt\/australian-standard-taps-watermark-bathroom-tapware\/\">Kranar av australisk standard Watermark badrumsblandare<\/a> - 17 november 2020<\/li><li><a href=\"https:\/\/spark-faucet.com\/sv\/produkt\/luxury-black-bathroom-faucets-torneira-banheiro\/\">Lyxiga svarta badrumskranar torneira banheiro<\/a> - 17 november 2020<\/li><li><a href=\"https:\/\/spark-faucet.com\/sv\/produkt\/kaiping-design-brass-basin-mixer-bathroom-faucet\/\">Kaiping design m\u00e4ssing tv\u00e4ttst\u00e4llsblandare badrumsblandare<\/a> - 17 november 2020<\/li><li><a href=\"https:\/\/spark-faucet.com\/sv\/produkt\/spark-original-design-brass-rose-gold-basin-mixer-bathroom-taps\/\">Spark original design m\u00e4ssing ros\u00e9guld tv\u00e4ttst\u00e4llsblandare badrumskranar<\/a> - 17 juni 2020<\/li><li><a href=\"https:\/\/spark-faucet.com\/sv\/produkt\/spark-sanitary-ware-hot-cold-clack-copper-water-taps\/\">Spark Sanitetsartiklar varm kall clack koppar vattenkranar<\/a> - 17 juni 2020<\/li><li><a href=\"https:\/\/spark-faucet.com\/sv\/produkt\/spark-sanitary-ware-hot-cold-gold-copper-water-taps\/\">Spark Sanitary Ware varm kall guld koppar vattenkranar<\/a> - 17 juni 2020<\/li><li><a href=\"https:\/\/spark-faucet.com\/sv\/produkt\/luxury-design-high-end-copper-gold-bathroom-faucet\/\">Lyxig design high end koppar guld badrumsblandare<\/a> - 17 juni 2020<\/li><li><a href=\"https:\/\/spark-faucet.com\/sv\/produkt\/new-arrival-copper-matte-black-taps-bathroom\/\">Ny ankomst koppar matt svart kranar badrum<\/a> - 17 juni 2020<\/li><li><a href=\"https:\/\/spark-faucet.com\/sv\/produkt\/new-arrival-black-color-round-brass-basin-faucets-bathroom\/\">Ny ankomst svart f\u00e4rg runda m\u00e4ssing handfat kranar badrum<\/a> - 16 juni 2020<\/li><li><a href=\"https:\/\/spark-faucet.com\/sv\/produkt\/new-arrival-copper-rose-gold-bathroom-basin-taps\/\">Ny ankomst koppar ros\u00e9guld tv\u00e4ttst\u00e4llskranar f\u00f6r badrum<\/a> - 16 juni 2020<\/li><li><a href=\"https:\/\/spark-faucet.com\/sv\/produkt\/professional-manufacture-brass-mixers-for-bathrooms\/\">Professionell tillverkning av m\u00e4ssingsblandare f\u00f6r badrum<\/a> - 13 maj 2020<\/li><li><a href=\"https:\/\/spark-faucet.com\/sv\/produkt\/new-design-square-basin-mixer-brass-matte-black-bathroom-faucets\/\">Ny design fyrkantig tv\u00e4ttst\u00e4llsblandare m\u00e4ssing matt svart badrumsblandare<\/a> - 13 maj 2020<\/li><li><a href=\"https:\/\/spark-faucet.com\/sv\/produkt\/spark-original-design-bathroom-brass-brush-gold-basin-faucets\/\">Spark original design badrum m\u00e4ssing borste guld handfat kranar<\/a> - 13 maj 2020<\/li><li><a href=\"https:\/\/spark-faucet.com\/sv\/produkt\/luxury-design-golden-brass-bathroom-gold-basin-faucet\/\">Lyxig design gyllene m\u00e4ssing badrum guld handfat kran<\/a> - 14 april 2020<\/li><\/ul><\/div><div class=\"sp-wrap-cat\"><h3 class=\"sp-cat-name\"><a href=\"https:\/\/spark-faucet.com\/sv\/products\/kitchen-faucet\/\">K\u00f6ksblandare<\/a><\/h3><ul class=\"sp-list-posts\"><li><a href=\"https:\/\/spark-faucet.com\/sv\/produkt\/luxury-design-single-lever-pull-out-sprayer-faucet-for-kitchen-sink\/\">Lyxig design ettgrepps utdragbar sprutkran f\u00f6r k\u00f6kshandfat<\/a> - 17 juni 2020<\/li><li><a href=\"https:\/\/spark-faucet.com\/sv\/produkt\/luxury-design-brass-gold-faucet-kitchen\/\">Lyxig design m\u00e4ssing guld kran k\u00f6k<\/a> - 17 juni 2020<\/li><\/ul><\/div><\/div><\/div><\/div>","protected":false},"excerpt":{"rendered":"","protected":false},"author":1,"featured_media":0,"parent":0,"menu_order":0,"comment_status":"closed","ping_status":"closed","template":"","meta":{"_seopress_robots_primary_cat":"","footnotes":""},"_links":{"self":[{"href":"https:\/\/spark-faucet.com\/sv\/wp-json\/wp\/v2\/pages\/5838"}],"collection":[{"href":"https:\/\/spark-faucet.com\/sv\/wp-json\/wp\/v2\/pages"}],"about":[{"href":"https:\/\/spark-faucet.com\/sv\/wp-json\/wp\/v2\/types\/page"}],"author":[{"embeddable":true,"href":"https:\/\/spark-faucet.com\/sv\/wp-json\/wp\/v2\/users\/1"}],"replies":[{"embeddable":true,"href":"https:\/\/spark-faucet.com\/sv\/wp-json\/wp\/v2\/comments?post=5838"}],"version-history":[{"count":1,"href":"https:\/\/spark-faucet.com\/sv\/wp-json\/wp\/v2\/pages\/5838\/revisions"}],"predecessor-version":[{"id":5840,"href":"https:\/\/spark-faucet.com\/sv\/wp-json\/wp\/v2\/pages\/5838\/revisions\/5840"}],"wp:attachment":[{"href":"https:\/\/spark-faucet.com\/sv\/wp-json\/wp\/v2\/media?parent=5838"}],"curies":[{"name":"wp","href":"https:\/\/api.w.org\/{rel}","templated":true}]}}