{"id":4934,"date":"2020-06-17T03:35:15","date_gmt":"2020-06-17T03:35:15","guid":{"rendered":"http:\/\/spark-faucet.com\/?post_type=product&#038;p=4934"},"modified":"2022-02-25T07:20:02","modified_gmt":"2022-02-25T07:20:02","slug":"spark-sanitary-ware-hot-cold-clack-copper-water-taps","status":"publish","type":"product","link":"https:\/\/spark-faucet.com\/sk\/produkt\/spark-sanitary-ware-hot-cold-clack-copper-water-taps\/","title":{"rendered":"Spark Sanit\u00e1rna keramika hor\u00faca studen\u00e1 klapka meden\u00e9 vodovodn\u00e9 koh\u00fatiky"},"content":{"rendered":"<p><img fetchpriority=\"high\" decoding=\"async\" class=\"size-full wp-image-4938 aligncenter\" src=\"http:\/\/spark-faucet.com\/wp-content\/uploads\/2020\/06\/2-ST-102.png\" alt=\"\" width=\"750\" height=\"820\" srcset=\"https:\/\/spark-faucet.com\/wp-content\/uploads\/2020\/06\/2-ST-102.png 750w, https:\/\/spark-faucet.com\/wp-content\/uploads\/2020\/06\/2-ST-102-274x300.png 274w, https:\/\/spark-faucet.com\/wp-content\/uploads\/2020\/06\/2-ST-102-600x656.png 600w\" sizes=\"(max-width: 750px) 100vw, 750px\" \/><\/p>\n<table class=\"aligncenter\" style=\"border-collapse: collapse; width: 750px; border: solid 1px #e6e3e3; background-color: #ffffff; margin-left: auto; margin-right: auto;\" border=\"1\">\n<tbody>\n<tr style=\"height: 30px;\">\n<td style=\"width: 300px; border: 1px solid #e6e3e3; height: 30px; text-align: left;\" valign=\"center\"><span style=\"color: #000000;\"><strong>Materi\u00e1l<\/strong><\/span><\/td>\n<td style=\"width: 700px; border: 1px solid #e6e3e3; height: 30px;\" valign=\"center\"><span style=\"color: #000000;\">Hlavn\u00e9 telo z mosadze a rukov\u00e4\u0165 zo zinkovej zliatiny<\/span><\/td>\n<\/tr>\n<tr style=\"height: 30px;\">\n<td style=\"width: 300px; border: 1px solid #e6e3e3; height: 30px; text-align: left;\" valign=\"center\"><span style=\"color: #000000;\"><strong>Obsah mosadze<\/strong><\/span><\/td>\n<td style=\"width: 700px; border: 1px solid #e6e3e3; height: 30px;\" valign=\"center\"><span style=\"color: #000000;\">\u226559%<\/span><\/td>\n<\/tr>\n<tr style=\"height: 30px;\">\n<td style=\"width: 300px; border: 1px solid #e6e3e3; height: 30px; text-align: left;\" valign=\"center\"><span style=\"color: #000000;\"><strong>Kazeta<\/strong><\/span><\/td>\n<td style=\"width: 700px; border: 1px solid #e6e3e3; height: 30px;\" valign=\"center\"><span style=\"color: #000000;\">KCG, Sedal, Kerpx, Yizhan<\/span><\/td>\n<\/tr>\n<tr style=\"height: 30px;\">\n<td style=\"width: 300px; border: 1px solid #e6e3e3; height: 30px; text-align: left;\" valign=\"center\"><span style=\"color: #000000;\"><strong>\u017divotnos\u0165 kazety<\/strong><\/span><\/td>\n<td style=\"width: 700px; border: 1px solid #e6e3e3; height: 30px;\" valign=\"center\"><span style=\"color: #000000;\">500 000-kr\u00e1t otvori\u0165 a zatvori\u0165<\/span><\/td>\n<\/tr>\n<tr style=\"height: 30px;\">\n<td style=\"width: 300px; border: 1px solid #e6e3e3; height: 30px; text-align: left;\" valign=\"center\"><span style=\"color: #000000;\"><strong>Prevzdu\u0161\u0148ova\u010d<\/strong><\/span><\/td>\n<td style=\"width: 700px; border: 1px solid #e6e3e3; height: 30px;\" valign=\"center\"><span style=\"color: #000000;\">Neoperl<\/span><\/td>\n<\/tr>\n<tr style=\"height: 30px;\">\n<td style=\"width: 300px; border: 1px solid #e6e3e3; height: 30px; text-align: left;\" valign=\"center\"><span style=\"color: #000000;\"><strong>Flexibiln\u00e1 hadica<\/strong><\/span><\/td>\n<td style=\"width: 700px; border: 1px solid #e6e3e3; height: 30px;\" valign=\"center\"><span style=\"color: #000000;\">304 Nerezov\u00e1 oce\u013e s hrubou vn\u00fatornou hadicou EPDM<\/span><\/td>\n<\/tr>\n<tr style=\"height: 30px;\">\n<td style=\"width: 300px; border: 1px solid #e6e3e3; height: 30px; text-align: left;\" valign=\"center\"><span style=\"color: #000000;\"><strong>Z\u00e1ruka<\/strong><\/span><\/td>\n<td style=\"width: 700px; border: 1px solid #e6e3e3; height: 30px;\" valign=\"center\"><span style=\"color: #000000;\">6 rokov s obmedzenou platnos\u0165ou<\/span><\/td>\n<\/tr>\n<tr style=\"height: 30px;\">\n<td style=\"width: 300px; border: 1px solid #e6e3e3; height: 30px; text-align: left;\" valign=\"center\"><span style=\"color: #000000;\"><strong>Sk\u00fa\u0161ka so\u013en\u00fdm postrekom<\/strong><\/span><\/td>\n<td style=\"width: 700px; border: 1px solid #e6e3e3; height: 30px;\" valign=\"center\"><span style=\"color: #000000;\">24 hod\u00edn<\/span><\/td>\n<\/tr>\n<tr style=\"height: 30px;\">\n<td style=\"width: 300px; border: 1px solid #e6e3e3; height: 30px; text-align: left;\" valign=\"center\"><span style=\"color: #000000;\"><strong>Sk\u00fa\u0161ka tlaku vody<\/strong><\/span><\/td>\n<td style=\"width: 700px; border: 1px solid #e6e3e3; height: 30px;\" valign=\"center\"><span style=\"color: #000000;\">1,6 Mpa<\/span><\/td>\n<\/tr>\n<tr style=\"height: 30px;\">\n<td style=\"width: 300px; border: 1px solid #e6e3e3; height: 30px; text-align: left;\" valign=\"center\"><span style=\"color: #000000;\"><strong>Testovanie tlaku vzduchu<\/strong><\/span><\/td>\n<td style=\"width: 700px; border: 1px solid #e6e3e3; height: 30px;\" valign=\"center\"><span style=\"color: #000000;\">0,6 Mpa<\/span><\/td>\n<\/tr>\n<tr style=\"height: 30px;\">\n<td style=\"width: 300px; border: 1px solid #e6e3e3; height: 30px; text-align: left;\" valign=\"center\"><span style=\"color: #000000;\"><strong>Prietok vody<\/strong><\/span><\/td>\n<td style=\"width: 700px; border: 1px solid #e6e3e3; height: 30px;\" valign=\"center\"><span style=\"color: #000000;\">\u2265 12 l\/min<\/span><\/td>\n<\/tr>\n<\/tbody>\n<\/table>\n<p style=\"text-align: center;\"><span style=\"font-size: 14px;\"><img decoding=\"async\" class=\"fr-fic fr-dib\" src=\"https:\/\/fs.cantonfair.org.cn\/be0d119c-8f39-41c8-a163-e7377c2f348a.png\" \/><\/span><\/p>\n<p style=\"text-align: center;\"><img decoding=\"async\" class=\"alignnone size-full wp-image-4753\" src=\"http:\/\/spark-faucet.com\/wp-content\/uploads\/2020\/06\/3-COLOR.png\" alt=\"\" width=\"750\" height=\"400\" srcset=\"https:\/\/spark-faucet.com\/wp-content\/uploads\/2020\/06\/3-COLOR.png 750w, https:\/\/spark-faucet.com\/wp-content\/uploads\/2020\/06\/3-COLOR-300x160.png 300w, https:\/\/spark-faucet.com\/wp-content\/uploads\/2020\/06\/3-COLOR-600x320.png 600w\" sizes=\"(max-width: 750px) 100vw, 750px\" \/><\/p>","protected":false},"excerpt":{"rendered":"<p>Mas\u00edvnos\u0165 a pevnos\u0165 s pln\u00fdmi kovov\u00fdmi text\u00farami zachov\u00e1vaj\u00fa chladn\u00fd a pokojn\u00fd dizajnov\u00fd \u0161t\u00fdl - va\u0161a ka\u017edodenn\u00e1 pripomienka, aby ste v\u017edy \u017eiarili o nie\u010do jasnej\u0161ie!<\/p>\n<ul>\n<li>S\u00e9ria: S\u00e9ria Zuich<\/li>\n<li>Model:  ST-102<\/li>\n<li>Jednop\u00e1kov\u00e1 um\u00fdvadlov\u00e1 bat\u00e9ria<\/li>\n<li>Mosadzn\u00e9 telo bat\u00e9rie<\/li>\n<li>Keramick\u00e1 kazeta:  KCG, Sedal, Kerox, Yizhan<\/li>\n<li>Certifik\u00e1cia bat\u00e9rie:<\/li>\n<\/ul>","protected":false},"featured_media":4940,"template":"","meta":{"_seopress_robots_primary_cat":"none"},"product_cat":[23],"product_tag":[30,29,28],"_links":{"self":[{"href":"https:\/\/spark-faucet.com\/sk\/wp-json\/wp\/v2\/product\/4934"}],"collection":[{"href":"https:\/\/spark-faucet.com\/sk\/wp-json\/wp\/v2\/product"}],"about":[{"href":"https:\/\/spark-faucet.com\/sk\/wp-json\/wp\/v2\/types\/product"}],"wp:featuredmedia":[{"embeddable":true,"href":"https:\/\/spark-faucet.com\/sk\/wp-json\/wp\/v2\/media\/4940"}],"wp:attachment":[{"href":"https:\/\/spark-faucet.com\/sk\/wp-json\/wp\/v2\/media?parent=4934"}],"wp:term":[{"taxonomy":"product_cat","embeddable":true,"href":"https:\/\/spark-faucet.com\/sk\/wp-json\/wp\/v2\/product_cat?post=4934"},{"taxonomy":"product_tag","embeddable":true,"href":"https:\/\/spark-faucet.com\/sk\/wp-json\/wp\/v2\/product_tag?post=4934"}],"curies":[{"name":"wp","href":"https:\/\/api.w.org\/{rel}","templated":true}]}}