{"id":5838,"date":"2020-11-23T06:51:09","date_gmt":"2020-11-23T06:51:09","guid":{"rendered":"http:\/\/spark-faucet.com\/?page_id=5838"},"modified":"2020-11-23T06:51:10","modified_gmt":"2020-11-23T06:51:10","slug":"sitemap","status":"publish","type":"page","link":"https:\/\/spark-faucet.com\/sk\/sitemap\/","title":{"rendered":"Mapa str\u00e1nok"},"content":{"rendered":"<div class=\"wrap-html-sitemap sp-html-sitemap\"><div class=\"sp-wrap-cpt\"><h2 class=\"sp-cpt-name\">Str\u00e1nky<\/h2><ul class=\"sp-list-posts sp-cpt-hierarchical\"><li class=\"page_item page-item-5838\"><a href=\"https:\/\/spark-faucet.com\/sk\/sitemap\/\">Mapa str\u00e1nok<\/a><\/li><li class=\"page_item page-item-5236\"><a href=\"https:\/\/spark-faucet.com\/sk\/videos\/\">VIDE\u00c1<\/a><\/li><li class=\"page_item page-item-3684 current_page_parent\"><a href=\"https:\/\/spark-faucet.com\/sk\/blog\/\">Blog<\/a><\/li><li class=\"page_item page-item-3043\"><a href=\"https:\/\/spark-faucet.com\/sk\/certificates\/\">Certifik\u00e1ty<\/a><\/li><li class=\"page_item page-item-3004\"><a href=\"https:\/\/spark-faucet.com\/sk\/quality-management\/\">Riadenie kvality<\/a><\/li><li class=\"page_item page-item-2472\"><a href=\"https:\/\/spark-faucet.com\/sk\/thank-you\/\">\u010eakujeme<\/a><\/li><li class=\"page_item page-item-2371\"><a href=\"https:\/\/spark-faucet.com\/sk\/product\/\">Produkt<\/a><\/li><li class=\"page_item page-item-1928\"><a href=\"https:\/\/spark-faucet.com\/sk\/not-important\/\">Nie je d\u00f4le\u017eit\u00e9<\/a><\/li><li class=\"page_item page-item-1922\"><a href=\"https:\/\/spark-faucet.com\/sk\/privacy-policy\/\">Z\u00e1sady ochrany osobn\u00fdch \u00fadajov<\/a><\/li><li class=\"page_item page-item-1902\"><a href=\"https:\/\/spark-faucet.com\/sk\/contact\/\">Kontakt<\/a><\/li><li class=\"page_item page-item-1896\"><a href=\"https:\/\/spark-faucet.com\/sk\/about-spark\/\">O spolo\u010dnosti Spark<\/a><\/li><li class=\"page_item page-item-1884\"><a href=\"https:\/\/spark-faucet.com\/sk\/\">Domov<\/a><\/li><\/ul><\/div><div class=\"sp-wrap-cpt\"><h2 class=\"sp-cpt-name\">\u010cl\u00e1nky<\/h2><div class=\"sp-wrap-cats\"><div class=\"sp-wrap-cat\"><h3 class=\"sp-cat-name\"><a href=\"https:\/\/spark-faucet.com\/sk\/category\/all\/\">V\u0161etky<\/a><\/h3><ul class=\"sp-list-posts\"><li><a href=\"https:\/\/spark-faucet.com\/sk\/top-8-ceramic-faucet-cartridge-manufacturers-in-china\/\">Top 8 v\u00fdrobcov keramick\u00fdch kaziet do bat\u00e9ri\u00ed v \u010c\u00edne<\/a> - 2. janu\u00e1ra 2024<\/li><li><a href=\"https:\/\/spark-faucet.com\/sk\/top-7-ceramic-faucet-cartridge-manufacturers-in-europe-an-insiders-guide\/\">7 najlep\u0161\u00edch v\u00fdrobcov keramick\u00fdch kaziet na vodovodn\u00e9 bat\u00e9rie v Eur\u00f3pe: Sprievodca pre zasv\u00e4ten\u00fdch<\/a> - 22. decembra 2023<\/li><li><a href=\"https:\/\/spark-faucet.com\/sk\/unlocking-the-future-of-faucet-manufacturing-pvd-technologys-advantages\/\">Odhalenie bud\u00facnosti v\u00fdroby vodovodn\u00fdch bat\u00e9ri\u00ed: V\u00fdhody PVD technol\u00f3gie<\/a> - 4 novembra 2023<\/li><li><a href=\"https:\/\/spark-faucet.com\/sk\/finding-a-reliable-china-faucet-manufacturer-a-complete-guide\/\">N\u00e1jdenie spo\u013eahliv\u00fdch v\u00fdrobcov bat\u00e9ri\u00ed v \u010c\u00edne: Kompletn\u00fd sprievodca<\/a> - 4 novembra 2023<\/li><li><a href=\"https:\/\/spark-faucet.com\/sk\/the-difference-between-oem-and-odm-faucet-manufacturers\/\">Rozdiel medzi v\u00fdrobcami bat\u00e9ri\u00ed OEM a ODM<\/a> - 20. septembra 2023<\/li><li><a href=\"https:\/\/spark-faucet.com\/sk\/the-difference-between-stainless-steel-faucets-and-copper-faucets\/\">Rozdiel medzi bat\u00e9riami z nehrdzavej\u00facej ocele a meden\u00fdmi bat\u00e9riami.<\/a> - 4 marca 2023<\/li><li><a href=\"https:\/\/spark-faucet.com\/sk\/inventory-of-mergers-and-acquisitions-in-the-bathroom-industry-in-the-first-half-of-2022\/\">S\u00fapis f\u00fazi\u00ed a akviz\u00edci\u00ed v k\u00fape\u013e\u0148ovom priemysle v prvej polovici roka 2022<\/a> - 27 j\u00fala 2022<\/li><li><a href=\"https:\/\/spark-faucet.com\/sk\/watermark-tapware-manufacturer-in-china\/\">Vodoznak Tapware V\u00fdrobca: \u010c\u00ednske partnerstvo pre najvy\u0161\u0161iu kvalitu<\/a> - 3 janu\u00e1ra 2022<\/li><li><a href=\"https:\/\/spark-faucet.com\/sk\/rcep-will-change-your-purchasing-zero-tariff-cooperation\/\">RCEP zmen\u00ed va\u0161e n\u00e1kupy - spolupr\u00e1ca s nulovou tarifou<\/a> - 17 novembra 2020<\/li><li><a href=\"https:\/\/spark-faucet.com\/sk\/how-to-wholesale-faucet-from-china\/\">Ako na ve\u013ekoobchodn\u00e9 bat\u00e9rie z \u010c\u00edny?<\/a> - 29 okt\u00f3bra 2020<\/li><li><a href=\"https:\/\/spark-faucet.com\/sk\/faucet-manufacturing-process\/\">Proces v\u00fdroby bat\u00e9ri\u00ed: Z mosadzn\u00fdch ty\u010d\u00ed na bat\u00e9rie<\/a> - 10 okt\u00f3bra 2020<\/li><li><a href=\"https:\/\/spark-faucet.com\/sk\/china-faucet-manufacturers\/\">V\u00fdrobca bat\u00e9ri\u00ed v \u010c\u00edne: Odhalenie kvality, dizajnu a rozsahu<\/a> - 24. augusta 2020<\/li><li><a href=\"https:\/\/spark-faucet.com\/sk\/how-to-check-the-quality-of-faucet\/\">Ako skontrolova\u0165 kvalitu bat\u00e9rie?<\/a> - 19 m\u00e1ja 2020<\/li><li><a href=\"https:\/\/spark-faucet.com\/sk\/how-do-spark-control-the-quality-of-faucet\/\">Ako SPARK kontroluje kvalitu bat\u00e9rie?<\/a> - 19 m\u00e1ja 2020<\/li><\/ul><\/div><\/div><\/div><div class=\"sp-wrap-cpt\"><h2 class=\"sp-cpt-name\">Produkty<\/h2><div class=\"sp-wrap-cats\"><div class=\"sp-wrap-cat\"><h3 class=\"sp-cat-name\"><a href=\"https:\/\/spark-faucet.com\/sk\/products\/bath-shower-faucet\/\">K\u00fape\u013e\u0148ov\u00e1 a sprchov\u00e1 bat\u00e9ria<\/a><\/h3><ul class=\"sp-list-posts\"><li><a href=\"https:\/\/spark-faucet.com\/sk\/produkt\/luxury-design-gold-hot-cold-waterfall-shower-set\/\">Luxusn\u00fd dizajn zlatej sprchovej s\u00fapravy s hor\u00facim a studen\u00fdm vodop\u00e1dom<\/a> - 6. decembra 2023<\/li><li><a href=\"https:\/\/spark-faucet.com\/sk\/produkt\/spark-original-design-bath-brush-gold-freestanding-faucet\/\">Spark origin\u00e1lny dizajn kefa do vane zlat\u00e1 vo\u013ene stojaca bat\u00e9ria<\/a> - 17 j\u00fana 2020<\/li><li><a href=\"https:\/\/spark-faucet.com\/sk\/produkt\/spark-original-design-surface-mounted-shower-column\/\">Spark origin\u00e1lny dizajn sprchov\u00fd st\u013ap s povrchovou mont\u00e1\u017eou<\/a> - 17 j\u00fana 2020<\/li><li><a href=\"https:\/\/spark-faucet.com\/sk\/produkt\/luxury-design-brass-bath-free-standing-bathtub-faucet\/\">Luxusn\u00fd dizajn mosadznej vane vo\u013ene stojacej va\u0148ovej bat\u00e9rie<\/a> - 17 j\u00fana 2020<\/li><li><a href=\"https:\/\/spark-faucet.com\/sk\/produkt\/luxury-design-bathroom-brass-rain-concealed-shower-set\/\">Luxusn\u00fd dizajn k\u00fape\u013ene mosadzn\u00fd d\u00e1\u017e\u010f skryt\u00fd sprchov\u00fd set<\/a> - 17 j\u00fana 2020<\/li><li><a href=\"https:\/\/spark-faucet.com\/sk\/produkt\/luxury-design-gold-hot-cold-water-shower-set\/\">Luxusn\u00e1 dizajnov\u00e1 zlat\u00e1 sprchov\u00e1 s\u00faprava s teplou a studenou vodou<\/a> - 17 j\u00fana 2020<\/li><\/ul><\/div><div class=\"sp-wrap-cat\"><h3 class=\"sp-cat-name\"><a href=\"https:\/\/spark-faucet.com\/sk\/products\/bathroom-accessories\/\">K\u00fape\u013e\u0148ov\u00e9 pr\u00edslu\u0161enstvo<\/a><\/h3><ul class=\"sp-list-posts\"><li><a href=\"https:\/\/spark-faucet.com\/sk\/produkt\/kaiping-manufacturer-brass-bathroom-accessories\/\">Kaiping v\u00fdrobca mosadzn\u00fdch k\u00fape\u013e\u0148ov\u00fdch doplnkov<\/a> - 17 novembra 2020<\/li><\/ul><\/div><div class=\"sp-wrap-cat\"><h3 class=\"sp-cat-name\"><a href=\"https:\/\/spark-faucet.com\/sk\/products\/bathroom-faucet\/\">K\u00fape\u013e\u0148ov\u00e1 bat\u00e9ria<\/a><\/h3><ul class=\"sp-list-posts\"><li><a href=\"https:\/\/spark-faucet.com\/sk\/produkt\/australian-standard-bathroom-taps-watermark-faucet\/\">K\u00fape\u013e\u0148ov\u00e9 bat\u00e9rie Australian Standard Watermark<\/a> - 17 novembra 2020<\/li><li><a href=\"https:\/\/spark-faucet.com\/sk\/produkt\/australian-standard-taps-watermark-bathroom-tapware\/\">K\u00fape\u013e\u0148ov\u00e9 vodovodn\u00e9 bat\u00e9rie Australian Standard Watermark<\/a> - 17 novembra 2020<\/li><li><a href=\"https:\/\/spark-faucet.com\/sk\/produkt\/luxury-black-bathroom-faucets-torneira-banheiro\/\">Luxusn\u00e9 \u010dierne k\u00fape\u013e\u0148ov\u00e9 bat\u00e9rie torneira banheiro<\/a> - 17 novembra 2020<\/li><li><a href=\"https:\/\/spark-faucet.com\/sk\/produkt\/kaiping-design-brass-basin-mixer-bathroom-faucet\/\">Kaiping dizajn mosadzn\u00e1 um\u00fdvadlov\u00e1 bat\u00e9ria k\u00fape\u013e\u0148ov\u00e1 bat\u00e9ria<\/a> - 17 novembra 2020<\/li><li><a href=\"https:\/\/spark-faucet.com\/sk\/produkt\/spark-original-design-brass-rose-gold-basin-mixer-bathroom-taps\/\">Spark origin\u00e1lny dizajn mosadzn\u00e9 ru\u017eov\u00e9 zlato um\u00fdvadlov\u00e9 bat\u00e9rie k\u00fape\u013e\u0148ov\u00e9 bat\u00e9rie<\/a> - 17 j\u00fana 2020<\/li><li><a href=\"https:\/\/spark-faucet.com\/sk\/produkt\/spark-sanitary-ware-hot-cold-clack-copper-water-taps\/\">Spark Sanit\u00e1rna keramika hor\u00faca studen\u00e1 klapka meden\u00e9 vodovodn\u00e9 koh\u00fatiky<\/a> - 17 j\u00fana 2020<\/li><li><a href=\"https:\/\/spark-faucet.com\/sk\/produkt\/spark-sanitary-ware-hot-cold-gold-copper-water-taps\/\">Spark Sanit\u00e1rna keramika hor\u00faca studen\u00e1 zlat\u00e1 meden\u00e1 vodovodn\u00e1 bat\u00e9ria<\/a> - 17 j\u00fana 2020<\/li><li><a href=\"https:\/\/spark-faucet.com\/sk\/produkt\/luxury-design-high-end-copper-gold-bathroom-faucet\/\">Luxusn\u00fd dizajn \u0161pi\u010dkovej medenej zlatej k\u00fape\u013e\u0148ovej bat\u00e9rie<\/a> - 17 j\u00fana 2020<\/li><li><a href=\"https:\/\/spark-faucet.com\/sk\/produkt\/new-arrival-copper-matte-black-taps-bathroom\/\">Nov\u00fd pr\u00edchod meden\u00e9 matn\u00e9 \u010dierne koh\u00fatiky do k\u00fape\u013ene<\/a> - 17 j\u00fana 2020<\/li><li><a href=\"https:\/\/spark-faucet.com\/sk\/produkt\/new-arrival-black-color-round-brass-basin-faucets-bathroom\/\">Nov\u00fd pr\u00edchod \u010diernej farby okr\u00fahle mosadzn\u00e9 um\u00fdvadlov\u00e9 bat\u00e9rie k\u00fape\u013e\u0148a<\/a> - 16 j\u00fana 2020<\/li><li><a href=\"https:\/\/spark-faucet.com\/sk\/produkt\/new-arrival-copper-rose-gold-bathroom-basin-taps\/\">Nov\u00fd pr\u00edchod meden\u00e9 zlat\u00e9 k\u00fape\u013e\u0148ov\u00e9 koh\u00fatiky<\/a> - 16 j\u00fana 2020<\/li><li><a href=\"https:\/\/spark-faucet.com\/sk\/produkt\/professional-manufacture-brass-mixers-for-bathrooms\/\">Profesion\u00e1lna v\u00fdroba mosadzn\u00fdch bat\u00e9ri\u00ed do k\u00fape\u013en\u00ed<\/a> - 13 m\u00e1ja 2020<\/li><li><a href=\"https:\/\/spark-faucet.com\/sk\/produkt\/new-design-square-basin-mixer-brass-matte-black-bathroom-faucets\/\">Nov\u00fd dizajn \u0161tvorcov\u00fdch um\u00fdvadlov\u00fdch bat\u00e9ri\u00ed mosadz matn\u00e1 \u010dierna k\u00fape\u013e\u0148ov\u00e1 bat\u00e9ria<\/a> - 13 m\u00e1ja 2020<\/li><li><a href=\"https:\/\/spark-faucet.com\/sk\/produkt\/spark-original-design-bathroom-brass-brush-gold-basin-faucets\/\">Spark origin\u00e1lny dizajn k\u00fape\u013ene mosadzn\u00e9 kefky zlat\u00e9 um\u00fdvadlov\u00e9 bat\u00e9rie<\/a> - 13 m\u00e1ja 2020<\/li><li><a href=\"https:\/\/spark-faucet.com\/sk\/produkt\/luxury-design-golden-brass-bathroom-gold-basin-faucet\/\">Luxusn\u00fd dizajn zlatej mosadze k\u00fape\u013e\u0148a zlat\u00e1 um\u00fdvadlov\u00e1 bat\u00e9ria<\/a> - 14 apr\u00edla 2020<\/li><\/ul><\/div><div class=\"sp-wrap-cat\"><h3 class=\"sp-cat-name\"><a href=\"https:\/\/spark-faucet.com\/sk\/products\/kitchen-faucet\/\">Kuchynsk\u00e1 bat\u00e9ria<\/a><\/h3><ul class=\"sp-list-posts\"><li><a href=\"https:\/\/spark-faucet.com\/sk\/produkt\/luxury-design-single-lever-pull-out-sprayer-faucet-for-kitchen-sink\/\">Luxusn\u00fd dizajn jednop\u00e1kovej vy\u0165ahovacej rozpra\u0161ovacej bat\u00e9rie pre kuchynsk\u00fd drez<\/a> - 17 j\u00fana 2020<\/li><li><a href=\"https:\/\/spark-faucet.com\/sk\/produkt\/luxury-design-brass-gold-faucet-kitchen\/\">Luxusn\u00fd dizajn mosadznej zlatej bat\u00e9rie v kuchyni<\/a> - 17 j\u00fana 2020<\/li><\/ul><\/div><\/div><\/div><\/div>","protected":false},"excerpt":{"rendered":"","protected":false},"author":1,"featured_media":0,"parent":0,"menu_order":0,"comment_status":"closed","ping_status":"closed","template":"","meta":{"_seopress_robots_primary_cat":"","footnotes":""},"_links":{"self":[{"href":"https:\/\/spark-faucet.com\/sk\/wp-json\/wp\/v2\/pages\/5838"}],"collection":[{"href":"https:\/\/spark-faucet.com\/sk\/wp-json\/wp\/v2\/pages"}],"about":[{"href":"https:\/\/spark-faucet.com\/sk\/wp-json\/wp\/v2\/types\/page"}],"author":[{"embeddable":true,"href":"https:\/\/spark-faucet.com\/sk\/wp-json\/wp\/v2\/users\/1"}],"replies":[{"embeddable":true,"href":"https:\/\/spark-faucet.com\/sk\/wp-json\/wp\/v2\/comments?post=5838"}],"version-history":[{"count":1,"href":"https:\/\/spark-faucet.com\/sk\/wp-json\/wp\/v2\/pages\/5838\/revisions"}],"predecessor-version":[{"id":5840,"href":"https:\/\/spark-faucet.com\/sk\/wp-json\/wp\/v2\/pages\/5838\/revisions\/5840"}],"wp:attachment":[{"href":"https:\/\/spark-faucet.com\/sk\/wp-json\/wp\/v2\/media?parent=5838"}],"curies":[{"name":"wp","href":"https:\/\/api.w.org\/{rel}","templated":true}]}}