{"id":4908,"date":"2020-06-17T03:17:07","date_gmt":"2020-06-17T03:17:07","guid":{"rendered":"http:\/\/spark-faucet.com\/?post_type=product&#038;p=4908"},"modified":"2022-02-25T07:19:26","modified_gmt":"2022-02-25T07:19:26","slug":"spark-original-design-bath-brush-gold-freestanding-faucet","status":"publish","type":"product","link":"https:\/\/spark-faucet.com\/pt\/produto\/spark-original-design-bath-brush-gold-freestanding-faucet\/","title":{"rendered":"Torneira independente de ouro com escova de banho de design original Spark"},"content":{"rendered":"<p><img fetchpriority=\"high\" decoding=\"async\" class=\"size-full wp-image-4875 aligncenter\" src=\"http:\/\/spark-faucet.com\/wp-content\/uploads\/2020\/06\/2-19801.png\" alt=\"\" width=\"750\" height=\"700\" srcset=\"https:\/\/spark-faucet.com\/wp-content\/uploads\/2020\/06\/2-19801.png 750w, https:\/\/spark-faucet.com\/wp-content\/uploads\/2020\/06\/2-19801-300x280.png 300w, https:\/\/spark-faucet.com\/wp-content\/uploads\/2020\/06\/2-19801-600x560.png 600w\" sizes=\"(max-width: 750px) 100vw, 750px\" \/><\/p>\n<table class=\"aligncenter\" style=\"border-collapse: collapse; width: 750px; border: solid 1px #e6e3e3; background-color: #ffffff; margin-left: auto; margin-right: auto;\" border=\"1\">\n<tbody>\n<tr style=\"height: 30px;\">\n<td style=\"width: 300px; border: 1px solid #e6e3e3; height: 30px; text-align: left;\" valign=\"center\"><span style=\"color: #000000;\"><strong>Material<\/strong><\/span><\/td>\n<td style=\"width: 700px; border: 1px solid #e6e3e3; height: 30px;\" valign=\"center\"><span style=\"color: #000000;\">Corpo principal em lat\u00e3o e pega em liga de zinco<\/span><\/td>\n<\/tr>\n<tr style=\"height: 30px;\">\n<td style=\"width: 300px; border: 1px solid #e6e3e3; height: 30px; text-align: left;\" valign=\"center\"><span style=\"color: #000000;\"><strong>Conte\u00fado de lat\u00e3o<\/strong><\/span><\/td>\n<td style=\"width: 700px; border: 1px solid #e6e3e3; height: 30px;\" valign=\"center\"><span style=\"color: #000000;\">\u226559%<\/span><\/td>\n<\/tr>\n<tr style=\"height: 30px;\">\n<td style=\"width: 300px; border: 1px solid #e6e3e3; height: 30px; text-align: left;\" valign=\"center\"><span style=\"color: #000000;\"><strong>Cartucho<\/strong><\/span><\/td>\n<td style=\"width: 700px; border: 1px solid #e6e3e3; height: 30px;\" valign=\"center\"><span style=\"color: #000000;\">KCG, Sedal, Kerox, Yizhan<\/span><\/td>\n<\/tr>\n<tr style=\"height: 30px;\">\n<td style=\"width: 300px; border: 1px solid #e6e3e3; height: 30px; text-align: left;\" valign=\"center\"><span style=\"color: #000000;\"><strong>Vida \u00fatil do cartucho<\/strong><\/span><\/td>\n<td style=\"width: 700px; border: 1px solid #e6e3e3; height: 30px;\" valign=\"center\"><span style=\"color: #000000;\">500.000 vezes abrir e fechar<\/span><\/td>\n<\/tr>\n<tr style=\"height: 30px;\">\n<td style=\"width: 300px; border: 1px solid #e6e3e3; height: 30px; text-align: left;\" valign=\"center\"><span style=\"color: #000000;\"><strong>Aerador<\/strong><\/span><\/td>\n<td style=\"width: 700px; border: 1px solid #e6e3e3; height: 30px;\" valign=\"center\"><span style=\"color: #000000;\">Neoperl<\/span><\/td>\n<\/tr>\n<tr style=\"height: 30px;\">\n<td style=\"width: 300px; border: 1px solid #e6e3e3; height: 30px; text-align: left;\" valign=\"center\"><span style=\"color: #000000;\"><strong>Mangueira flex\u00edvel<\/strong><\/span><\/td>\n<td style=\"width: 700px; border: 1px solid #e6e3e3; height: 30px;\" valign=\"center\"><span style=\"color: #000000;\">A\u00e7o inoxid\u00e1vel 304 com mangueira interior de EPDM espessa<\/span><\/td>\n<\/tr>\n<tr style=\"height: 30px;\">\n<td style=\"width: 300px; border: 1px solid #e6e3e3; height: 30px; text-align: left;\" valign=\"center\"><span style=\"color: #000000;\"><strong>Garantia<\/strong><\/span><\/td>\n<td style=\"width: 700px; border: 1px solid #e6e3e3; height: 30px;\" valign=\"center\"><span style=\"color: #000000;\">6 Anos Limitado<\/span><\/td>\n<\/tr>\n<tr style=\"height: 30px;\">\n<td style=\"width: 300px; border: 1px solid #e6e3e3; height: 30px; text-align: left;\" valign=\"center\"><span style=\"color: #000000;\"><strong>Ensaio de n\u00e9voa salina<\/strong><\/span><\/td>\n<td style=\"width: 700px; border: 1px solid #e6e3e3; height: 30px;\" valign=\"center\"><span style=\"color: #000000;\">24 horas<\/span><\/td>\n<\/tr>\n<tr style=\"height: 30px;\">\n<td style=\"width: 300px; border: 1px solid #e6e3e3; height: 30px; text-align: left;\" valign=\"center\"><span style=\"color: #000000;\"><strong>Teste de press\u00e3o da \u00e1gua<\/strong><\/span><\/td>\n<td style=\"width: 700px; border: 1px solid #e6e3e3; height: 30px;\" valign=\"center\"><span style=\"color: #000000;\">1,6 Mpa<\/span><\/td>\n<\/tr>\n<tr style=\"height: 30px;\">\n<td style=\"width: 300px; border: 1px solid #e6e3e3; height: 30px; text-align: left;\" valign=\"center\"><span style=\"color: #000000;\"><strong>Teste de press\u00e3o de ar<\/strong><\/span><\/td>\n<td style=\"width: 700px; border: 1px solid #e6e3e3; height: 30px;\" valign=\"center\"><span style=\"color: #000000;\">0,6 Mpa<\/span><\/td>\n<\/tr>\n<tr style=\"height: 30px;\">\n<td style=\"width: 300px; border: 1px solid #e6e3e3; height: 30px; text-align: left;\" valign=\"center\"><span style=\"color: #000000;\"><strong>Fluxo de \u00e1gua<\/strong><\/span><\/td>\n<td style=\"width: 700px; border: 1px solid #e6e3e3; height: 30px;\" valign=\"center\"><span style=\"color: #000000;\">\u226512L\/min<\/span><\/td>\n<\/tr>\n<\/tbody>\n<\/table>\n<p style=\"text-align: center;\"><span style=\"font-size: 14px;\"><img decoding=\"async\" class=\"fr-fic fr-dib\" src=\"https:\/\/fs.cantonfair.org.cn\/be0d119c-8f39-41c8-a163-e7377c2f348a.png\" \/><\/span><\/p>\n<p style=\"text-align: center;\"><img decoding=\"async\" class=\"alignnone size-full wp-image-4753\" src=\"http:\/\/spark-faucet.com\/wp-content\/uploads\/2020\/06\/3-COLOR.png\" alt=\"\" width=\"750\" height=\"400\" srcset=\"https:\/\/spark-faucet.com\/wp-content\/uploads\/2020\/06\/3-COLOR.png 750w, https:\/\/spark-faucet.com\/wp-content\/uploads\/2020\/06\/3-COLOR-300x160.png 300w, https:\/\/spark-faucet.com\/wp-content\/uploads\/2020\/06\/3-COLOR-600x320.png 600w\" sizes=\"(max-width: 750px) 100vw, 750px\" \/><\/p>","protected":false},"excerpt":{"rendered":"<p>A solidez e a solidez das texturas met\u00e1licas mant\u00eam um estilo de design fresco e calmo, o seu lembrete di\u00e1rio para brilhar sempre um pouco mais!<\/p>\n<ul>\n<li>S\u00e9rie: S\u00e9rie Teana<\/li>\n<li>Modelo:  19601<\/li>\n<li>Torneira de lavat\u00f3rio de uma alavanca<\/li>\n<li>Corpo da torneira em lat\u00e3o<\/li>\n<li>Cartucho de cer\u00e2mica:  KCG, Sedal, Kerox, Yizhan<\/li>\n<li>Certifica\u00e7\u00e3o da torneira:<\/li>\n<\/ul>","protected":false},"featured_media":4915,"template":"","meta":{"_seopress_robots_primary_cat":"none"},"product_cat":[25],"product_tag":[71,70,68,69],"_links":{"self":[{"href":"https:\/\/spark-faucet.com\/pt\/wp-json\/wp\/v2\/product\/4908"}],"collection":[{"href":"https:\/\/spark-faucet.com\/pt\/wp-json\/wp\/v2\/product"}],"about":[{"href":"https:\/\/spark-faucet.com\/pt\/wp-json\/wp\/v2\/types\/product"}],"wp:featuredmedia":[{"embeddable":true,"href":"https:\/\/spark-faucet.com\/pt\/wp-json\/wp\/v2\/media\/4915"}],"wp:attachment":[{"href":"https:\/\/spark-faucet.com\/pt\/wp-json\/wp\/v2\/media?parent=4908"}],"wp:term":[{"taxonomy":"product_cat","embeddable":true,"href":"https:\/\/spark-faucet.com\/pt\/wp-json\/wp\/v2\/product_cat?post=4908"},{"taxonomy":"product_tag","embeddable":true,"href":"https:\/\/spark-faucet.com\/pt\/wp-json\/wp\/v2\/product_tag?post=4908"}],"curies":[{"name":"wp","href":"https:\/\/api.w.org\/{rel}","templated":true}]}}