{"id":5838,"date":"2020-11-23T06:51:09","date_gmt":"2020-11-23T06:51:09","guid":{"rendered":"http:\/\/spark-faucet.com\/?page_id=5838"},"modified":"2020-11-23T06:51:10","modified_gmt":"2020-11-23T06:51:10","slug":"sitemap","status":"publish","type":"page","link":"https:\/\/spark-faucet.com\/pt\/sitemap\/","title":{"rendered":"Mapa do s\u00edtio"},"content":{"rendered":"<div class=\"wrap-html-sitemap sp-html-sitemap\"><div class=\"sp-wrap-cpt\"><h2 class=\"sp-cpt-name\">P\u00e1ginas<\/h2><ul class=\"sp-list-posts sp-cpt-hierarchical\"><li class=\"page_item page-item-5838\"><a href=\"https:\/\/spark-faucet.com\/pt\/sitemap\/\">Mapa do s\u00edtio<\/a><\/li><li class=\"page_item page-item-5236\"><a href=\"https:\/\/spark-faucet.com\/pt\/videos\/\">V\u00cdDEOS<\/a><\/li><li class=\"page_item page-item-3684 current_page_parent\"><a href=\"https:\/\/spark-faucet.com\/pt\/blog\/\">Blogue<\/a><\/li><li class=\"page_item page-item-3043\"><a href=\"https:\/\/spark-faucet.com\/pt\/certificates\/\">Certificados<\/a><\/li><li class=\"page_item page-item-3004\"><a href=\"https:\/\/spark-faucet.com\/pt\/quality-management\/\">Gest\u00e3o da qualidade<\/a><\/li><li class=\"page_item page-item-2472\"><a href=\"https:\/\/spark-faucet.com\/pt\/thank-you\/\">Obrigado<\/a><\/li><li class=\"page_item page-item-2371\"><a href=\"https:\/\/spark-faucet.com\/pt\/product\/\">Produto<\/a><\/li><li class=\"page_item page-item-1928\"><a href=\"https:\/\/spark-faucet.com\/pt\/not-important\/\">N\u00e3o \u00e9 importante<\/a><\/li><li class=\"page_item page-item-1922\"><a href=\"https:\/\/spark-faucet.com\/pt\/privacy-policy\/\">Pol\u00edtica de privacidade<\/a><\/li><li class=\"page_item page-item-1902\"><a href=\"https:\/\/spark-faucet.com\/pt\/contact\/\">Contacto<\/a><\/li><li class=\"page_item page-item-1896\"><a href=\"https:\/\/spark-faucet.com\/pt\/about-spark\/\">Sobre o Spark<\/a><\/li><li class=\"page_item page-item-1884\"><a href=\"https:\/\/spark-faucet.com\/pt\/\">In\u00edcio<\/a><\/li><\/ul><\/div><div class=\"sp-wrap-cpt\"><h2 class=\"sp-cpt-name\">Artigos<\/h2><div class=\"sp-wrap-cats\"><div class=\"sp-wrap-cat\"><h3 class=\"sp-cat-name\"><a href=\"https:\/\/spark-faucet.com\/pt\/category\/all\/\">Todos<\/a><\/h3><ul class=\"sp-list-posts\"><li><a href=\"https:\/\/spark-faucet.com\/pt\/top-8-ceramic-faucet-cartridge-manufacturers-in-china\/\">Os 8 principais fabricantes de cartuchos para torneiras de cer\u00e2mica na China<\/a> - 2 de janeiro de 2024<\/li><li><a href=\"https:\/\/spark-faucet.com\/pt\/top-7-ceramic-faucet-cartridge-manufacturers-in-europe-an-insiders-guide\/\">Os 7 principais fabricantes de cartuchos para torneiras de cer\u00e2mica na Europa: Um guia para iniciados<\/a> - 22 de dezembro de 2023<\/li><li><a href=\"https:\/\/spark-faucet.com\/pt\/unlocking-the-future-of-faucet-manufacturing-pvd-technologys-advantages\/\">Desbloquear o futuro do fabrico de torneiras: Vantagens da tecnologia PVD<\/a> - 4 de novembro de 2023<\/li><li><a href=\"https:\/\/spark-faucet.com\/pt\/finding-a-reliable-china-faucet-manufacturer-a-complete-guide\/\">Encontrar um fabricante de torneiras de confian\u00e7a na China: Um guia completo<\/a> - 4 de novembro de 2023<\/li><li><a href=\"https:\/\/spark-faucet.com\/pt\/the-difference-between-oem-and-odm-faucet-manufacturers\/\">A diferen\u00e7a entre fabricantes de torneiras OEM e ODM<\/a> - 20 de setembro de 2023<\/li><li><a href=\"https:\/\/spark-faucet.com\/pt\/the-difference-between-stainless-steel-faucets-and-copper-faucets\/\">A diferen\u00e7a entre as torneiras de a\u00e7o inoxid\u00e1vel e as torneiras de cobre.<\/a> - 4 de mar\u00e7o de 2023<\/li><li><a href=\"https:\/\/spark-faucet.com\/pt\/inventory-of-mergers-and-acquisitions-in-the-bathroom-industry-in-the-first-half-of-2022\/\">Invent\u00e1rio de fus\u00f5es e aquisi\u00e7\u00f5es no sector da casa de banho no primeiro semestre de 2022<\/a> - 27 julho 2022<\/li><li><a href=\"https:\/\/spark-faucet.com\/pt\/watermark-tapware-manufacturer-in-china\/\">Fabricante de torneiras Watermark: Uma parceria chinesa para uma qualidade superior<\/a> - 3 de janeiro de 2022<\/li><li><a href=\"https:\/\/spark-faucet.com\/pt\/rcep-will-change-your-purchasing-zero-tariff-cooperation\/\">A RCEP vai mudar as suas compras - Coopera\u00e7\u00e3o Zero-Tarif\u00e1ria<\/a> - 17 de novembro de 2020<\/li><li><a href=\"https:\/\/spark-faucet.com\/pt\/how-to-wholesale-faucet-from-china\/\">Como comprar uma torneira por atacado na China?<\/a> - 29 de outubro de 2020<\/li><li><a href=\"https:\/\/spark-faucet.com\/pt\/faucet-manufacturing-process\/\">Processo de fabrico de torneiras: De barras de lat\u00e3o a torneiras<\/a> - 10 de outubro de 2020<\/li><li><a href=\"https:\/\/spark-faucet.com\/pt\/china-faucet-manufacturers\/\">Fabricante de torneiras da China: Revelando qualidade, design e escala<\/a> - 24 agosto 2020<\/li><li><a href=\"https:\/\/spark-faucet.com\/pt\/how-to-check-the-quality-of-faucet\/\">Como verificar a qualidade da torneira?<\/a> - 19 de maio de 2020<\/li><li><a href=\"https:\/\/spark-faucet.com\/pt\/how-do-spark-control-the-quality-of-faucet\/\">Como \u00e9 que a SPARK controla a qualidade da torneira?<\/a> - 19 de maio de 2020<\/li><\/ul><\/div><\/div><\/div><div class=\"sp-wrap-cpt\"><h2 class=\"sp-cpt-name\">Produtos<\/h2><div class=\"sp-wrap-cats\"><div class=\"sp-wrap-cat\"><h3 class=\"sp-cat-name\"><a href=\"https:\/\/spark-faucet.com\/pt\/products\/bath-shower-faucet\/\">Torneira de casa de banho e duche<\/a><\/h3><ul class=\"sp-list-posts\"><li><a href=\"https:\/\/spark-faucet.com\/pt\/produto\/luxury-design-gold-hot-cold-waterfall-shower-set\/\">Conjunto de duche de cascata quente e fria em ouro com design de luxo<\/a> - 6 de dezembro de 2023<\/li><li><a href=\"https:\/\/spark-faucet.com\/pt\/produto\/spark-original-design-bath-brush-gold-freestanding-faucet\/\">Torneira independente de ouro com escova de banho de design original Spark<\/a> - 17 de junho de 2020<\/li><li><a href=\"https:\/\/spark-faucet.com\/pt\/produto\/spark-original-design-surface-mounted-shower-column\/\">Coluna de duche de superf\u00edcie com design original Spark<\/a> - 17 de junho de 2020<\/li><li><a href=\"https:\/\/spark-faucet.com\/pt\/produto\/luxury-design-brass-bath-free-standing-bathtub-faucet\/\">Torneira de banheira de design luxuoso em lat\u00e3o para banheira de p\u00e9 livre<\/a> - 17 de junho de 2020<\/li><li><a href=\"https:\/\/spark-faucet.com\/pt\/produto\/luxury-design-bathroom-brass-rain-concealed-shower-set\/\">Conjunto de duche de chuva oculto em lat\u00e3o para casa de banho com design de luxo<\/a> - 17 de junho de 2020<\/li><li><a href=\"https:\/\/spark-faucet.com\/pt\/produto\/luxury-design-gold-hot-cold-water-shower-set\/\">Conjunto de duche de \u00e1gua quente e fria em ouro com design de luxo<\/a> - 17 de junho de 2020<\/li><\/ul><\/div><div class=\"sp-wrap-cat\"><h3 class=\"sp-cat-name\"><a href=\"https:\/\/spark-faucet.com\/pt\/products\/bathroom-accessories\/\">Acess\u00f3rios de casa de banho<\/a><\/h3><ul class=\"sp-list-posts\"><li><a href=\"https:\/\/spark-faucet.com\/pt\/produto\/kaiping-manufacturer-brass-bathroom-accessories\/\">Fabricante de acess\u00f3rios de lat\u00e3o para casa de banho em Kaiping<\/a> - 17 de novembro de 2020<\/li><\/ul><\/div><div class=\"sp-wrap-cat\"><h3 class=\"sp-cat-name\"><a href=\"https:\/\/spark-faucet.com\/pt\/products\/bathroom-faucet\/\">Torneira de casa de banho<\/a><\/h3><ul class=\"sp-list-posts\"><li><a href=\"https:\/\/spark-faucet.com\/pt\/produto\/australian-standard-bathroom-taps-watermark-faucet\/\">Torneiras de casa de banho de padr\u00e3o australiano Torneira Watermark<\/a> - 17 de novembro de 2020<\/li><li><a href=\"https:\/\/spark-faucet.com\/pt\/produto\/australian-standard-taps-watermark-bathroom-tapware\/\">Torneiras de padr\u00e3o australiano Torneiras de casa de banho Watermark<\/a> - 17 de novembro de 2020<\/li><li><a href=\"https:\/\/spark-faucet.com\/pt\/produto\/luxury-black-bathroom-faucets-torneira-banheiro\/\">Torneiras de casa de banho pretas de luxo torneira banheiro<\/a> - 17 de novembro de 2020<\/li><li><a href=\"https:\/\/spark-faucet.com\/pt\/produto\/kaiping-design-brass-basin-mixer-bathroom-faucet\/\">Torneira de casa de banho com misturador de lavat\u00f3rio em lat\u00e3o de design Kaiping<\/a> - 17 de novembro de 2020<\/li><li><a href=\"https:\/\/spark-faucet.com\/pt\/produto\/spark-original-design-brass-rose-gold-basin-mixer-bathroom-taps\/\">Torneiras de casa de banho com misturadora de lavat\u00f3rio em lat\u00e3o e ouro rosa de design original Spark<\/a> - 17 de junho de 2020<\/li><li><a href=\"https:\/\/spark-faucet.com\/pt\/produto\/spark-sanitary-ware-hot-cold-clack-copper-water-taps\/\">Spark Sanitary Ware torneiras de \u00e1gua de cobre com clack quente e frio<\/a> - 17 de junho de 2020<\/li><li><a href=\"https:\/\/spark-faucet.com\/pt\/produto\/spark-sanitary-ware-hot-cold-gold-copper-water-taps\/\">Torneiras de \u00e1gua de cobre douradas, quentes e frias, Spark Sanitary Ware<\/a> - 17 de junho de 2020<\/li><li><a href=\"https:\/\/spark-faucet.com\/pt\/produto\/luxury-design-high-end-copper-gold-bathroom-faucet\/\">Torneira de casa de banho de cobre dourado de design luxuoso<\/a> - 17 de junho de 2020<\/li><li><a href=\"https:\/\/spark-faucet.com\/pt\/produto\/new-arrival-copper-matte-black-taps-bathroom\/\">Torneiras de casa de banho em cobre preto mate rec\u00e9m-chegadas<\/a> - 17 de junho de 2020<\/li><li><a href=\"https:\/\/spark-faucet.com\/pt\/produto\/new-arrival-black-color-round-brass-basin-faucets-bathroom\/\">Nova chegada torneiras redondas de lat\u00e3o para lavat\u00f3rio de cor preta para casa de banho<\/a> - 16 de junho de 2020<\/li><li><a href=\"https:\/\/spark-faucet.com\/pt\/produto\/new-arrival-copper-rose-gold-bathroom-basin-taps\/\">Nova Chegada torneiras de lavat\u00f3rio de casa de banho em cobre e ouro rosa<\/a> - 16 de junho de 2020<\/li><li><a href=\"https:\/\/spark-faucet.com\/pt\/produto\/professional-manufacture-brass-mixers-for-bathrooms\/\">Misturadores de lat\u00e3o para casas de banho de fabrico profissional<\/a> - 13 de maio de 2020<\/li><li><a href=\"https:\/\/spark-faucet.com\/pt\/produto\/new-design-square-basin-mixer-brass-matte-black-bathroom-faucets\/\">Torneiras de casa de banho em lat\u00e3o preto mate com misturador de lavat\u00f3rio quadrado de novo design<\/a> - 13 de maio de 2020<\/li><li><a href=\"https:\/\/spark-faucet.com\/pt\/produto\/spark-original-design-bathroom-brass-brush-gold-basin-faucets\/\">Torneiras de lavat\u00f3rio em ouro com escova de lat\u00e3o para casa de banho de design original Spark<\/a> - 13 de maio de 2020<\/li><li><a href=\"https:\/\/spark-faucet.com\/pt\/produto\/luxury-design-golden-brass-bathroom-gold-basin-faucet\/\">Torneira de lavat\u00f3rio em lat\u00e3o dourado para casa de banho com design de luxo<\/a> - 14 de abril de 2020<\/li><\/ul><\/div><div class=\"sp-wrap-cat\"><h3 class=\"sp-cat-name\"><a href=\"https:\/\/spark-faucet.com\/pt\/products\/kitchen-faucet\/\">Torneira de cozinha<\/a><\/h3><ul class=\"sp-list-posts\"><li><a href=\"https:\/\/spark-faucet.com\/pt\/produto\/luxury-design-single-lever-pull-out-sprayer-faucet-for-kitchen-sink\/\">Torneira de design luxuoso com pulverizador extra\u00edvel de alavanca \u00fanica para lavat\u00f3rio de cozinha<\/a> - 17 de junho de 2020<\/li><li><a href=\"https:\/\/spark-faucet.com\/pt\/produto\/luxury-design-brass-gold-faucet-kitchen\/\">Torneira de cozinha em lat\u00e3o dourado de design luxuoso<\/a> - 17 de junho de 2020<\/li><\/ul><\/div><\/div><\/div><\/div>","protected":false},"excerpt":{"rendered":"","protected":false},"author":1,"featured_media":0,"parent":0,"menu_order":0,"comment_status":"closed","ping_status":"closed","template":"","meta":{"_seopress_robots_primary_cat":"","footnotes":""},"_links":{"self":[{"href":"https:\/\/spark-faucet.com\/pt\/wp-json\/wp\/v2\/pages\/5838"}],"collection":[{"href":"https:\/\/spark-faucet.com\/pt\/wp-json\/wp\/v2\/pages"}],"about":[{"href":"https:\/\/spark-faucet.com\/pt\/wp-json\/wp\/v2\/types\/page"}],"author":[{"embeddable":true,"href":"https:\/\/spark-faucet.com\/pt\/wp-json\/wp\/v2\/users\/1"}],"replies":[{"embeddable":true,"href":"https:\/\/spark-faucet.com\/pt\/wp-json\/wp\/v2\/comments?post=5838"}],"version-history":[{"count":1,"href":"https:\/\/spark-faucet.com\/pt\/wp-json\/wp\/v2\/pages\/5838\/revisions"}],"predecessor-version":[{"id":5840,"href":"https:\/\/spark-faucet.com\/pt\/wp-json\/wp\/v2\/pages\/5838\/revisions\/5840"}],"wp:attachment":[{"href":"https:\/\/spark-faucet.com\/pt\/wp-json\/wp\/v2\/media?parent=5838"}],"curies":[{"name":"wp","href":"https:\/\/api.w.org\/{rel}","templated":true}]}}