{"id":3384,"date":"2020-05-13T03:35:14","date_gmt":"2020-05-13T03:35:14","guid":{"rendered":"http:\/\/spark-faucet.com\/?post_type=product&#038;p=3384"},"modified":"2022-02-25T07:06:46","modified_gmt":"2022-02-25T07:06:46","slug":"new-design-square-basin-mixer-brass-matte-black-bathroom-faucets","status":"publish","type":"product","link":"https:\/\/spark-faucet.com\/pl\/produkt\/new-design-square-basin-mixer-brass-matte-black-bathroom-faucets\/","title":{"rendered":"Nowy design kwadratowa bateria umywalkowa mosi\u0105dz matowy czarny baterie \u0142azienkowe"},"content":{"rendered":"<p><img fetchpriority=\"high\" decoding=\"async\" class=\"alignnone size-full wp-image-4588 aligncenter\" src=\"http:\/\/spark-faucet.com\/wp-content\/uploads\/2020\/05\/2-18101.png\" alt=\"\" width=\"750\" height=\"700\" srcset=\"https:\/\/spark-faucet.com\/wp-content\/uploads\/2020\/05\/2-18101.png 750w, https:\/\/spark-faucet.com\/wp-content\/uploads\/2020\/05\/2-18101-300x280.png 300w, https:\/\/spark-faucet.com\/wp-content\/uploads\/2020\/05\/2-18101-600x560.png 600w\" sizes=\"(max-width: 750px) 100vw, 750px\" \/><\/p>\n<table class=\"aligncenter\" style=\"border-collapse: collapse; width: 750px; border: solid 1px #e6e3e3; background-color: #ffffff; margin-left: auto; margin-right: auto;\" border=\"1\">\n<tbody>\n<tr style=\"height: 30px;\">\n<td style=\"width: 300px; border: 1px solid #e6e3e3; height: 30px; text-align: left;\" valign=\"center\"><span style=\"color: #000000;\"><strong>Materia\u0142<\/strong><\/span><\/td>\n<td style=\"width: 700px; border: 1px solid #e6e3e3; height: 30px;\" valign=\"center\"><span style=\"color: #000000;\">Korpus z mosi\u0105dzu i uchwyt ze stopu cynku<\/span><\/td>\n<\/tr>\n<tr style=\"height: 30px;\">\n<td style=\"width: 300px; border: 1px solid #e6e3e3; height: 30px; text-align: left;\" valign=\"center\"><span style=\"color: #000000;\"><strong>Zawarto\u015b\u0107 mosi\u0105dzu<\/strong><\/span><\/td>\n<td style=\"width: 700px; border: 1px solid #e6e3e3; height: 30px;\" valign=\"center\"><span style=\"color: #000000;\">\u226559%<\/span><\/td>\n<\/tr>\n<tr style=\"height: 30px;\">\n<td style=\"width: 300px; border: 1px solid #e6e3e3; height: 30px; text-align: left;\" valign=\"center\"><span style=\"color: #000000;\"><strong>Kartrid\u017c<\/strong><\/span><\/td>\n<td style=\"width: 700px; border: 1px solid #e6e3e3; height: 30px;\" valign=\"center\"><span style=\"color: #000000;\">KCG, Sedal, Kerox, Yizhan<\/span><\/td>\n<\/tr>\n<tr style=\"height: 30px;\">\n<td style=\"width: 300px; border: 1px solid #e6e3e3; height: 30px; text-align: left;\" valign=\"center\"><span style=\"color: #000000;\"><strong>\u017bywotno\u015b\u0107 wk\u0142adu<\/strong><\/span><\/td>\n<td style=\"width: 700px; border: 1px solid #e6e3e3; height: 30px;\" valign=\"center\"><span style=\"color: #000000;\">500 000 otwar\u0107 i zamkni\u0119\u0107<\/span><\/td>\n<\/tr>\n<tr style=\"height: 30px;\">\n<td style=\"width: 300px; border: 1px solid #e6e3e3; height: 30px; text-align: left;\" valign=\"center\"><span style=\"color: #000000;\"><strong>Aerator<\/strong><\/span><\/td>\n<td style=\"width: 700px; border: 1px solid #e6e3e3; height: 30px;\" valign=\"center\"><span style=\"color: #000000;\">Neoperl<\/span><\/td>\n<\/tr>\n<tr style=\"height: 30px;\">\n<td style=\"width: 300px; border: 1px solid #e6e3e3; height: 30px; text-align: left;\" valign=\"center\"><span style=\"color: #000000;\"><strong>Elastyczny w\u0105\u017c<\/strong><\/span><\/td>\n<td style=\"width: 700px; border: 1px solid #e6e3e3; height: 30px;\" valign=\"center\"><span style=\"color: #000000;\">Stal nierdzewna 304 z grubym w\u0119\u017cem wewn\u0119trznym z EPDM<\/span><\/td>\n<\/tr>\n<tr style=\"height: 30px;\">\n<td style=\"width: 300px; border: 1px solid #e6e3e3; height: 30px; text-align: left;\" valign=\"center\"><span style=\"color: #000000;\"><strong>Gwarancja<\/strong><\/span><\/td>\n<td style=\"width: 700px; border: 1px solid #e6e3e3; height: 30px;\" valign=\"center\"><span style=\"color: #000000;\">6 Years Limited<\/span><\/td>\n<\/tr>\n<tr style=\"height: 30px;\">\n<td style=\"width: 300px; border: 1px solid #e6e3e3; height: 30px; text-align: left;\" valign=\"center\"><span style=\"color: #000000;\"><strong>Test mg\u0142y solnej<\/strong><\/span><\/td>\n<td style=\"width: 700px; border: 1px solid #e6e3e3; height: 30px;\" valign=\"center\"><span style=\"color: #000000;\">24 godziny<\/span><\/td>\n<\/tr>\n<tr style=\"height: 30px;\">\n<td style=\"width: 300px; border: 1px solid #e6e3e3; height: 30px; text-align: left;\" valign=\"center\"><span style=\"color: #000000;\"><strong>Testowanie ci\u015bnienia wody<\/strong><\/span><\/td>\n<td style=\"width: 700px; border: 1px solid #e6e3e3; height: 30px;\" valign=\"center\"><span style=\"color: #000000;\">1,6 Mpa<\/span><\/td>\n<\/tr>\n<tr style=\"height: 30px;\">\n<td style=\"width: 300px; border: 1px solid #e6e3e3; height: 30px; text-align: left;\" valign=\"center\"><span style=\"color: #000000;\"><strong>Testowanie ci\u015bnienia powietrza<\/strong><\/span><\/td>\n<td style=\"width: 700px; border: 1px solid #e6e3e3; height: 30px;\" valign=\"center\"><span style=\"color: #000000;\">0,6 Mpa<\/span><\/td>\n<\/tr>\n<tr style=\"height: 30px;\">\n<td style=\"width: 300px; border: 1px solid #e6e3e3; height: 30px; text-align: left;\" valign=\"center\"><span style=\"color: #000000;\"><strong>Przep\u0142yw wody<\/strong><\/span><\/td>\n<td style=\"width: 700px; border: 1px solid #e6e3e3; height: 30px;\" valign=\"center\"><span style=\"color: #000000;\">\u226512 l\/min<\/span><\/td>\n<\/tr>\n<\/tbody>\n<\/table>\n<p style=\"text-align: center;\"><span style=\"font-size: 14px;\"><img decoding=\"async\" class=\"fr-fic fr-dib\" src=\"https:\/\/fs.cantonfair.org.cn\/be0d119c-8f39-41c8-a163-e7377c2f348a.png\" \/><\/span><\/p>\n<p style=\"text-align: center;\"><img decoding=\"async\" class=\"alignnone size-full wp-image-4589\" src=\"http:\/\/spark-faucet.com\/wp-content\/uploads\/2020\/05\/3-18101.png\" alt=\"\" width=\"750\" height=\"500\" srcset=\"https:\/\/spark-faucet.com\/wp-content\/uploads\/2020\/05\/3-18101.png 750w, https:\/\/spark-faucet.com\/wp-content\/uploads\/2020\/05\/3-18101-300x200.png 300w, https:\/\/spark-faucet.com\/wp-content\/uploads\/2020\/05\/3-18101-600x400.png 600w\" sizes=\"(max-width: 750px) 100vw, 750px\" \/><\/p>\n<p style=\"text-align: center;\"><img decoding=\"async\" class=\"alignnone size-full wp-image-4582\" src=\"http:\/\/spark-faucet.com\/wp-content\/uploads\/2020\/05\/4-PACKAGE.png\" alt=\"\" width=\"750\" height=\"710\" srcset=\"https:\/\/spark-faucet.com\/wp-content\/uploads\/2020\/05\/4-PACKAGE.png 750w, https:\/\/spark-faucet.com\/wp-content\/uploads\/2020\/05\/4-PACKAGE-300x284.png 300w, https:\/\/spark-faucet.com\/wp-content\/uploads\/2020\/05\/4-PACKAGE-600x568.png 600w\" sizes=\"(max-width: 750px) 100vw, 750px\" \/><\/p>","protected":false},"excerpt":{"rendered":"<p>Masywno\u015b\u0107 i solidno\u015b\u0107 z pe\u0142nymi metalowymi teksturami utrzymuj\u0105 ch\u0142odny i spokojny styl projektowania \uff0c Twoje codzienne przypomnienie, aby zawsze \u015bwieci\u0107 troch\u0119 ja\u015bniej!<\/p>\n<ul>\n<li>Seria: Seria Astro<\/li>\n<li>Model:  18101<\/li>\n<li>Jednouchwytowa bateria umywalkowa<\/li>\n<li>Mosi\u0119\u017cny korpus kranu<\/li>\n<li>Wk\u0142ad ceramiczny:  KCG, Sedal, Kerox, Yizhan<\/li>\n<li>Certyfikat kranu:<\/li>\n<\/ul>","protected":false},"featured_media":4746,"template":"","meta":{"_seopress_robots_primary_cat":"none"},"product_cat":[23],"product_tag":[30,29,28],"_links":{"self":[{"href":"https:\/\/spark-faucet.com\/pl\/wp-json\/wp\/v2\/product\/3384"}],"collection":[{"href":"https:\/\/spark-faucet.com\/pl\/wp-json\/wp\/v2\/product"}],"about":[{"href":"https:\/\/spark-faucet.com\/pl\/wp-json\/wp\/v2\/types\/product"}],"wp:featuredmedia":[{"embeddable":true,"href":"https:\/\/spark-faucet.com\/pl\/wp-json\/wp\/v2\/media\/4746"}],"wp:attachment":[{"href":"https:\/\/spark-faucet.com\/pl\/wp-json\/wp\/v2\/media?parent=3384"}],"wp:term":[{"taxonomy":"product_cat","embeddable":true,"href":"https:\/\/spark-faucet.com\/pl\/wp-json\/wp\/v2\/product_cat?post=3384"},{"taxonomy":"product_tag","embeddable":true,"href":"https:\/\/spark-faucet.com\/pl\/wp-json\/wp\/v2\/product_tag?post=3384"}],"curies":[{"name":"wp","href":"https:\/\/api.w.org\/{rel}","templated":true}]}}