{"id":5838,"date":"2020-11-23T06:51:09","date_gmt":"2020-11-23T06:51:09","guid":{"rendered":"http:\/\/spark-faucet.com\/?page_id=5838"},"modified":"2020-11-23T06:51:10","modified_gmt":"2020-11-23T06:51:10","slug":"sitemap","status":"publish","type":"page","link":"https:\/\/spark-faucet.com\/pl\/sitemap\/","title":{"rendered":"Sitemap"},"content":{"rendered":"<div class=\"wrap-html-sitemap sp-html-sitemap\"><div class=\"sp-wrap-cpt\"><h2 class=\"sp-cpt-name\">Strony<\/h2><ul class=\"sp-list-posts sp-cpt-hierarchical\"><li class=\"page_item page-item-5838\"><a href=\"https:\/\/spark-faucet.com\/pl\/sitemap\/\">Sitemap<\/a><\/li><li class=\"page_item page-item-5236\"><a href=\"https:\/\/spark-faucet.com\/pl\/videos\/\">WIDEO<\/a><\/li><li class=\"page_item page-item-3684 current_page_parent\"><a href=\"https:\/\/spark-faucet.com\/pl\/blog\/\">Blog<\/a><\/li><li class=\"page_item page-item-3043\"><a href=\"https:\/\/spark-faucet.com\/pl\/certificates\/\">Certyfikaty<\/a><\/li><li class=\"page_item page-item-3004\"><a href=\"https:\/\/spark-faucet.com\/pl\/quality-management\/\">Zarz\u0105dzanie jako\u015bci\u0105<\/a><\/li><li class=\"page_item page-item-2472\"><a href=\"https:\/\/spark-faucet.com\/pl\/thank-you\/\">Dzi\u0119kuj\u0119<\/a><\/li><li class=\"page_item page-item-2371\"><a href=\"https:\/\/spark-faucet.com\/pl\/product\/\">Produkt<\/a><\/li><li class=\"page_item page-item-1928\"><a href=\"https:\/\/spark-faucet.com\/pl\/not-important\/\">Niewa\u017cne<\/a><\/li><li class=\"page_item page-item-1922\"><a href=\"https:\/\/spark-faucet.com\/pl\/privacy-policy\/\">Polityka prywatno\u015bci<\/a><\/li><li class=\"page_item page-item-1902\"><a href=\"https:\/\/spark-faucet.com\/pl\/contact\/\">Kontakt<\/a><\/li><li class=\"page_item page-item-1896\"><a href=\"https:\/\/spark-faucet.com\/pl\/about-spark\/\">O Spark<\/a><\/li><li class=\"page_item page-item-1884\"><a href=\"https:\/\/spark-faucet.com\/pl\/\">Strona g\u0142\u00f3wna<\/a><\/li><\/ul><\/div><div class=\"sp-wrap-cpt\"><h2 class=\"sp-cpt-name\">Wpisy<\/h2><div class=\"sp-wrap-cats\"><div class=\"sp-wrap-cat\"><h3 class=\"sp-cat-name\"><a href=\"https:\/\/spark-faucet.com\/pl\/category\/all\/\">Wszystkie<\/a><\/h3><ul class=\"sp-list-posts\"><li><a href=\"https:\/\/spark-faucet.com\/pl\/top-8-ceramic-faucet-cartridge-manufacturers-in-china\/\">8 najlepszych producent\u00f3w ceramicznych wk\u0142ad\u00f3w do kran\u00f3w w Chinach<\/a> - 2 stycznia 2024 r.<\/li><li><a href=\"https:\/\/spark-faucet.com\/pl\/top-7-ceramic-faucet-cartridge-manufacturers-in-europe-an-insiders-guide\/\">7 najlepszych producent\u00f3w wk\u0142ad\u00f3w do baterii ceramicznych w Europie: Przewodnik dla wtajemniczonych<\/a> - 22 grudnia 2023 r.<\/li><li><a href=\"https:\/\/spark-faucet.com\/pl\/unlocking-the-future-of-faucet-manufacturing-pvd-technologys-advantages\/\">Odblokowanie przysz\u0142o\u015bci produkcji kran\u00f3w: Zalety technologii PVD<\/a> - 4 listopada 2023 r.<\/li><li><a href=\"https:\/\/spark-faucet.com\/pl\/finding-a-reliable-china-faucet-manufacturer-a-complete-guide\/\">Znalezienie wiarygodnych chi\u0144skich producent\u00f3w kran\u00f3w: Kompletny przewodnik<\/a> - 4 listopada 2023 r.<\/li><li><a href=\"https:\/\/spark-faucet.com\/pl\/the-difference-between-oem-and-odm-faucet-manufacturers\/\">R\u00f3\u017cnica mi\u0119dzy producentami baterii OEM i ODM<\/a> - 20 wrze\u015bnia 2023 r.<\/li><li><a href=\"https:\/\/spark-faucet.com\/pl\/the-difference-between-stainless-steel-faucets-and-copper-faucets\/\">R\u00f3\u017cnica mi\u0119dzy bateriami ze stali nierdzewnej a bateriami miedzianymi.<\/a> - 4 marca 2023 r.<\/li><li><a href=\"https:\/\/spark-faucet.com\/pl\/inventory-of-mergers-and-acquisitions-in-the-bathroom-industry-in-the-first-half-of-2022\/\">Wykaz fuzji i przej\u0119\u0107 w bran\u017cy \u0142azienkowej w pierwszej po\u0142owie 2022 r.<\/a> - 27 lipca 2022 r.<\/li><li><a href=\"https:\/\/spark-faucet.com\/pl\/watermark-tapware-manufacturer-in-china\/\">Producent kran\u00f3w Watermark: Chi\u0144skie partnerstwo na rzecz najwy\u017cszej jako\u015bci<\/a> - 3 stycznia 2022<\/li><li><a href=\"https:\/\/spark-faucet.com\/pl\/rcep-will-change-your-purchasing-zero-tariff-cooperation\/\">RCEP zmieni twoje zakupy - wsp\u00f3\u0142praca bez taryf celnych<\/a> - 17 listopada 2020 r.<\/li><li><a href=\"https:\/\/spark-faucet.com\/pl\/how-to-wholesale-faucet-from-china\/\">Jak sprzedawa\u0107 hurtowo baterie z Chin?<\/a> - 29 pa\u017adziernika 2020 r.<\/li><li><a href=\"https:\/\/spark-faucet.com\/pl\/faucet-manufacturing-process\/\">Proces produkcji baterii: Od mosi\u0119\u017cnych pr\u0119t\u00f3w do baterii<\/a> - 10 pa\u017adziernika 2020 r.<\/li><li><a href=\"https:\/\/spark-faucet.com\/pl\/china-faucet-manufacturers\/\">Chi\u0144ski producent kran\u00f3w: Ujawnianie jako\u015bci, wzornictwa i skali<\/a> - 24 sierpnia 2020<\/li><li><a href=\"https:\/\/spark-faucet.com\/pl\/how-to-check-the-quality-of-faucet\/\">Jak sprawdzi\u0107 jako\u015b\u0107 baterii?<\/a> - 19 maja 2020 r.<\/li><li><a href=\"https:\/\/spark-faucet.com\/pl\/how-do-spark-control-the-quality-of-faucet\/\">Jak SPARK kontroluje jako\u015b\u0107 kranu?<\/a> - 19 maja 2020 r.<\/li><\/ul><\/div><\/div><\/div><div class=\"sp-wrap-cpt\"><h2 class=\"sp-cpt-name\">Produkty<\/h2><div class=\"sp-wrap-cats\"><div class=\"sp-wrap-cat\"><h3 class=\"sp-cat-name\"><a href=\"https:\/\/spark-faucet.com\/pl\/products\/bath-shower-faucet\/\">Bateria wannowa i prysznicowa<\/a><\/h3><ul class=\"sp-list-posts\"><li><a href=\"https:\/\/spark-faucet.com\/pl\/produkt\/luxury-design-gold-hot-cold-waterfall-shower-set\/\">Luksusowy z\u0142oty zestaw prysznicowy z zimn\u0105 i gor\u0105c\u0105 wod\u0105<\/a> - 6 grudnia 2023 r.<\/li><li><a href=\"https:\/\/spark-faucet.com\/pl\/produkt\/spark-original-design-bath-brush-gold-freestanding-faucet\/\">Spark oryginalny design szczotka do k\u0105pieli z\u0142ota bateria wolnostoj\u0105ca<\/a> - 17 czerwca 2020 r.<\/li><li><a href=\"https:\/\/spark-faucet.com\/pl\/produkt\/spark-original-design-surface-mounted-shower-column\/\">Oryginalna natynkowa kolumna prysznicowa Spark<\/a> - 17 czerwca 2020 r.<\/li><li><a href=\"https:\/\/spark-faucet.com\/pl\/produkt\/luxury-design-brass-bath-free-standing-bathtub-faucet\/\">Luksusowa mosi\u0119\u017cna bateria wannowa wolnostoj\u0105ca<\/a> - 17 czerwca 2020 r.<\/li><li><a href=\"https:\/\/spark-faucet.com\/pl\/produkt\/luxury-design-bathroom-brass-rain-concealed-shower-set\/\">Luksusowy zestaw prysznicowy z mosi\u0119\u017cn\u0105 deszczownic\u0105<\/a> - 17 czerwca 2020 r.<\/li><li><a href=\"https:\/\/spark-faucet.com\/pl\/produkt\/luxury-design-gold-hot-cold-water-shower-set\/\">Luksusowy z\u0142oty zestaw prysznicowy z ciep\u0142\u0105 i zimn\u0105 wod\u0105<\/a> - 17 czerwca 2020 r.<\/li><\/ul><\/div><div class=\"sp-wrap-cat\"><h3 class=\"sp-cat-name\"><a href=\"https:\/\/spark-faucet.com\/pl\/products\/bathroom-accessories\/\">Akcesoria \u0142azienkowe<\/a><\/h3><ul class=\"sp-list-posts\"><li><a href=\"https:\/\/spark-faucet.com\/pl\/produkt\/kaiping-manufacturer-brass-bathroom-accessories\/\">Mosi\u0119\u017cne akcesoria \u0142azienkowe producenta Kaiping<\/a> - 17 listopada 2020 r.<\/li><\/ul><\/div><div class=\"sp-wrap-cat\"><h3 class=\"sp-cat-name\"><a href=\"https:\/\/spark-faucet.com\/pl\/products\/bathroom-faucet\/\">Bateria \u0142azienkowa<\/a><\/h3><ul class=\"sp-list-posts\"><li><a href=\"https:\/\/spark-faucet.com\/pl\/produkt\/australian-standard-bathroom-taps-watermark-faucet\/\">Baterie \u0142azienkowe Australian Standard Bateria Watermark<\/a> - 17 listopada 2020 r.<\/li><li><a href=\"https:\/\/spark-faucet.com\/pl\/produkt\/australian-standard-taps-watermark-bathroom-tapware\/\">Baterie \u0142azienkowe Australian Standard Watermark<\/a> - 17 listopada 2020 r.<\/li><li><a href=\"https:\/\/spark-faucet.com\/pl\/produkt\/luxury-black-bathroom-faucets-torneira-banheiro\/\">Luksusowe czarne baterie \u0142azienkowe torneira banheiro<\/a> - 17 listopada 2020 r.<\/li><li><a href=\"https:\/\/spark-faucet.com\/pl\/produkt\/kaiping-design-brass-basin-mixer-bathroom-faucet\/\">Mosi\u0119\u017cna bateria umywalkowa Kaiping do \u0142azienki<\/a> - 17 listopada 2020 r.<\/li><li><a href=\"https:\/\/spark-faucet.com\/pl\/produkt\/spark-original-design-brass-rose-gold-basin-mixer-bathroom-taps\/\">Oryginalna bateria umywalkowa Spark z mosi\u0105dzu w kolorze r\u00f3\u017cowego z\u0142ota<\/a> - 17 czerwca 2020 r.<\/li><li><a href=\"https:\/\/spark-faucet.com\/pl\/produkt\/spark-sanitary-ware-hot-cold-clack-copper-water-taps\/\">Spark Sanitary Ware miedziane krany do wody zimnej i gor\u0105cej<\/a> - 17 czerwca 2020 r.<\/li><li><a href=\"https:\/\/spark-faucet.com\/pl\/produkt\/spark-sanitary-ware-hot-cold-gold-copper-water-taps\/\">Spark Sanitary Ware gor\u0105ce zimne z\u0142ote miedziane krany do wody<\/a> - 17 czerwca 2020 r.<\/li><li><a href=\"https:\/\/spark-faucet.com\/pl\/produkt\/luxury-design-high-end-copper-gold-bathroom-faucet\/\">Luksusowy design wysokiej klasy miedziano-z\u0142ota bateria \u0142azienkowa<\/a> - 17 czerwca 2020 r.<\/li><li><a href=\"https:\/\/spark-faucet.com\/pl\/produkt\/new-arrival-copper-matte-black-taps-bathroom\/\">Nowo\u015b\u0107 miedziane matowe czarne baterie \u0142azienkowe<\/a> - 17 czerwca 2020 r.<\/li><li><a href=\"https:\/\/spark-faucet.com\/pl\/produkt\/new-arrival-black-color-round-brass-basin-faucets-bathroom\/\">New Arrival czarne okr\u0105g\u0142e mosi\u0119\u017cne baterie umywalkowe do \u0142azienki<\/a> - 16 czerwca 2020 r.<\/li><li><a href=\"https:\/\/spark-faucet.com\/pl\/produkt\/new-arrival-copper-rose-gold-bathroom-basin-taps\/\">New Arrival miedziane baterie umywalkowe w kolorze r\u00f3\u017cowego z\u0142ota<\/a> - 16 czerwca 2020 r.<\/li><li><a href=\"https:\/\/spark-faucet.com\/pl\/produkt\/professional-manufacture-brass-mixers-for-bathrooms\/\">Profesjonalna produkcja mosi\u0119\u017cnych baterii \u0142azienkowych<\/a> - 13 maja 2020 r.<\/li><li><a href=\"https:\/\/spark-faucet.com\/pl\/produkt\/new-design-square-basin-mixer-brass-matte-black-bathroom-faucets\/\">Nowy design kwadratowa bateria umywalkowa mosi\u0105dz matowy czarny baterie \u0142azienkowe<\/a> - 13 maja 2020 r.<\/li><li><a href=\"https:\/\/spark-faucet.com\/pl\/produkt\/spark-original-design-bathroom-brass-brush-gold-basin-faucets\/\">Oryginalne baterie \u0142azienkowe Spark z mosi\u0119\u017cn\u0105 szczotk\u0105 i z\u0142ot\u0105 umywalk\u0105<\/a> - 13 maja 2020 r.<\/li><li><a href=\"https:\/\/spark-faucet.com\/pl\/produkt\/luxury-design-golden-brass-bathroom-gold-basin-faucet\/\">Luksusowa z\u0142ota mosi\u0119\u017cna bateria umywalkowa do \u0142azienki<\/a> - 14 kwietnia 2020 r.<\/li><\/ul><\/div><div class=\"sp-wrap-cat\"><h3 class=\"sp-cat-name\"><a href=\"https:\/\/spark-faucet.com\/pl\/products\/kitchen-faucet\/\">Bateria kuchenna<\/a><\/h3><ul class=\"sp-list-posts\"><li><a href=\"https:\/\/spark-faucet.com\/pl\/produkt\/luxury-design-single-lever-pull-out-sprayer-faucet-for-kitchen-sink\/\">Luksusowa, jednouchwytowa bateria natryskowa do zlewu kuchennego<\/a> - 17 czerwca 2020 r.<\/li><li><a href=\"https:\/\/spark-faucet.com\/pl\/produkt\/luxury-design-brass-gold-faucet-kitchen\/\">Luksusowy design mosi\u0119\u017cny z\u0142oty kran kuchenny<\/a> - 17 czerwca 2020 r.<\/li><\/ul><\/div><\/div><\/div><\/div>","protected":false},"excerpt":{"rendered":"","protected":false},"author":1,"featured_media":0,"parent":0,"menu_order":0,"comment_status":"closed","ping_status":"closed","template":"","meta":{"_seopress_robots_primary_cat":"","footnotes":""},"_links":{"self":[{"href":"https:\/\/spark-faucet.com\/pl\/wp-json\/wp\/v2\/pages\/5838"}],"collection":[{"href":"https:\/\/spark-faucet.com\/pl\/wp-json\/wp\/v2\/pages"}],"about":[{"href":"https:\/\/spark-faucet.com\/pl\/wp-json\/wp\/v2\/types\/page"}],"author":[{"embeddable":true,"href":"https:\/\/spark-faucet.com\/pl\/wp-json\/wp\/v2\/users\/1"}],"replies":[{"embeddable":true,"href":"https:\/\/spark-faucet.com\/pl\/wp-json\/wp\/v2\/comments?post=5838"}],"version-history":[{"count":1,"href":"https:\/\/spark-faucet.com\/pl\/wp-json\/wp\/v2\/pages\/5838\/revisions"}],"predecessor-version":[{"id":5840,"href":"https:\/\/spark-faucet.com\/pl\/wp-json\/wp\/v2\/pages\/5838\/revisions\/5840"}],"wp:attachment":[{"href":"https:\/\/spark-faucet.com\/pl\/wp-json\/wp\/v2\/media?parent=5838"}],"curies":[{"name":"wp","href":"https:\/\/api.w.org\/{rel}","templated":true}]}}