{"id":5838,"date":"2020-11-23T06:51:09","date_gmt":"2020-11-23T06:51:09","guid":{"rendered":"http:\/\/spark-faucet.com\/?page_id=5838"},"modified":"2020-11-23T06:51:10","modified_gmt":"2020-11-23T06:51:10","slug":"sitemap","status":"publish","type":"page","link":"https:\/\/spark-faucet.com\/lv\/sitemap\/","title":{"rendered":"Lapas karte"},"content":{"rendered":"<div class=\"wrap-html-sitemap sp-html-sitemap\"><div class=\"sp-wrap-cpt\"><h2 class=\"sp-cpt-name\">Lapas<\/h2><ul class=\"sp-list-posts sp-cpt-hierarchical\"><li class=\"page_item page-item-5838\"><a href=\"https:\/\/spark-faucet.com\/lv\/sitemap\/\">Lapas karte<\/a><\/li><li class=\"page_item page-item-5236\"><a href=\"https:\/\/spark-faucet.com\/lv\/videos\/\">VIDEOS<\/a><\/li><li class=\"page_item page-item-3684 current_page_parent\"><a href=\"https:\/\/spark-faucet.com\/lv\/blog\/\">Blogs<\/a><\/li><li class=\"page_item page-item-3043\"><a href=\"https:\/\/spark-faucet.com\/lv\/certificates\/\">Sertifik\u0101ti<\/a><\/li><li class=\"page_item page-item-3004\"><a href=\"https:\/\/spark-faucet.com\/lv\/quality-management\/\">Kvalit\u0101tes vad\u012bba<\/a><\/li><li class=\"page_item page-item-2472\"><a href=\"https:\/\/spark-faucet.com\/lv\/thank-you\/\">Paldies<\/a><\/li><li class=\"page_item page-item-2371\"><a href=\"https:\/\/spark-faucet.com\/lv\/product\/\">Produkts<\/a><\/li><li class=\"page_item page-item-1928\"><a href=\"https:\/\/spark-faucet.com\/lv\/not-important\/\">Nav svar\u012bgi<\/a><\/li><li class=\"page_item page-item-1922\"><a href=\"https:\/\/spark-faucet.com\/lv\/privacy-policy\/\">Konfidencialit\u0101tes politika<\/a><\/li><li class=\"page_item page-item-1902\"><a href=\"https:\/\/spark-faucet.com\/lv\/contact\/\">Sazinieties ar<\/a><\/li><li class=\"page_item page-item-1896\"><a href=\"https:\/\/spark-faucet.com\/lv\/about-spark\/\">Par Spark<\/a><\/li><li class=\"page_item page-item-1884\"><a href=\"https:\/\/spark-faucet.com\/lv\/\">S\u0101kums<\/a><\/li><\/ul><\/div><div class=\"sp-wrap-cpt\"><h2 class=\"sp-cpt-name\">Zi\u0146as<\/h2><div class=\"sp-wrap-cats\"><div class=\"sp-wrap-cat\"><h3 class=\"sp-cat-name\"><a href=\"https:\/\/spark-faucet.com\/lv\/category\/all\/\">Visi<\/a><\/h3><ul class=\"sp-list-posts\"><li><a href=\"https:\/\/spark-faucet.com\/lv\/top-8-ceramic-faucet-cartridge-manufacturers-in-china\/\">Top 8 keramikas kr\u0101na patronu ra\u017eot\u0101ji \u0136\u012bn\u0101<\/a> - 2 janv\u0101ris 2024<\/li><li><a href=\"https:\/\/spark-faucet.com\/lv\/top-7-ceramic-faucet-cartridge-manufacturers-in-europe-an-insiders-guide\/\">7 lab\u0101kie keramisko kr\u0101nu patronu ra\u017eot\u0101ji Eirop\u0101: Iek\u0161\u0113j\u0101s inform\u0101cijas ce\u013cvedis<\/a> - 2023. gada 22. decembris<\/li><li><a href=\"https:\/\/spark-faucet.com\/lv\/unlocking-the-future-of-faucet-manufacturing-pvd-technologys-advantages\/\">Atkl\u0101jot kr\u0101nu ra\u017eo\u0161anas n\u0101kotni: PVD tehnolo\u0123ijas priek\u0161roc\u012bbas<\/a> - 4 novembris 2023<\/li><li><a href=\"https:\/\/spark-faucet.com\/lv\/finding-a-reliable-china-faucet-manufacturer-a-complete-guide\/\">Uzticamu \u0136\u012bnas jauc\u0113jkr\u0101nu ra\u017eot\u0101ju atra\u0161ana: Piln\u012bgs ce\u013cvedis<\/a> - 4 novembris 2023<\/li><li><a href=\"https:\/\/spark-faucet.com\/lv\/the-difference-between-oem-and-odm-faucet-manufacturers\/\">At\u0161\u0137ir\u012bba starp OEM un ODM kr\u0101nu ra\u017eot\u0101jiem<\/a> - 20 septembris 2023<\/li><li><a href=\"https:\/\/spark-faucet.com\/lv\/the-difference-between-stainless-steel-faucets-and-copper-faucets\/\">At\u0161\u0137ir\u012bba starp ner\u016bs\u0113jo\u0161\u0101 t\u0113rauda jauc\u0113jkr\u0101niem un vara jauc\u0113jkr\u0101niem.<\/a> - 4 tirdzniec\u012bbas vietas 2023<\/li><li><a href=\"https:\/\/spark-faucet.com\/lv\/inventory-of-mergers-and-acquisitions-in-the-bathroom-industry-in-the-first-half-of-2022\/\">Apvieno\u0161an\u0101s un p\u0101r\u0146em\u0161anas dar\u012bjumu inventariz\u0101cija vannas istabu nozar\u0113 2022. gada pirmaj\u0101 pusgad\u0101<\/a> - 27 j\u016blijs 2022<\/li><li><a href=\"https:\/\/spark-faucet.com\/lv\/watermark-tapware-manufacturer-in-china\/\">Watermark Tapware Ra\u017eot\u0101js: \u0136\u012bnas partner\u012bba augst\u0101k\u0101s kvalit\u0101tes nodro\u0161in\u0101\u0161anai<\/a> - 3 janv\u0101ris 2022<\/li><li><a href=\"https:\/\/spark-faucet.com\/lv\/rcep-will-change-your-purchasing-zero-tariff-cooperation\/\">RCEP main\u012bs j\u016bsu iepirkumus - nulles tarifa sadarb\u012bba<\/a> - 2020. gada 17. novembris<\/li><li><a href=\"https:\/\/spark-faucet.com\/lv\/how-to-wholesale-faucet-from-china\/\">K\u0101 ieg\u0101d\u0101ties kr\u0101nu no \u0136\u012bnas?<\/a> - 29 oktobris 2020<\/li><li><a href=\"https:\/\/spark-faucet.com\/lv\/faucet-manufacturing-process\/\">Jauc\u0113jkr\u0101nu ra\u017eo\u0161anas process: No misi\u0146a stie\u0146iem l\u012bdz kr\u0101niem<\/a> - 10 oktobris 2020<\/li><li><a href=\"https:\/\/spark-faucet.com\/lv\/china-faucet-manufacturers\/\">\u0136\u012bnas jauc\u0113jkr\u0101nu ra\u017eot\u0101js: Atkl\u0101jot kvalit\u0101ti, dizainu un m\u0113rogu.<\/a> - 24 augusts 2020<\/li><li><a href=\"https:\/\/spark-faucet.com\/lv\/how-to-check-the-quality-of-faucet\/\">K\u0101 p\u0101rbaud\u012bt kr\u0101na kvalit\u0101ti?<\/a> - 19 maijs 2020<\/li><li><a href=\"https:\/\/spark-faucet.com\/lv\/how-do-spark-control-the-quality-of-faucet\/\">K\u0101 SPARK kontrol\u0113 kr\u0101na kvalit\u0101ti?<\/a> - 19 maijs 2020<\/li><\/ul><\/div><\/div><\/div><div class=\"sp-wrap-cpt\"><h2 class=\"sp-cpt-name\">Produkti<\/h2><div class=\"sp-wrap-cats\"><div class=\"sp-wrap-cat\"><h3 class=\"sp-cat-name\"><a href=\"https:\/\/spark-faucet.com\/lv\/products\/bath-shower-faucet\/\">Vannas un du\u0161as kr\u0101ns<\/a><\/h3><ul class=\"sp-list-posts\"><li><a href=\"https:\/\/spark-faucet.com\/lv\/products\/luxury-design-gold-hot-cold-waterfall-shower-set\/\">Luksusa dizaina zelta karst\u0101 un aukst\u0101 \u016bdenskrituma du\u0161as komplekts<\/a> - 2023. gada 6. decembris<\/li><li><a href=\"https:\/\/spark-faucet.com\/lv\/products\/spark-original-design-bath-brush-gold-freestanding-faucet\/\">Spark ori\u0123in\u0101ls dizains vannas birste zelta br\u012bvi st\u0101vo\u0161s kr\u0101ns<\/a> - 17 j\u016bnijs 2020<\/li><li><a href=\"https:\/\/spark-faucet.com\/lv\/products\/spark-original-design-surface-mounted-shower-column\/\">Spark ori\u0123in\u0101l\u0101 dizaina virsm\u0101 mont\u0113jama du\u0161as kolonna<\/a> - 17 j\u016bnijs 2020<\/li><li><a href=\"https:\/\/spark-faucet.com\/lv\/products\/luxury-design-brass-bath-free-standing-bathtub-faucet\/\">Luksusa dizaina misi\u0146a vannas br\u012bvi st\u0101vo\u0161s vannas kr\u0101ns<\/a> - 17 j\u016bnijs 2020<\/li><li><a href=\"https:\/\/spark-faucet.com\/lv\/products\/luxury-design-bathroom-brass-rain-concealed-shower-set\/\">Luksusa dizaina vannas istabas misi\u0146a lietus pasl\u0113pta du\u0161a komplekts<\/a> - 17 j\u016bnijs 2020<\/li><li><a href=\"https:\/\/spark-faucet.com\/lv\/products\/luxury-design-gold-hot-cold-water-shower-set\/\">Luksusa dizaina zelta karst\u0101 un aukst\u0101 \u016bdens du\u0161as komplekts<\/a> - 17 j\u016bnijs 2020<\/li><\/ul><\/div><div class=\"sp-wrap-cat\"><h3 class=\"sp-cat-name\"><a href=\"https:\/\/spark-faucet.com\/lv\/products\/bathroom-accessories\/\">Vannas istabas piederumi<\/a><\/h3><ul class=\"sp-list-posts\"><li><a href=\"https:\/\/spark-faucet.com\/lv\/products\/kaiping-manufacturer-brass-bathroom-accessories\/\">K\u0101pininga ra\u017eot\u0101ja misi\u0146a vannas istabas piederumi<\/a> - 2020. gada 17. novembris<\/li><\/ul><\/div><div class=\"sp-wrap-cat\"><h3 class=\"sp-cat-name\"><a href=\"https:\/\/spark-faucet.com\/lv\/products\/bathroom-faucet\/\">Vannas istabas kr\u0101ns<\/a><\/h3><ul class=\"sp-list-posts\"><li><a href=\"https:\/\/spark-faucet.com\/lv\/products\/australian-standard-bathroom-taps-watermark-faucet\/\">Australian Standard vannas istabas kr\u0101ni Watermark kr\u0101ns<\/a> - 2020. gada 17. novembris<\/li><li><a href=\"https:\/\/spark-faucet.com\/lv\/products\/australian-standard-taps-watermark-bathroom-tapware\/\">Australian Standard kr\u0101ni Watermark vannas istabas kr\u0101ni<\/a> - 2020. gada 17. novembris<\/li><li><a href=\"https:\/\/spark-faucet.com\/lv\/products\/luxury-black-bathroom-faucets-torneira-banheiro\/\">Luksusa melni vannas istabas kr\u0101ni torneira banheiro<\/a> - 2020. gada 17. novembris<\/li><li><a href=\"https:\/\/spark-faucet.com\/lv\/products\/kaiping-design-brass-basin-mixer-bathroom-faucet\/\">K\u0101pings dizaina misi\u0146a izlietnes mais\u012bt\u0101js vannas istabas kr\u0101ns<\/a> - 2020. gada 17. novembris<\/li><li><a href=\"https:\/\/spark-faucet.com\/lv\/products\/spark-original-design-brass-rose-gold-basin-mixer-bathroom-taps\/\">Spark ori\u0123in\u0101ls dizains misi\u0146a ro\u017eu zelta izlietnes mais\u012bt\u0101js vannas istabas kr\u0101ni<\/a> - 17 j\u016bnijs 2020<\/li><li><a href=\"https:\/\/spark-faucet.com\/lv\/products\/spark-sanitary-ware-hot-cold-clack-copper-water-taps\/\">Spark Sanit\u0101rtehnikas izstr\u0101d\u0101jumi karst\u0101 aukst\u0101 clack vara \u016bdens kr\u0101ni<\/a> - 17 j\u016bnijs 2020<\/li><li><a href=\"https:\/\/spark-faucet.com\/lv\/products\/spark-sanitary-ware-hot-cold-gold-copper-water-taps\/\">Spark Sanit\u0101rtehnikas izstr\u0101d\u0101jumi karst\u0101 aukst\u0101 zelta vara \u016bdens kr\u0101ni<\/a> - 17 j\u016bnijs 2020<\/li><li><a href=\"https:\/\/spark-faucet.com\/lv\/products\/luxury-design-high-end-copper-gold-bathroom-faucet\/\">Luksusa dizaina augstas klases vara zelta vannas istabas kr\u0101ns<\/a> - 17 j\u016bnijs 2020<\/li><li><a href=\"https:\/\/spark-faucet.com\/lv\/products\/new-arrival-copper-matte-black-taps-bathroom\/\">Jauni iera\u0161an\u0101s vara mat\u0113ti melni kr\u0101ni vannas istab\u0101<\/a> - 17 j\u016bnijs 2020<\/li><li><a href=\"https:\/\/spark-faucet.com\/lv\/products\/new-arrival-black-color-round-brass-basin-faucets-bathroom\/\">Jauna iera\u0161an\u0101s melna kr\u0101sa apa\u013cas misi\u0146a izlietnes kr\u0101ni vannas istab\u0101<\/a> - 16 j\u016bnijs 2020<\/li><li><a href=\"https:\/\/spark-faucet.com\/lv\/products\/new-arrival-copper-rose-gold-bathroom-basin-taps\/\">Jauna iera\u0161an\u0101s vara ro\u017eu zelta vannas istabas izlietnes kr\u0101ni<\/a> - 16 j\u016bnijs 2020<\/li><li><a href=\"https:\/\/spark-faucet.com\/lv\/products\/professional-manufacture-brass-mixers-for-bathrooms\/\">Profesion\u0101la ra\u017eo\u0161ana misi\u0146a mais\u012bt\u0101ji vannas istab\u0101m<\/a> - 13 maijs 2020<\/li><li><a href=\"https:\/\/spark-faucet.com\/lv\/products\/new-design-square-basin-mixer-brass-matte-black-bathroom-faucets\/\">Jauns dizains kvadr\u0101tveida izlietnes mais\u012bt\u0101js misi\u0146a mat\u0113ts melns vannas istabas jauc\u0113jkr\u0101ni<\/a> - 13 maijs 2020<\/li><li><a href=\"https:\/\/spark-faucet.com\/lv\/products\/spark-original-design-bathroom-brass-brush-gold-basin-faucets\/\">Spark ori\u0123in\u0101ls dizains vannas istabas misi\u0146a birstes zelta izlietnes jauc\u0113jkr\u0101ni<\/a> - 13 maijs 2020<\/li><li><a href=\"https:\/\/spark-faucet.com\/lv\/products\/luxury-design-golden-brass-bathroom-gold-basin-faucet\/\">Luksusa dizains zelta misi\u0146a vannas istabas zelta izlietnes kr\u0101ns<\/a> - 14 apr\u012blis 2020<\/li><\/ul><\/div><div class=\"sp-wrap-cat\"><h3 class=\"sp-cat-name\"><a href=\"https:\/\/spark-faucet.com\/lv\/products\/kitchen-faucet\/\">Virtuves jauc\u0113jkr\u0101ns<\/a><\/h3><ul class=\"sp-list-posts\"><li><a href=\"https:\/\/spark-faucet.com\/lv\/products\/luxury-design-single-lever-pull-out-sprayer-faucet-for-kitchen-sink\/\">Luksusa dizaina vienas sviras izvelkamais izsmidzin\u0101t\u0101ja kr\u0101ns virtuves izlietnei<\/a> - 17 j\u016bnijs 2020<\/li><li><a href=\"https:\/\/spark-faucet.com\/lv\/products\/luxury-design-brass-gold-faucet-kitchen\/\">Luksusa dizaina misi\u0146a zelta kr\u0101ns virtuve<\/a> - 17 j\u016bnijs 2020<\/li><\/ul><\/div><\/div><\/div><\/div>","protected":false},"excerpt":{"rendered":"","protected":false},"author":1,"featured_media":0,"parent":0,"menu_order":0,"comment_status":"closed","ping_status":"closed","template":"","meta":{"_seopress_robots_primary_cat":"","footnotes":""},"_links":{"self":[{"href":"https:\/\/spark-faucet.com\/lv\/wp-json\/wp\/v2\/pages\/5838"}],"collection":[{"href":"https:\/\/spark-faucet.com\/lv\/wp-json\/wp\/v2\/pages"}],"about":[{"href":"https:\/\/spark-faucet.com\/lv\/wp-json\/wp\/v2\/types\/page"}],"author":[{"embeddable":true,"href":"https:\/\/spark-faucet.com\/lv\/wp-json\/wp\/v2\/users\/1"}],"replies":[{"embeddable":true,"href":"https:\/\/spark-faucet.com\/lv\/wp-json\/wp\/v2\/comments?post=5838"}],"version-history":[{"count":1,"href":"https:\/\/spark-faucet.com\/lv\/wp-json\/wp\/v2\/pages\/5838\/revisions"}],"predecessor-version":[{"id":5840,"href":"https:\/\/spark-faucet.com\/lv\/wp-json\/wp\/v2\/pages\/5838\/revisions\/5840"}],"wp:attachment":[{"href":"https:\/\/spark-faucet.com\/lv\/wp-json\/wp\/v2\/media?parent=5838"}],"curies":[{"name":"wp","href":"https:\/\/api.w.org\/{rel}","templated":true}]}}