{"id":5806,"date":"2020-11-17T09:26:52","date_gmt":"2020-11-17T09:26:52","guid":{"rendered":"http:\/\/spark-faucet.com\/?post_type=product&#038;p=5806"},"modified":"2022-02-25T06:56:06","modified_gmt":"2022-02-25T06:56:06","slug":"kaiping-manufacturer-brass-bathroom-accessories","status":"publish","type":"product","link":"https:\/\/spark-faucet.com\/hu\/termek\/kaiping-manufacturer-brass-bathroom-accessories\/","title":{"rendered":"Kaiping gy\u00e1rt\u00f3 s\u00e1rgar\u00e9z f\u00fcrd\u0151szobai kieg\u00e9sz\u00edt\u0151k"},"content":{"rendered":"<p style=\"text-align: center;\"><img fetchpriority=\"high\" decoding=\"async\" class=\"alignnone wp-image-5811\" src=\"http:\/\/spark-faucet.com\/wp-content\/uploads\/2020\/11\/mmexport1593597728872-scaled.jpg\" alt=\"mmexport1593597728872\" width=\"1200\" height=\"848\" srcset=\"https:\/\/spark-faucet.com\/wp-content\/uploads\/2020\/11\/mmexport1593597728872-scaled.jpg 2560w, https:\/\/spark-faucet.com\/wp-content\/uploads\/2020\/11\/mmexport1593597728872-300x212.jpg 300w, https:\/\/spark-faucet.com\/wp-content\/uploads\/2020\/11\/mmexport1593597728872-1024x724.jpg 1024w, https:\/\/spark-faucet.com\/wp-content\/uploads\/2020\/11\/mmexport1593597728872-768x543.jpg 768w, https:\/\/spark-faucet.com\/wp-content\/uploads\/2020\/11\/mmexport1593597728872-1536x1085.jpg 1536w, https:\/\/spark-faucet.com\/wp-content\/uploads\/2020\/11\/mmexport1593597728872-2048x1447.jpg 2048w, https:\/\/spark-faucet.com\/wp-content\/uploads\/2020\/11\/mmexport1593597728872-600x424.jpg 600w\" sizes=\"(max-width: 1200px) 100vw, 1200px\" \/> <img decoding=\"async\" class=\"alignnone wp-image-5810\" src=\"http:\/\/spark-faucet.com\/wp-content\/uploads\/2020\/11\/mmexport1593597724433-scaled.jpg\" alt=\"mmexport1593597724433\" width=\"1200\" height=\"848\" srcset=\"https:\/\/spark-faucet.com\/wp-content\/uploads\/2020\/11\/mmexport1593597724433-scaled.jpg 2560w, https:\/\/spark-faucet.com\/wp-content\/uploads\/2020\/11\/mmexport1593597724433-300x212.jpg 300w, https:\/\/spark-faucet.com\/wp-content\/uploads\/2020\/11\/mmexport1593597724433-1024x724.jpg 1024w, https:\/\/spark-faucet.com\/wp-content\/uploads\/2020\/11\/mmexport1593597724433-768x543.jpg 768w, https:\/\/spark-faucet.com\/wp-content\/uploads\/2020\/11\/mmexport1593597724433-1536x1085.jpg 1536w, https:\/\/spark-faucet.com\/wp-content\/uploads\/2020\/11\/mmexport1593597724433-2048x1447.jpg 2048w, https:\/\/spark-faucet.com\/wp-content\/uploads\/2020\/11\/mmexport1593597724433-600x424.jpg 600w\" sizes=\"(max-width: 1200px) 100vw, 1200px\" \/><\/p>\n<p>&nbsp;<\/p>\n<p style=\"text-align: center;\">","protected":false},"excerpt":{"rendered":"<p>Glory kollekci\u00f3nk letisztult vonalvezet\u00e9s\u00e9vel a hagyom\u00e1nyos \u00e9s a modern st\u00edlusokat egyar\u00e1nt kieg\u00e9sz\u00edti.<\/p>\n<ul>\n<li>Sorozat: Dics\u0151s\u00e9g sorozat<\/li>\n<li>Modell:  26-S<\/li>\n<li>Egykaros mosd\u00f3csaptelep<\/li>\n<li>S\u00e1rgar\u00e9z csaptelep test<\/li>\n<li>Ker\u00e1mia patron:  KCG, Sedal, Kerox, Yizhan<\/li>\n<li>Garancia: 6 \u00e9v<\/li>\n<li>Csaptelep tan\u00fas\u00edt\u00e1s:<\/li>\n<\/ul>","protected":false},"featured_media":5808,"template":"","meta":{"_seopress_robots_primary_cat":"27"},"product_cat":[27],"product_tag":[30,29,28],"_links":{"self":[{"href":"https:\/\/spark-faucet.com\/hu\/wp-json\/wp\/v2\/product\/5806"}],"collection":[{"href":"https:\/\/spark-faucet.com\/hu\/wp-json\/wp\/v2\/product"}],"about":[{"href":"https:\/\/spark-faucet.com\/hu\/wp-json\/wp\/v2\/types\/product"}],"wp:featuredmedia":[{"embeddable":true,"href":"https:\/\/spark-faucet.com\/hu\/wp-json\/wp\/v2\/media\/5808"}],"wp:attachment":[{"href":"https:\/\/spark-faucet.com\/hu\/wp-json\/wp\/v2\/media?parent=5806"}],"wp:term":[{"taxonomy":"product_cat","embeddable":true,"href":"https:\/\/spark-faucet.com\/hu\/wp-json\/wp\/v2\/product_cat?post=5806"},{"taxonomy":"product_tag","embeddable":true,"href":"https:\/\/spark-faucet.com\/hu\/wp-json\/wp\/v2\/product_tag?post=5806"}],"curies":[{"name":"wp","href":"https:\/\/api.w.org\/{rel}","templated":true}]}}