{"id":4795,"date":"2020-06-17T02:04:48","date_gmt":"2020-06-17T02:04:48","guid":{"rendered":"http:\/\/spark-faucet.com\/?post_type=product&#038;p=4795"},"modified":"2023-11-18T06:32:56","modified_gmt":"2023-11-18T06:32:56","slug":"luxury-design-high-end-copper-gold-bathroom-faucet","status":"publish","type":"product","link":"https:\/\/spark-faucet.com\/hu\/termek\/luxury-design-high-end-copper-gold-bathroom-faucet\/","title":{"rendered":"Luxus design cs\u00facskateg\u00f3ri\u00e1s r\u00e9z arany f\u00fcrd\u0151szoba csaptelep"},"content":{"rendered":"<p><img fetchpriority=\"high\" decoding=\"async\" class=\"wp-image-7785 size-full aligncenter\" src=\"http:\/\/spark-faucet.com\/wp-content\/uploads\/2020\/11\/1-33_.png\" alt=\"1-33_\" width=\"750\" height=\"550\" srcset=\"https:\/\/spark-faucet.com\/wp-content\/uploads\/2020\/11\/1-33_.png 750w, https:\/\/spark-faucet.com\/wp-content\/uploads\/2020\/11\/1-33_-300x220.png 300w, https:\/\/spark-faucet.com\/wp-content\/uploads\/2020\/11\/1-33_-600x440.png 600w\" sizes=\"(max-width: 750px) 100vw, 750px\" \/><\/p>\n<p><img decoding=\"async\" class=\"wp-image-7786 size-full aligncenter\" src=\"http:\/\/spark-faucet.com\/wp-content\/uploads\/2020\/11\/2-Product-Description.png\" alt=\"2-Term\u00e9kle\u00edr\u00e1s\" width=\"750\" height=\"107\" srcset=\"https:\/\/spark-faucet.com\/wp-content\/uploads\/2020\/11\/2-Product-Description.png 750w, https:\/\/spark-faucet.com\/wp-content\/uploads\/2020\/11\/2-Product-Description-300x43.png 300w, https:\/\/spark-faucet.com\/wp-content\/uploads\/2020\/11\/2-Product-Description-600x86.png 600w\" sizes=\"(max-width: 750px) 100vw, 750px\" \/><br \/>\n<img decoding=\"async\" class=\"wp-image-7798 size-full aligncenter\" src=\"http:\/\/spark-faucet.com\/wp-content\/uploads\/2020\/06\/33105RB.png\" alt=\"33105RB\" width=\"800\" height=\"800\" srcset=\"https:\/\/spark-faucet.com\/wp-content\/uploads\/2020\/06\/33105RB.png 800w, https:\/\/spark-faucet.com\/wp-content\/uploads\/2020\/06\/33105RB-300x300.png 300w, https:\/\/spark-faucet.com\/wp-content\/uploads\/2020\/06\/33105RB-150x150.png 150w, https:\/\/spark-faucet.com\/wp-content\/uploads\/2020\/06\/33105RB-768x768.png 768w, https:\/\/spark-faucet.com\/wp-content\/uploads\/2020\/06\/33105RB-600x600.png 600w, https:\/\/spark-faucet.com\/wp-content\/uploads\/2020\/06\/33105RB-100x100.png 100w\" sizes=\"(max-width: 800px) 100vw, 800px\" \/><\/p>\n<table class=\"aligncenter\" style=\"border-collapse: collapse; width: 750px; border: solid 1px #e6e3e3; background-color: #ffffff; margin-left: auto; margin-right: auto;\" border=\"1\">\n<tbody>\n<tr style=\"height: 30px;\">\n<td style=\"width: 300px; border: 1px solid #e6e3e3; height: 30px; text-align: left;\" valign=\"center\"><span style=\"color: #000000;\"><strong>Anyag<\/strong><\/span><\/td>\n<td style=\"width: 700px; border: 1px solid #e6e3e3; height: 30px;\" valign=\"center\"><span style=\"color: #000000;\">S\u00e1rgar\u00e9z f\u0151test \u00e9s cink\u00f6tv\u00f6zetb\u0151l k\u00e9sz\u00fclt foganty\u00fa<\/span><\/td>\n<\/tr>\n<tr style=\"height: 30px;\">\n<td style=\"width: 300px; border: 1px solid #e6e3e3; height: 30px; text-align: left;\" valign=\"center\"><span style=\"color: #000000;\"><strong>S\u00e1rgar\u00e9z tartalom<\/strong><\/span><\/td>\n<td style=\"width: 700px; border: 1px solid #e6e3e3; height: 30px;\" valign=\"center\"><span style=\"color: #000000;\">\u226559%<\/span><\/td>\n<\/tr>\n<tr style=\"height: 30px;\">\n<td style=\"width: 300px; border: 1px solid #e6e3e3; height: 30px; text-align: left;\" valign=\"center\"><span style=\"color: #000000;\"><strong>Patron<\/strong><\/span><\/td>\n<td style=\"width: 700px; border: 1px solid #e6e3e3; height: 30px;\" valign=\"center\"><span style=\"color: #000000;\">KCG, Sedal, Kerox, Yizhan<\/span><\/td>\n<\/tr>\n<tr style=\"height: 30px;\">\n<td style=\"width: 300px; border: 1px solid #e6e3e3; height: 30px; text-align: left;\" valign=\"center\"><span style=\"color: #000000;\"><strong>Patron \u00e9lettartama<\/strong><\/span><\/td>\n<td style=\"width: 700px; border: 1px solid #e6e3e3; height: 30px;\" valign=\"center\"><span style=\"color: #000000;\">500 000 alkalommal nyit \u00e9s z\u00e1r<\/span><\/td>\n<\/tr>\n<tr style=\"height: 30px;\">\n<td style=\"width: 300px; border: 1px solid #e6e3e3; height: 30px; text-align: left;\" valign=\"center\"><span style=\"color: #000000;\"><strong>Szell\u0151ztet\u0151<\/strong><\/span><\/td>\n<td style=\"width: 700px; border: 1px solid #e6e3e3; height: 30px;\" valign=\"center\"><span style=\"color: #000000;\">Neoperl<\/span><\/td>\n<\/tr>\n<tr style=\"height: 30px;\">\n<td style=\"width: 300px; border: 1px solid #e6e3e3; height: 30px; text-align: left;\" valign=\"center\"><span style=\"color: #000000;\"><strong>Rugalmas t\u00f6ml\u0151<\/strong><\/span><\/td>\n<td style=\"width: 700px; border: 1px solid #e6e3e3; height: 30px;\" valign=\"center\"><span style=\"color: #000000;\">304 rozsdamentes ac\u00e9l, vastag EPDM bels\u0151 t\u00f6ml\u0151vel<\/span><\/td>\n<\/tr>\n<tr style=\"height: 30px;\">\n<td style=\"width: 300px; border: 1px solid #e6e3e3; height: 30px; text-align: left;\" valign=\"center\"><span style=\"color: #000000;\"><strong>Garancia<\/strong><\/span><\/td>\n<td style=\"width: 700px; border: 1px solid #e6e3e3; height: 30px;\" valign=\"center\"><span style=\"color: #000000;\">6 \u00e9v korl\u00e1tozott<\/span><\/td>\n<\/tr>\n<tr style=\"height: 30px;\">\n<td style=\"width: 300px; border: 1px solid #e6e3e3; height: 30px; text-align: left;\" valign=\"center\"><span style=\"color: #000000;\"><strong>S\u00f3s permetez\u00e9si teszt<\/strong><\/span><\/td>\n<td style=\"width: 700px; border: 1px solid #e6e3e3; height: 30px;\" valign=\"center\"><span style=\"color: #000000;\">24 \u00f3ra<\/span><\/td>\n<\/tr>\n<tr style=\"height: 30px;\">\n<td style=\"width: 300px; border: 1px solid #e6e3e3; height: 30px; text-align: left;\" valign=\"center\"><span style=\"color: #000000;\"><strong>V\u00edznyom\u00e1s vizsg\u00e1lat<\/strong><\/span><\/td>\n<td style=\"width: 700px; border: 1px solid #e6e3e3; height: 30px;\" valign=\"center\"><span style=\"color: #000000;\">1,6 Mpa<\/span><\/td>\n<\/tr>\n<tr style=\"height: 30px;\">\n<td style=\"width: 300px; border: 1px solid #e6e3e3; height: 30px; text-align: left;\" valign=\"center\"><span style=\"color: #000000;\"><strong>Leveg\u0151nyom\u00e1s-vizsg\u00e1lat<\/strong><\/span><\/td>\n<td style=\"width: 700px; border: 1px solid #e6e3e3; height: 30px;\" valign=\"center\"><span style=\"color: #000000;\">0,6 Mpa<\/span><\/td>\n<\/tr>\n<tr style=\"height: 30px;\">\n<td style=\"width: 300px; border: 1px solid #e6e3e3; height: 30px; text-align: left;\" valign=\"center\"><span style=\"color: #000000;\"><strong>V\u00edz\u00e1raml\u00e1s<\/strong><\/span><\/td>\n<td style=\"width: 700px; border: 1px solid #e6e3e3; height: 30px;\" valign=\"center\"><span style=\"color: #000000;\">\u226512L\/min<\/span><\/td>\n<\/tr>\n<\/tbody>\n<\/table>\n<p><img loading=\"lazy\" decoding=\"async\" class=\"size-full wp-image-7789 aligncenter\" src=\"http:\/\/spark-faucet.com\/wp-content\/uploads\/2020\/11\/3-19.png\" alt=\"3-19\" width=\"750\" height=\"620\" srcset=\"https:\/\/spark-faucet.com\/wp-content\/uploads\/2020\/11\/3-19.png 750w, https:\/\/spark-faucet.com\/wp-content\/uploads\/2020\/11\/3-19-300x248.png 300w, https:\/\/spark-faucet.com\/wp-content\/uploads\/2020\/11\/3-19-600x496.png 600w\" sizes=\"(max-width: 750px) 100vw, 750px\" \/><img loading=\"lazy\" decoding=\"async\" class=\"size-full wp-image-7790 aligncenter\" src=\"http:\/\/spark-faucet.com\/wp-content\/uploads\/2020\/11\/3-\u914d\u7f6e\u548ccertificates.png\" alt=\"3-\u914d\u7f6e\u548c bizony\u00edtv\u00e1nyok\" width=\"750\" height=\"2278\" srcset=\"https:\/\/spark-faucet.com\/wp-content\/uploads\/2020\/11\/3-\u914d\u7f6e\u548ccertificates.png 750w, https:\/\/spark-faucet.com\/wp-content\/uploads\/2020\/11\/3-\u914d\u7f6e\u548ccertificates-99x300.png 99w, https:\/\/spark-faucet.com\/wp-content\/uploads\/2020\/11\/3-\u914d\u7f6e\u548ccertificates-337x1024.png 337w, https:\/\/spark-faucet.com\/wp-content\/uploads\/2020\/11\/3-\u914d\u7f6e\u548ccertificates-506x1536.png 506w, https:\/\/spark-faucet.com\/wp-content\/uploads\/2020\/11\/3-\u914d\u7f6e\u548ccertificates-674x2048.png 674w, https:\/\/spark-faucet.com\/wp-content\/uploads\/2020\/11\/3-\u914d\u7f6e\u548ccertificates-600x1822.png 600w\" sizes=\"(max-width: 750px) 100vw, 750px\" \/><\/p>","protected":false},"excerpt":{"rendered":"<p>A masszivit\u00e1s \u00e9s a szil\u00e1rds\u00e1g a teljes f\u00e9m text\u00far\u00e1kkal h\u0171v\u00f6s \u00e9s nyugodt tervez\u00e9si st\u00edlust tart, a napi eml\u00e9keztet\u0151, hogy mindig ragyogjon egy kicsit f\u00e9nyesebb!<\/p>\n<ul>\n<li>Sorozat: Rio sorozat<\/li>\n<li>Modell:  33105<\/li>\n<li>Fali mosd\u00f3kagyl\u00f3 kever\u0151<\/li>\n<li>S\u00e1rgar\u00e9z csaptelep test<\/li>\n<li>Ker\u00e1mia patron:  KCG, Sedal, Kerox, Yizhan<\/li>\n<li>Csaptelep tan\u00fas\u00edt\u00e1s:<\/li>\n<\/ul>","protected":false},"featured_media":7798,"template":"","meta":{"_seopress_robots_primary_cat":"none"},"product_cat":[23],"product_tag":[30,29,28],"_links":{"self":[{"href":"https:\/\/spark-faucet.com\/hu\/wp-json\/wp\/v2\/product\/4795"}],"collection":[{"href":"https:\/\/spark-faucet.com\/hu\/wp-json\/wp\/v2\/product"}],"about":[{"href":"https:\/\/spark-faucet.com\/hu\/wp-json\/wp\/v2\/types\/product"}],"wp:featuredmedia":[{"embeddable":true,"href":"https:\/\/spark-faucet.com\/hu\/wp-json\/wp\/v2\/media\/7798"}],"wp:attachment":[{"href":"https:\/\/spark-faucet.com\/hu\/wp-json\/wp\/v2\/media?parent=4795"}],"wp:term":[{"taxonomy":"product_cat","embeddable":true,"href":"https:\/\/spark-faucet.com\/hu\/wp-json\/wp\/v2\/product_cat?post=4795"},{"taxonomy":"product_tag","embeddable":true,"href":"https:\/\/spark-faucet.com\/hu\/wp-json\/wp\/v2\/product_tag?post=4795"}],"curies":[{"name":"wp","href":"https:\/\/api.w.org\/{rel}","templated":true}]}}