{"id":5838,"date":"2020-11-23T06:51:09","date_gmt":"2020-11-23T06:51:09","guid":{"rendered":"http:\/\/spark-faucet.com\/?page_id=5838"},"modified":"2020-11-23T06:51:10","modified_gmt":"2020-11-23T06:51:10","slug":"sitemap","status":"publish","type":"page","link":"https:\/\/spark-faucet.com\/hu\/sitemap\/","title":{"rendered":"Oldalt\u00e9rk\u00e9p"},"content":{"rendered":"<div class=\"wrap-html-sitemap sp-html-sitemap\"><div class=\"sp-wrap-cpt\"><h2 class=\"sp-cpt-name\">Oldalak<\/h2><ul class=\"sp-list-posts sp-cpt-hierarchical\"><li class=\"page_item page-item-5838\"><a href=\"https:\/\/spark-faucet.com\/hu\/sitemap\/\">Oldalt\u00e9rk\u00e9p<\/a><\/li><li class=\"page_item page-item-5236\"><a href=\"https:\/\/spark-faucet.com\/hu\/videos\/\">VIDE\u00d3K<\/a><\/li><li class=\"page_item page-item-3684 current_page_parent\"><a href=\"https:\/\/spark-faucet.com\/hu\/blog\/\">Blog<\/a><\/li><li class=\"page_item page-item-3043\"><a href=\"https:\/\/spark-faucet.com\/hu\/certificates\/\">Tan\u00fas\u00edtv\u00e1nyok<\/a><\/li><li class=\"page_item page-item-3004\"><a href=\"https:\/\/spark-faucet.com\/hu\/quality-management\/\">Min\u0151s\u00e9gir\u00e1ny\u00edt\u00e1s<\/a><\/li><li class=\"page_item page-item-2472\"><a href=\"https:\/\/spark-faucet.com\/hu\/thank-you\/\">K\u00f6sz\u00f6n\u00f6m<\/a><\/li><li class=\"page_item page-item-2371\"><a href=\"https:\/\/spark-faucet.com\/hu\/product\/\">Term\u00e9k<\/a><\/li><li class=\"page_item page-item-1928\"><a href=\"https:\/\/spark-faucet.com\/hu\/not-important\/\">Nem fontos<\/a><\/li><li class=\"page_item page-item-1922\"><a href=\"https:\/\/spark-faucet.com\/hu\/privacy-policy\/\">Adatv\u00e9delmi ir\u00e1nyelvek<\/a><\/li><li class=\"page_item page-item-1902\"><a href=\"https:\/\/spark-faucet.com\/hu\/contact\/\">Kapcsolat<\/a><\/li><li class=\"page_item page-item-1896\"><a href=\"https:\/\/spark-faucet.com\/hu\/about-spark\/\">A Sparkr\u00f3l<\/a><\/li><li class=\"page_item page-item-1884\"><a href=\"https:\/\/spark-faucet.com\/hu\/\">Home<\/a><\/li><\/ul><\/div><div class=\"sp-wrap-cpt\"><h2 class=\"sp-cpt-name\">Bejegyz\u00e9sek<\/h2><div class=\"sp-wrap-cats\"><div class=\"sp-wrap-cat\"><h3 class=\"sp-cat-name\"><a href=\"https:\/\/spark-faucet.com\/hu\/category\/all\/\">Minden<\/a><\/h3><ul class=\"sp-list-posts\"><li><a href=\"https:\/\/spark-faucet.com\/hu\/top-8-ceramic-faucet-cartridge-manufacturers-in-china\/\">Top 8 ker\u00e1mia csaptelep patron gy\u00e1rt\u00f3k K\u00edn\u00e1ban<\/a> - janu\u00e1r 2. 2024<\/li><li><a href=\"https:\/\/spark-faucet.com\/hu\/top-7-ceramic-faucet-cartridge-manufacturers-in-europe-an-insiders-guide\/\">Top 7 ker\u00e1mia csaptelep patrongy\u00e1rt\u00f3 Eur\u00f3p\u00e1ban: Egy bennfentes \u00fatmutat\u00f3ja<\/a> - december 22. 2023<\/li><li><a href=\"https:\/\/spark-faucet.com\/hu\/unlocking-the-future-of-faucet-manufacturing-pvd-technologys-advantages\/\">A csaptelepgy\u00e1rt\u00e1s j\u00f6v\u0151j\u00e9nek felt\u00e1r\u00e1sa: PVD technol\u00f3gia el\u0151nyei<\/a> - november 4. 2023<\/li><li><a href=\"https:\/\/spark-faucet.com\/hu\/finding-a-reliable-china-faucet-manufacturer-a-complete-guide\/\">Megb\u00edzhat\u00f3 k\u00ednai csaptelepgy\u00e1rt\u00f3k megtal\u00e1l\u00e1sa: A Complete Guide<\/a> - november 4. 2023<\/li><li><a href=\"https:\/\/spark-faucet.com\/hu\/the-difference-between-oem-and-odm-faucet-manufacturers\/\">Az OEM \u00e9s ODM csaptelepgy\u00e1rt\u00f3k k\u00f6z\u00f6tti k\u00fcl\u00f6nbs\u00e9g<\/a> - szeptember 2023.<\/li><li><a href=\"https:\/\/spark-faucet.com\/hu\/the-difference-between-stainless-steel-faucets-and-copper-faucets\/\">A rozsdamentes ac\u00e9lcsaptelepek \u00e9s a r\u00e9zcsaptelepek k\u00f6z\u00f6tti k\u00fcl\u00f6nbs\u00e9g.<\/a> - 4 m\u00e1rcius 2023<\/li><li><a href=\"https:\/\/spark-faucet.com\/hu\/inventory-of-mergers-and-acquisitions-in-the-bathroom-industry-in-the-first-half-of-2022\/\">F\u00fazi\u00f3k \u00e9s felv\u00e1s\u00e1rl\u00e1sok lelt\u00e1ra a f\u00fcrd\u0151szobaiparban 2022 els\u0151 fel\u00e9ben<\/a> - 27 j\u00falius 2022<\/li><li><a href=\"https:\/\/spark-faucet.com\/hu\/watermark-tapware-manufacturer-in-china\/\">Watermark Tapware Gy\u00e1rt\u00f3: A China Partnership for Superior Quality<\/a> - janu\u00e1r 3, 2022<\/li><li><a href=\"https:\/\/spark-faucet.com\/hu\/rcep-will-change-your-purchasing-zero-tariff-cooperation\/\">A RCEP meg fogja v\u00e1ltoztatni a v\u00e1s\u00e1rl\u00e1sait - Nulla v\u00e1mt\u00e9tel\u0171 egy\u00fcttm\u0171k\u00f6d\u00e9s<\/a> - 2020. november 17.<\/li><li><a href=\"https:\/\/spark-faucet.com\/hu\/how-to-wholesale-faucet-from-china\/\">Hogyan lehet K\u00edn\u00e1b\u00f3l nagykereskedelmi csaptelepeket v\u00e1s\u00e1rolni?<\/a> - 2020. okt\u00f3ber 29.<\/li><li><a href=\"https:\/\/spark-faucet.com\/hu\/faucet-manufacturing-process\/\">Csaptelep gy\u00e1rt\u00e1si folyamat: A s\u00e1rgar\u00e9z r\u00fadt\u00f3l a csaptelepekig<\/a> - 10 okt\u00f3ber 2020<\/li><li><a href=\"https:\/\/spark-faucet.com\/hu\/china-faucet-manufacturers\/\">K\u00edna csaptelep gy\u00e1rt\u00f3ja: Min\u0151s\u00e9g, formatervez\u00e9s \u00e9s m\u00e9retar\u00e1nyok bemutat\u00e1sa<\/a> - 24 augusztus 2020<\/li><li><a href=\"https:\/\/spark-faucet.com\/hu\/how-to-check-the-quality-of-faucet\/\">Hogyan ellen\u0151rizze a csaptelep min\u0151s\u00e9g\u00e9t?<\/a> - 19 m\u00e1jus 2020<\/li><li><a href=\"https:\/\/spark-faucet.com\/hu\/how-do-spark-control-the-quality-of-faucet\/\">Hogyan ellen\u0151rzi a SPARK a csaptelep min\u0151s\u00e9g\u00e9t?<\/a> - 19 m\u00e1jus 2020<\/li><\/ul><\/div><\/div><\/div><div class=\"sp-wrap-cpt\"><h2 class=\"sp-cpt-name\">Term\u00e9kek<\/h2><div class=\"sp-wrap-cats\"><div class=\"sp-wrap-cat\"><h3 class=\"sp-cat-name\"><a href=\"https:\/\/spark-faucet.com\/hu\/products\/bath-shower-faucet\/\">F\u00fcrd\u0151 \u00e9s zuhanycsaptelep<\/a><\/h3><ul class=\"sp-list-posts\"><li><a href=\"https:\/\/spark-faucet.com\/hu\/termek\/luxury-design-gold-hot-cold-waterfall-shower-set\/\">Luxus design arany hideg \u00e9s meleg v\u00edzes\u00e9s zuhanyk\u00e9szlet<\/a> - december 6. 2023<\/li><li><a href=\"https:\/\/spark-faucet.com\/hu\/termek\/spark-original-design-bath-brush-gold-freestanding-faucet\/\">Szikra eredeti design k\u00e1d kefe arany szabadon \u00e1ll\u00f3 csaptelep<\/a> - 2020. j\u00fanius 17.<\/li><li><a href=\"https:\/\/spark-faucet.com\/hu\/termek\/spark-original-design-surface-mounted-shower-column\/\">Spark eredeti design felsz\u00edni zuhanyoszlop<\/a> - 2020. j\u00fanius 17.<\/li><li><a href=\"https:\/\/spark-faucet.com\/hu\/termek\/luxury-design-brass-bath-free-standing-bathtub-faucet\/\">Luxus design s\u00e1rgar\u00e9z f\u00fcrd\u0151 szabadon \u00e1ll\u00f3 f\u00fcrd\u0151k\u00e1d csaptelep<\/a> - 2020. j\u00fanius 17.<\/li><li><a href=\"https:\/\/spark-faucet.com\/hu\/termek\/luxury-design-bathroom-brass-rain-concealed-shower-set\/\">Luxus design f\u00fcrd\u0151szoba s\u00e1rgar\u00e9z es\u0151 zuhanyz\u00f3 szett<\/a> - 2020. j\u00fanius 17.<\/li><li><a href=\"https:\/\/spark-faucet.com\/hu\/termek\/luxury-design-gold-hot-cold-water-shower-set\/\">Luxus design arany forr\u00f3 \u00e9s hideg vizes zuhanyk\u00e9szlet<\/a> - 2020. j\u00fanius 17.<\/li><\/ul><\/div><div class=\"sp-wrap-cat\"><h3 class=\"sp-cat-name\"><a href=\"https:\/\/spark-faucet.com\/hu\/products\/bathroom-accessories\/\">F\u00fcrd\u0151szobai kieg\u00e9sz\u00edt\u0151k<\/a><\/h3><ul class=\"sp-list-posts\"><li><a href=\"https:\/\/spark-faucet.com\/hu\/termek\/kaiping-manufacturer-brass-bathroom-accessories\/\">Kaiping gy\u00e1rt\u00f3 s\u00e1rgar\u00e9z f\u00fcrd\u0151szobai kieg\u00e9sz\u00edt\u0151k<\/a> - 2020. november 17.<\/li><\/ul><\/div><div class=\"sp-wrap-cat\"><h3 class=\"sp-cat-name\"><a href=\"https:\/\/spark-faucet.com\/hu\/products\/bathroom-faucet\/\">F\u00fcrd\u0151szoba csaptelep<\/a><\/h3><ul class=\"sp-list-posts\"><li><a href=\"https:\/\/spark-faucet.com\/hu\/termek\/australian-standard-bathroom-taps-watermark-faucet\/\">Australian Standard f\u00fcrd\u0151szoba csaptelepek Watermark csaptelep<\/a> - 2020. november 17.<\/li><li><a href=\"https:\/\/spark-faucet.com\/hu\/termek\/australian-standard-taps-watermark-bathroom-tapware\/\">Australian Standard csapok Watermark f\u00fcrd\u0151szobai csaptelepek<\/a> - 2020. november 17.<\/li><li><a href=\"https:\/\/spark-faucet.com\/hu\/termek\/luxury-black-bathroom-faucets-torneira-banheiro\/\">Luxus fekete f\u00fcrd\u0151szoba csaptelepek torneira banheiro<\/a> - 2020. november 17.<\/li><li><a href=\"https:\/\/spark-faucet.com\/hu\/termek\/kaiping-design-brass-basin-mixer-bathroom-faucet\/\">Kaiping design s\u00e1rgar\u00e9z mosd\u00f3kagyl\u00f3 kever\u0151 f\u00fcrd\u0151szoba csaptelep<\/a> - 2020. november 17.<\/li><li><a href=\"https:\/\/spark-faucet.com\/hu\/termek\/spark-original-design-brass-rose-gold-basin-mixer-bathroom-taps\/\">Spark eredeti design s\u00e1rgar\u00e9z r\u00f3zsa arany mosd\u00f3kagyl\u00f3 kever\u0151 f\u00fcrd\u0151szobai csaptelepek<\/a> - 2020. j\u00fanius 17.<\/li><li><a href=\"https:\/\/spark-faucet.com\/hu\/termek\/spark-sanitary-ware-hot-cold-clack-copper-water-taps\/\">Spark Sanitary Ware forr\u00f3 hideg csattog\u00f3 r\u00e9z v\u00edzcsapok<\/a> - 2020. j\u00fanius 17.<\/li><li><a href=\"https:\/\/spark-faucet.com\/hu\/termek\/spark-sanitary-ware-hot-cold-gold-copper-water-taps\/\">Spark Sanitary Ware forr\u00f3 hideg arany r\u00e9z v\u00edzcsapok<\/a> - 2020. j\u00fanius 17.<\/li><li><a href=\"https:\/\/spark-faucet.com\/hu\/termek\/luxury-design-high-end-copper-gold-bathroom-faucet\/\">Luxus design cs\u00facskateg\u00f3ri\u00e1s r\u00e9z arany f\u00fcrd\u0151szoba csaptelep<\/a> - 2020. j\u00fanius 17.<\/li><li><a href=\"https:\/\/spark-faucet.com\/hu\/termek\/new-arrival-copper-matte-black-taps-bathroom\/\">\u00daj \u00e9rkez\u00e9s r\u00e9z matt fekete csapok f\u00fcrd\u0151szoba<\/a> - 2020. j\u00fanius 17.<\/li><li><a href=\"https:\/\/spark-faucet.com\/hu\/termek\/new-arrival-black-color-round-brass-basin-faucets-bathroom\/\">\u00daj \u00e9rkez\u00e9s fekete sz\u00edn\u0171 kerek s\u00e1rgar\u00e9z medencecsapok f\u00fcrd\u0151szoba<\/a> - 16 j\u00fanius 2020<\/li><li><a href=\"https:\/\/spark-faucet.com\/hu\/termek\/new-arrival-copper-rose-gold-bathroom-basin-taps\/\">\u00daj \u00e9rkez\u00e9s r\u00e9z r\u00f3zsa arany f\u00fcrd\u0151szoba mosd\u00f3csapok<\/a> - 16 j\u00fanius 2020<\/li><li><a href=\"https:\/\/spark-faucet.com\/hu\/termek\/professional-manufacture-brass-mixers-for-bathrooms\/\">Professzion\u00e1lis gy\u00e1rt\u00e1s s\u00e1rgar\u00e9z kever\u0151k a f\u00fcrd\u0151szob\u00e1khoz<\/a> - 13 m\u00e1jus 2020<\/li><li><a href=\"https:\/\/spark-faucet.com\/hu\/termek\/new-design-square-basin-mixer-brass-matte-black-bathroom-faucets\/\">\u00daj design n\u00e9gyzet alak\u00fa mosd\u00f3kagyl\u00f3 kever\u0151 s\u00e1rgar\u00e9z matt fekete f\u00fcrd\u0151szoba csaptelepek<\/a> - 13 m\u00e1jus 2020<\/li><li><a href=\"https:\/\/spark-faucet.com\/hu\/termek\/spark-original-design-bathroom-brass-brush-gold-basin-faucets\/\">Szikra eredeti design f\u00fcrd\u0151szoba s\u00e1rgar\u00e9z kefe arany mosd\u00f3csaptelepek<\/a> - 13 m\u00e1jus 2020<\/li><li><a href=\"https:\/\/spark-faucet.com\/hu\/termek\/luxury-design-golden-brass-bathroom-gold-basin-faucet\/\">Luxus design arany s\u00e1rgar\u00e9z f\u00fcrd\u0151szoba arany mosd\u00f3csaptelep<\/a> - 14 \u00e1prilis 2020<\/li><\/ul><\/div><div class=\"sp-wrap-cat\"><h3 class=\"sp-cat-name\"><a href=\"https:\/\/spark-faucet.com\/hu\/products\/kitchen-faucet\/\">Konyhai csaptelep<\/a><\/h3><ul class=\"sp-list-posts\"><li><a href=\"https:\/\/spark-faucet.com\/hu\/termek\/luxury-design-single-lever-pull-out-sprayer-faucet-for-kitchen-sink\/\">Luxus design egykaros kih\u00fazhat\u00f3 sz\u00f3r\u00f3fejes csaptelep konyhai mosogat\u00f3hoz<\/a> - 2020. j\u00fanius 17.<\/li><li><a href=\"https:\/\/spark-faucet.com\/hu\/termek\/luxury-design-brass-gold-faucet-kitchen\/\">Luxus design s\u00e1rgar\u00e9z arany csaptelep konyha<\/a> - 2020. j\u00fanius 17.<\/li><\/ul><\/div><\/div><\/div><\/div>","protected":false},"excerpt":{"rendered":"","protected":false},"author":1,"featured_media":0,"parent":0,"menu_order":0,"comment_status":"closed","ping_status":"closed","template":"","meta":{"_seopress_robots_primary_cat":"","footnotes":""},"_links":{"self":[{"href":"https:\/\/spark-faucet.com\/hu\/wp-json\/wp\/v2\/pages\/5838"}],"collection":[{"href":"https:\/\/spark-faucet.com\/hu\/wp-json\/wp\/v2\/pages"}],"about":[{"href":"https:\/\/spark-faucet.com\/hu\/wp-json\/wp\/v2\/types\/page"}],"author":[{"embeddable":true,"href":"https:\/\/spark-faucet.com\/hu\/wp-json\/wp\/v2\/users\/1"}],"replies":[{"embeddable":true,"href":"https:\/\/spark-faucet.com\/hu\/wp-json\/wp\/v2\/comments?post=5838"}],"version-history":[{"count":1,"href":"https:\/\/spark-faucet.com\/hu\/wp-json\/wp\/v2\/pages\/5838\/revisions"}],"predecessor-version":[{"id":5840,"href":"https:\/\/spark-faucet.com\/hu\/wp-json\/wp\/v2\/pages\/5838\/revisions\/5840"}],"wp:attachment":[{"href":"https:\/\/spark-faucet.com\/hu\/wp-json\/wp\/v2\/media?parent=5838"}],"curies":[{"name":"wp","href":"https:\/\/api.w.org\/{rel}","templated":true}]}}