{"id":2472,"date":"2020-04-18T03:16:02","date_gmt":"2020-04-18T03:16:02","guid":{"rendered":"http:\/\/spark-faucet.com\/?page_id=2472"},"modified":"2023-12-29T08:10:12","modified_gmt":"2023-12-29T08:10:12","slug":"thank-you","status":"publish","type":"page","link":"https:\/\/spark-faucet.com\/hu\/thank-you\/","title":{"rendered":"K\u00f6sz\u00f6n\u00f6m"},"content":{"rendered":"<div data-elementor-type=\"wp-page\" data-elementor-id=\"2472\" class=\"elementor elementor-2472\" data-elementor-post-type=\"page\">\n\t\t\t\t\t\t<section class=\"elementor-section elementor-top-section elementor-element elementor-element-f25f658 elementor-section-boxed elementor-section-height-default elementor-section-height-default\" data-id=\"f25f658\" data-element_type=\"section\">\n\t\t\t\t\t\t<div class=\"elementor-container elementor-column-gap-default\">\n\t\t\t\t\t<div class=\"elementor-column elementor-col-100 elementor-top-column elementor-element elementor-element-a4c404c\" data-id=\"a4c404c\" data-element_type=\"column\">\n\t\t\t<div class=\"elementor-widget-wrap elementor-element-populated\">\n\t\t\t\t\t\t<div class=\"elementor-element elementor-element-45fb626 elementor-widget elementor-widget-heading\" data-id=\"45fb626\" data-element_type=\"widget\" data-widget_type=\"heading.default\">\n\t\t\t\t<div class=\"elementor-widget-container\">\n\t\t\t<h1 class=\"elementor-heading-title elementor-size-default\">K\u00f6sz\u00f6n\u00f6m!<\/h1>\t\t<\/div>\n\t\t\t\t<\/div>\n\t\t\t\t\t<\/div>\n\t\t<\/div>\n\t\t\t\t\t<\/div>\n\t\t<\/section>\n\t\t\t\t<section class=\"elementor-section elementor-top-section elementor-element elementor-element-055f752 elementor-section-boxed elementor-section-height-default elementor-section-height-default\" data-id=\"055f752\" data-element_type=\"section\">\n\t\t\t\t\t\t<div class=\"elementor-container elementor-column-gap-default\">\n\t\t\t\t\t<div class=\"elementor-column elementor-col-50 elementor-top-column elementor-element elementor-element-a8b5fff\" data-id=\"a8b5fff\" data-element_type=\"column\">\n\t\t\t<div class=\"elementor-widget-wrap elementor-element-populated\">\n\t\t\t\t\t\t<div class=\"elementor-element elementor-element-ea250db elementor-widget elementor-widget-image\" data-id=\"ea250db\" data-element_type=\"widget\" data-widget_type=\"image.default\">\n\t\t\t\t<div class=\"elementor-widget-container\">\n\t\t\t\t\t\t\t\t\t\t\t\t\t<img fetchpriority=\"high\" decoding=\"async\" width=\"600\" height=\"426\" src=\"https:\/\/spark-faucet.com\/wp-content\/uploads\/2020\/04\/Thank-you-page.png\" class=\"attachment-large size-large wp-image-2475\" alt=\"K\u00f6sz\u00f6n\u00f6m oldal\" srcset=\"https:\/\/spark-faucet.com\/wp-content\/uploads\/2020\/04\/Thank-you-page.png 600w, https:\/\/spark-faucet.com\/wp-content\/uploads\/2020\/04\/Thank-you-page-300x213.png 300w\" sizes=\"(max-width: 600px) 100vw, 600px\" \/>\t\t\t\t\t\t\t\t\t\t\t\t\t<\/div>\n\t\t\t\t<\/div>\n\t\t\t\t\t<\/div>\n\t\t<\/div>\n\t\t\t\t<div class=\"elementor-column elementor-col-50 elementor-top-column elementor-element elementor-element-9fa5486\" data-id=\"9fa5486\" data-element_type=\"column\">\n\t\t\t<div class=\"elementor-widget-wrap elementor-element-populated\">\n\t\t\t\t\t\t<div class=\"elementor-element elementor-element-6538a19 elementor-widget elementor-widget-text-editor\" data-id=\"6538a19\" data-element_type=\"widget\" data-widget_type=\"text-editor.default\">\n\t\t\t\t<div class=\"elementor-widget-container\">\n\t\t\t\t\t\t\t<p>Az \u00fczenet sikeresen elk\u00fcld\u00e9sre ker\u00fclt.\u00a0<\/p><p>1 munkanapon bel\u00fcl felvessz\u00fck \u00d6nnel a kapcsolatot, k\u00e9rj\u00fck, figyeljen a \"@spark-faucet.com VAGY @new-spark.com\" ut\u00f3tag\u00fa e-mailre.\u00a0<\/p><p>Rem\u00e9lem, hogy a j\u00f6v\u0151ben stabil \u00fczleti kapcsolatunk lesz.<\/p>\t\t\t\t\t\t<\/div>\n\t\t\t\t<\/div>\n\t\t\t\t<div class=\"elementor-element elementor-element-360ea02 elementor-mobile-align-center elementor-widget elementor-widget-button\" data-id=\"360ea02\" data-element_type=\"widget\" data-widget_type=\"button.default\">\n\t\t\t\t<div class=\"elementor-widget-container\">\n\t\t\t\t\t<div class=\"elementor-button-wrapper\">\n\t\t\t<a class=\"elementor-button elementor-button-link elementor-size-sm elementor-animation-grow\" href=\"\/hu\/\">\n\t\t\t\t\t\t<span class=\"elementor-button-content-wrapper\">\n\t\t\t\t\t\t<span class=\"elementor-button-icon elementor-align-icon-left\">\n\t\t\t\t<i aria-hidden=\"true\" class=\"fas fa-arrow-circle-left\"><\/i>\t\t\t<\/span>\n\t\t\t\t\t\t<span class=\"elementor-button-text\">Vissza a honlapra<\/span>\n\t\t<\/span>\n\t\t\t\t\t<\/a>\n\t\t<\/div>\n\t\t\t\t<\/div>\n\t\t\t\t<\/div>\n\t\t\t\t\t<\/div>\n\t\t<\/div>\n\t\t\t\t\t<\/div>\n\t\t<\/section>\n\t\t\t\t<\/div>","protected":false},"excerpt":{"rendered":"<p>The message was sent successfully.\u00a0 We will contact you within 1 working day, please pay attention to the email with the suffix \u201c@spark-faucet.com OR @new-spark.com\u201d.\u00a0 Hope we have a stable business relationship in the future. Return To Homepage<\/p>","protected":false},"author":1,"featured_media":0,"parent":0,"menu_order":0,"comment_status":"closed","ping_status":"closed","template":"","meta":{"_seopress_robots_primary_cat":"","footnotes":""},"_links":{"self":[{"href":"https:\/\/spark-faucet.com\/hu\/wp-json\/wp\/v2\/pages\/2472"}],"collection":[{"href":"https:\/\/spark-faucet.com\/hu\/wp-json\/wp\/v2\/pages"}],"about":[{"href":"https:\/\/spark-faucet.com\/hu\/wp-json\/wp\/v2\/types\/page"}],"author":[{"embeddable":true,"href":"https:\/\/spark-faucet.com\/hu\/wp-json\/wp\/v2\/users\/1"}],"replies":[{"embeddable":true,"href":"https:\/\/spark-faucet.com\/hu\/wp-json\/wp\/v2\/comments?post=2472"}],"version-history":[{"count":26,"href":"https:\/\/spark-faucet.com\/hu\/wp-json\/wp\/v2\/pages\/2472\/revisions"}],"predecessor-version":[{"id":8829,"href":"https:\/\/spark-faucet.com\/hu\/wp-json\/wp\/v2\/pages\/2472\/revisions\/8829"}],"wp:attachment":[{"href":"https:\/\/spark-faucet.com\/hu\/wp-json\/wp\/v2\/media?parent=2472"}],"curies":[{"name":"wp","href":"https:\/\/api.w.org\/{rel}","templated":true}]}}