{"id":2279,"date":"2020-04-14T02:21:56","date_gmt":"2020-04-14T02:21:56","guid":{"rendered":"http:\/\/spark-faucet.com\/?post_type=product&#038;p=2279"},"modified":"2023-12-06T06:58:48","modified_gmt":"2023-12-06T06:58:48","slug":"luxury-design-golden-brass-bathroom-gold-basin-faucet","status":"publish","type":"product","link":"https:\/\/spark-faucet.com\/fr\/produit\/luxury-design-golden-brass-bathroom-gold-basin-faucet\/","title":{"rendered":"Robinet de salle de bain en laiton dor\u00e9 design et luxueux"},"content":{"rendered":"<p><img fetchpriority=\"high\" decoding=\"async\" class=\"wp-image-7944 size-full aligncenter\" src=\"http:\/\/spark-faucet.com\/wp-content\/uploads\/2020\/04\/2-22102.png\" alt=\"2-22102\" width=\"750\" height=\"750\" srcset=\"https:\/\/spark-faucet.com\/wp-content\/uploads\/2020\/04\/2-22102.png 750w, https:\/\/spark-faucet.com\/wp-content\/uploads\/2020\/04\/2-22102-300x300.png 300w, https:\/\/spark-faucet.com\/wp-content\/uploads\/2020\/04\/2-22102-150x150.png 150w, https:\/\/spark-faucet.com\/wp-content\/uploads\/2020\/04\/2-22102-600x600.png 600w, https:\/\/spark-faucet.com\/wp-content\/uploads\/2020\/04\/2-22102-100x100.png 100w\" sizes=\"(max-width: 750px) 100vw, 750px\" \/><\/p>\n<table class=\"aligncenter\" style=\"border-collapse: collapse; width: 750px; border: solid 1px #e6e3e3; background-color: #ffffff; margin-left: auto; margin-right: auto;\" border=\"1\">\n<tbody>\n<tr style=\"height: 30px;\">\n<td style=\"width: 300px; border: 1px solid #e6e3e3; height: 30px; text-align: left;\" valign=\"center\"><span style=\"color: #000000;\"><strong>Mat\u00e9riau<\/strong><\/span><\/td>\n<td style=\"width: 700px; border: 1px solid #e6e3e3; height: 30px;\" valign=\"center\"><span style=\"color: #000000;\">Corps principal en laiton et poign\u00e9e en alliage de zinc<\/span><\/td>\n<\/tr>\n<tr style=\"height: 30px;\">\n<td style=\"width: 300px; border: 1px solid #e6e3e3; height: 30px; text-align: left;\" valign=\"center\"><span style=\"color: #000000;\"><strong>Contenu en laiton<\/strong><\/span><\/td>\n<td style=\"width: 700px; border: 1px solid #e6e3e3; height: 30px;\" valign=\"center\"><span style=\"color: #000000;\">\u226559%<\/span><\/td>\n<\/tr>\n<tr style=\"height: 30px;\">\n<td style=\"width: 300px; border: 1px solid #e6e3e3; height: 30px; text-align: left;\" valign=\"center\"><span style=\"color: #000000;\"><strong>Cartouche<\/strong><\/span><\/td>\n<td style=\"width: 700px; border: 1px solid #e6e3e3; height: 30px;\" valign=\"center\"><span style=\"color: #000000;\">KCG, Sedal, Kerox, Yizhan<\/span><\/td>\n<\/tr>\n<tr style=\"height: 30px;\">\n<td style=\"width: 300px; border: 1px solid #e6e3e3; height: 30px; text-align: left;\" valign=\"center\"><span style=\"color: #000000;\"><strong>Dur\u00e9e de vie de la cartouche<\/strong><\/span><\/td>\n<td style=\"width: 700px; border: 1px solid #e6e3e3; height: 30px;\" valign=\"center\"><span style=\"color: #000000;\">500 000 fois ouvert et ferm\u00e9<\/span><\/td>\n<\/tr>\n<tr style=\"height: 30px;\">\n<td style=\"width: 300px; border: 1px solid #e6e3e3; height: 30px; text-align: left;\" valign=\"center\"><span style=\"color: #000000;\"><strong>A\u00e9rateur<\/strong><\/span><\/td>\n<td style=\"width: 700px; border: 1px solid #e6e3e3; height: 30px;\" valign=\"center\"><span style=\"color: #000000;\">Neoperl<\/span><\/td>\n<\/tr>\n<tr style=\"height: 30px;\">\n<td style=\"width: 300px; border: 1px solid #e6e3e3; height: 30px; text-align: left;\" valign=\"center\"><span style=\"color: #000000;\"><strong>Tuyau flexible<\/strong><\/span><\/td>\n<td style=\"width: 700px; border: 1px solid #e6e3e3; height: 30px;\" valign=\"center\"><span style=\"color: #000000;\">Acier inoxydable 304 avec tuyau int\u00e9rieur en EPDM \u00e9pais<\/span><\/td>\n<\/tr>\n<tr style=\"height: 30px;\">\n<td style=\"width: 300px; border: 1px solid #e6e3e3; height: 30px; text-align: left;\" valign=\"center\"><span style=\"color: #000000;\"><strong>Garantie<\/strong><\/span><\/td>\n<td style=\"width: 700px; border: 1px solid #e6e3e3; height: 30px;\" valign=\"center\"><span style=\"color: #000000;\">6 ans limit\u00e9<\/span><\/td>\n<\/tr>\n<tr style=\"height: 30px;\">\n<td style=\"width: 300px; border: 1px solid #e6e3e3; height: 30px; text-align: left;\" valign=\"center\"><span style=\"color: #000000;\"><strong>Essai au brouillard salin<\/strong><\/span><\/td>\n<td style=\"width: 700px; border: 1px solid #e6e3e3; height: 30px;\" valign=\"center\"><span style=\"color: #000000;\">24 heures<\/span><\/td>\n<\/tr>\n<tr style=\"height: 30px;\">\n<td style=\"width: 300px; border: 1px solid #e6e3e3; height: 30px; text-align: left;\" valign=\"center\"><span style=\"color: #000000;\"><strong>Essai de pression d'eau<\/strong><\/span><\/td>\n<td style=\"width: 700px; border: 1px solid #e6e3e3; height: 30px;\" valign=\"center\"><span style=\"color: #000000;\">1,6 Mpa<\/span><\/td>\n<\/tr>\n<tr style=\"height: 30px;\">\n<td style=\"width: 300px; border: 1px solid #e6e3e3; height: 30px; text-align: left;\" valign=\"center\"><span style=\"color: #000000;\"><strong>Essais de pression d'air<\/strong><\/span><\/td>\n<td style=\"width: 700px; border: 1px solid #e6e3e3; height: 30px;\" valign=\"center\"><span style=\"color: #000000;\">0,6 Mpa<\/span><\/td>\n<\/tr>\n<tr style=\"height: 30px;\">\n<td style=\"width: 300px; border: 1px solid #e6e3e3; height: 30px; text-align: left;\" valign=\"center\"><span style=\"color: #000000;\"><strong>D\u00e9bit d'eau<\/strong><\/span><\/td>\n<td style=\"width: 700px; border: 1px solid #e6e3e3; height: 30px;\" valign=\"center\"><span style=\"color: #000000;\">\u226512L\/min<\/span><\/td>\n<\/tr>\n<\/tbody>\n<\/table>\n<p style=\"text-align: center;\">\n<p style=\"text-align: center;\"><img decoding=\"async\" class=\"alignnone wp-image-7790 size-full\" src=\"http:\/\/spark-faucet.com\/wp-content\/uploads\/2020\/11\/3-\u914d\u7f6e\u548ccertificates.png\" alt=\"3-\u914d\u7f6e\u548ccertificats\" width=\"750\" height=\"2278\" srcset=\"https:\/\/spark-faucet.com\/wp-content\/uploads\/2020\/11\/3-\u914d\u7f6e\u548ccertificates.png 750w, https:\/\/spark-faucet.com\/wp-content\/uploads\/2020\/11\/3-\u914d\u7f6e\u548ccertificates-99x300.png 99w, https:\/\/spark-faucet.com\/wp-content\/uploads\/2020\/11\/3-\u914d\u7f6e\u548ccertificates-337x1024.png 337w, https:\/\/spark-faucet.com\/wp-content\/uploads\/2020\/11\/3-\u914d\u7f6e\u548ccertificates-506x1536.png 506w, https:\/\/spark-faucet.com\/wp-content\/uploads\/2020\/11\/3-\u914d\u7f6e\u548ccertificates-674x2048.png 674w, https:\/\/spark-faucet.com\/wp-content\/uploads\/2020\/11\/3-\u914d\u7f6e\u548ccertificates-600x1822.png 600w\" sizes=\"(max-width: 750px) 100vw, 750px\" \/><\/p>\n<p style=\"text-align: center;\"><img decoding=\"async\" class=\"alignnone wp-image-7789 size-full\" src=\"http:\/\/spark-faucet.com\/wp-content\/uploads\/2020\/11\/3-19.png\" alt=\"3-19\" width=\"750\" height=\"620\" srcset=\"https:\/\/spark-faucet.com\/wp-content\/uploads\/2020\/11\/3-19.png 750w, https:\/\/spark-faucet.com\/wp-content\/uploads\/2020\/11\/3-19-300x248.png 300w, https:\/\/spark-faucet.com\/wp-content\/uploads\/2020\/11\/3-19-600x496.png 600w\" sizes=\"(max-width: 750px) 100vw, 750px\" \/><\/p>","protected":false},"excerpt":{"rendered":"<p>La massivit\u00e9 et la solidit\u00e9 des textures m\u00e9talliques permettent de conserver un style frais et calme\uff0cvotre rappel quotidien de toujours briller un peu plus !<\/p>\n<ul>\n<li>S\u00e9rie : S\u00e9rie \u00e9toil\u00e9e<\/li>\n<li>Mod\u00e8le :  22102<\/li>\n<li>Robinet de lavabo \u00e0 levier unique<\/li>\n<li>Corps de robinet en laiton<\/li>\n<li>Cartouche c\u00e9ramique :  KCG, Sedal, Kerox, Yizhan<\/li>\n<li>Certification du robinet :<\/li>\n<\/ul>","protected":false},"featured_media":7945,"template":"","meta":{"_seopress_robots_primary_cat":"none"},"product_cat":[23],"product_tag":[30,29,28],"_links":{"self":[{"href":"https:\/\/spark-faucet.com\/fr\/wp-json\/wp\/v2\/product\/2279"}],"collection":[{"href":"https:\/\/spark-faucet.com\/fr\/wp-json\/wp\/v2\/product"}],"about":[{"href":"https:\/\/spark-faucet.com\/fr\/wp-json\/wp\/v2\/types\/product"}],"wp:featuredmedia":[{"embeddable":true,"href":"https:\/\/spark-faucet.com\/fr\/wp-json\/wp\/v2\/media\/7945"}],"wp:attachment":[{"href":"https:\/\/spark-faucet.com\/fr\/wp-json\/wp\/v2\/media?parent=2279"}],"wp:term":[{"taxonomy":"product_cat","embeddable":true,"href":"https:\/\/spark-faucet.com\/fr\/wp-json\/wp\/v2\/product_cat?post=2279"},{"taxonomy":"product_tag","embeddable":true,"href":"https:\/\/spark-faucet.com\/fr\/wp-json\/wp\/v2\/product_tag?post=2279"}],"curies":[{"name":"wp","href":"https:\/\/api.w.org\/{rel}","templated":true}]}}