{"id":5838,"date":"2020-11-23T06:51:09","date_gmt":"2020-11-23T06:51:09","guid":{"rendered":"http:\/\/spark-faucet.com\/?page_id=5838"},"modified":"2020-11-23T06:51:10","modified_gmt":"2020-11-23T06:51:10","slug":"sitemap","status":"publish","type":"page","link":"https:\/\/spark-faucet.com\/fr\/sitemap\/","title":{"rendered":"Plan du site"},"content":{"rendered":"<div class=\"wrap-html-sitemap sp-html-sitemap\"><div class=\"sp-wrap-cpt\"><h2 class=\"sp-cpt-name\">Pages<\/h2><ul class=\"sp-list-posts sp-cpt-hierarchical\"><li class=\"page_item page-item-5838\"><a href=\"https:\/\/spark-faucet.com\/fr\/sitemap\/\">Plan du site<\/a><\/li><li class=\"page_item page-item-5236\"><a href=\"https:\/\/spark-faucet.com\/fr\/videos\/\">VID\u00c9OS<\/a><\/li><li class=\"page_item page-item-3684 current_page_parent\"><a href=\"https:\/\/spark-faucet.com\/fr\/blog\/\">Blog<\/a><\/li><li class=\"page_item page-item-3043\"><a href=\"https:\/\/spark-faucet.com\/fr\/certificates\/\">Certificats<\/a><\/li><li class=\"page_item page-item-3004\"><a href=\"https:\/\/spark-faucet.com\/fr\/quality-management\/\">Gestion de la qualit\u00e9<\/a><\/li><li class=\"page_item page-item-2472\"><a href=\"https:\/\/spark-faucet.com\/fr\/thank-you\/\">Merci de votre attention<\/a><\/li><li class=\"page_item page-item-2371\"><a href=\"https:\/\/spark-faucet.com\/fr\/product\/\">Produit<\/a><\/li><li class=\"page_item page-item-1928\"><a href=\"https:\/\/spark-faucet.com\/fr\/not-important\/\">Sans importance<\/a><\/li><li class=\"page_item page-item-1922\"><a href=\"https:\/\/spark-faucet.com\/fr\/privacy-policy\/\">Politique de confidentialit\u00e9<\/a><\/li><li class=\"page_item page-item-1902\"><a href=\"https:\/\/spark-faucet.com\/fr\/contact\/\">Contact<\/a><\/li><li class=\"page_item page-item-1896\"><a href=\"https:\/\/spark-faucet.com\/fr\/about-spark\/\">\u00c0 propos de Spark<\/a><\/li><li class=\"page_item page-item-1884\"><a href=\"https:\/\/spark-faucet.com\/fr\/\">Accueil<\/a><\/li><\/ul><\/div><div class=\"sp-wrap-cpt\"><h2 class=\"sp-cpt-name\">Articles<\/h2><div class=\"sp-wrap-cats\"><div class=\"sp-wrap-cat\"><h3 class=\"sp-cat-name\"><a href=\"https:\/\/spark-faucet.com\/fr\/category\/all\/\">Tous<\/a><\/h3><ul class=\"sp-list-posts\"><li><a href=\"https:\/\/spark-faucet.com\/fr\/top-8-ceramic-faucet-cartridge-manufacturers-in-china\/\">Les 8 premiers fabricants de cartouches de robinet en c\u00e9ramique en Chine<\/a> - 2 janvier 2024<\/li><li><a href=\"https:\/\/spark-faucet.com\/fr\/top-7-ceramic-faucet-cartridge-manufacturers-in-europe-an-insiders-guide\/\">Les 7 premiers fabricants de cartouches pour robinets en c\u00e9ramique en Europe : Guide de l'initi\u00e9<\/a> - 22 d\u00e9cembre 2023<\/li><li><a href=\"https:\/\/spark-faucet.com\/fr\/unlocking-the-future-of-faucet-manufacturing-pvd-technologys-advantages\/\">D\u00e9verrouiller l'avenir de la fabrication des robinets : Les avantages de la technologie PVD<\/a> - 4 novembre 2023<\/li><li><a href=\"https:\/\/spark-faucet.com\/fr\/finding-a-reliable-china-faucet-manufacturer-a-complete-guide\/\">Trouver un fabricant de robinets chinois fiable : Un guide complet<\/a> - 4 novembre 2023<\/li><li><a href=\"https:\/\/spark-faucet.com\/fr\/the-difference-between-oem-and-odm-faucet-manufacturers\/\">La diff\u00e9rence entre les fabricants de robinets OEM et ODM<\/a> - 20 septembre 2023<\/li><li><a href=\"https:\/\/spark-faucet.com\/fr\/the-difference-between-stainless-steel-faucets-and-copper-faucets\/\">La diff\u00e9rence entre les robinets en acier inoxydable et les robinets en cuivre.<\/a> - 4 mars 2023<\/li><li><a href=\"https:\/\/spark-faucet.com\/fr\/inventory-of-mergers-and-acquisitions-in-the-bathroom-industry-in-the-first-half-of-2022\/\">Inventaire des fusions et acquisitions dans l'industrie de la salle de bains au premier semestre 2022<\/a> - 27 juillet 2022<\/li><li><a href=\"https:\/\/spark-faucet.com\/fr\/watermark-tapware-manufacturer-in-china\/\">Watermark Tapware Manufacturer : Un partenariat avec la Chine pour une qualit\u00e9 sup\u00e9rieure<\/a> - 3 janvier 2022<\/li><li><a href=\"https:\/\/spark-faucet.com\/fr\/rcep-will-change-your-purchasing-zero-tariff-cooperation\/\">Le RCEP va changer vos achats - Coop\u00e9ration tarifaire z\u00e9ro<\/a> - 17 novembre 2020<\/li><li><a href=\"https:\/\/spark-faucet.com\/fr\/how-to-wholesale-faucet-from-china\/\">Comment acheter en gros des robinets en Chine ?<\/a> - 29 octobre 2020<\/li><li><a href=\"https:\/\/spark-faucet.com\/fr\/faucet-manufacturing-process\/\">Processus de fabrication des robinets : Des barres de laiton aux robinets<\/a> - 10 octobre 2020<\/li><li><a href=\"https:\/\/spark-faucet.com\/fr\/china-faucet-manufacturers\/\">Fabricant chinois de robinets : D\u00e9voiler la qualit\u00e9, le design et l'\u00e9chelle<\/a> - 24 ao\u00fbt 2020<\/li><li><a href=\"https:\/\/spark-faucet.com\/fr\/how-to-check-the-quality-of-faucet\/\">Comment v\u00e9rifier la qualit\u00e9 d'un robinet ?<\/a> - 19 mai 2020<\/li><li><a href=\"https:\/\/spark-faucet.com\/fr\/how-do-spark-control-the-quality-of-faucet\/\">Comment SPARK contr\u00f4le-t-il la qualit\u00e9 des robinets ?<\/a> - 19 mai 2020<\/li><\/ul><\/div><\/div><\/div><div class=\"sp-wrap-cpt\"><h2 class=\"sp-cpt-name\">Produits<\/h2><div class=\"sp-wrap-cats\"><div class=\"sp-wrap-cat\"><h3 class=\"sp-cat-name\"><a href=\"https:\/\/spark-faucet.com\/fr\/products\/bath-shower-faucet\/\">Robinet de bain et de douche<\/a><\/h3><ul class=\"sp-list-posts\"><li><a href=\"https:\/\/spark-faucet.com\/fr\/produit\/luxury-design-gold-hot-cold-waterfall-shower-set\/\">Ensemble de douche en or avec cascade chaude et froide au design luxueux<\/a> - 6 d\u00e9cembre 2023<\/li><li><a href=\"https:\/\/spark-faucet.com\/fr\/produit\/spark-original-design-bath-brush-gold-freestanding-faucet\/\">Brosse de bain design originale robinetterie autoportante or Spark<\/a> - 17 juin 2020<\/li><li><a href=\"https:\/\/spark-faucet.com\/fr\/produit\/spark-original-design-surface-mounted-shower-column\/\">Colonne de douche en saillie de conception originale Spark<\/a> - 17 juin 2020<\/li><li><a href=\"https:\/\/spark-faucet.com\/fr\/produit\/luxury-design-brass-bath-free-standing-bathtub-faucet\/\">Robinet de baignoire sur pied en laiton au design luxueux<\/a> - 17 juin 2020<\/li><li><a href=\"https:\/\/spark-faucet.com\/fr\/produit\/luxury-design-bathroom-brass-rain-concealed-shower-set\/\">Ensemble de douche de luxe en laiton pour salle de bains<\/a> - 17 juin 2020<\/li><li><a href=\"https:\/\/spark-faucet.com\/fr\/produit\/luxury-design-gold-hot-cold-water-shower-set\/\">Set de douche d'eau chaude et d'eau froide en or au design luxueux<\/a> - 17 juin 2020<\/li><\/ul><\/div><div class=\"sp-wrap-cat\"><h3 class=\"sp-cat-name\"><a href=\"https:\/\/spark-faucet.com\/fr\/products\/bathroom-accessories\/\">Accessoires de salle de bains<\/a><\/h3><ul class=\"sp-list-posts\"><li><a href=\"https:\/\/spark-faucet.com\/fr\/produit\/kaiping-manufacturer-brass-bathroom-accessories\/\">Kaiping, fabricant d'accessoires de salle de bains en laiton<\/a> - 17 novembre 2020<\/li><\/ul><\/div><div class=\"sp-wrap-cat\"><h3 class=\"sp-cat-name\"><a href=\"https:\/\/spark-faucet.com\/fr\/products\/bathroom-faucet\/\">Robinet de salle de bains<\/a><\/h3><ul class=\"sp-list-posts\"><li><a href=\"https:\/\/spark-faucet.com\/fr\/produit\/australian-standard-bathroom-taps-watermark-faucet\/\">Robinetterie de salle de bains aux normes australiennes Robinet Watermark<\/a> - 17 novembre 2020<\/li><li><a href=\"https:\/\/spark-faucet.com\/fr\/produit\/australian-standard-taps-watermark-bathroom-tapware\/\">Robinets Australian Standard Robinetterie de salle de bains Watermark<\/a> - 17 novembre 2020<\/li><li><a href=\"https:\/\/spark-faucet.com\/fr\/produit\/luxury-black-bathroom-faucets-torneira-banheiro\/\">Robinetterie de salle de bain noire de luxe torneira banheiro<\/a> - 17 novembre 2020<\/li><li><a href=\"https:\/\/spark-faucet.com\/fr\/produit\/kaiping-design-brass-basin-mixer-bathroom-faucet\/\">Mitigeur de lavabo en laiton design Kaiping<\/a> - 17 novembre 2020<\/li><li><a href=\"https:\/\/spark-faucet.com\/fr\/produit\/spark-original-design-brass-rose-gold-basin-mixer-bathroom-taps\/\">Spark design original laiton or rose mitigeur de lavabo robinets de salle de bain<\/a> - 17 juin 2020<\/li><li><a href=\"https:\/\/spark-faucet.com\/fr\/produit\/spark-sanitary-ware-hot-cold-clack-copper-water-taps\/\">Spark Sanitary Ware robinets d'eau chaude et froide en cuivre<\/a> - 17 juin 2020<\/li><li><a href=\"https:\/\/spark-faucet.com\/fr\/produit\/spark-sanitary-ware-hot-cold-gold-copper-water-taps\/\">Spark Sanitary Ware robinets d'eau chaude froide en cuivre dor\u00e9<\/a> - 17 juin 2020<\/li><li><a href=\"https:\/\/spark-faucet.com\/fr\/produit\/luxury-design-high-end-copper-gold-bathroom-faucet\/\">Robinet de salle de bain en cuivre et or de luxe<\/a> - 17 juin 2020<\/li><li><a href=\"https:\/\/spark-faucet.com\/fr\/produit\/new-arrival-copper-matte-black-taps-bathroom\/\">Nouveau Arriv\u00e9e cuivre noir mat robinets salle de bain<\/a> - 17 juin 2020<\/li><li><a href=\"https:\/\/spark-faucet.com\/fr\/produit\/new-arrival-black-color-round-brass-basin-faucets-bathroom\/\">New Arrival black color round brass basin robinets bathroom<\/a> - 16 juin 2020<\/li><li><a href=\"https:\/\/spark-faucet.com\/fr\/produit\/new-arrival-copper-rose-gold-bathroom-basin-taps\/\">Nouveau Arriv\u00e9e cuivre or rose robinets de lavabo de salle de bain<\/a> - 16 juin 2020<\/li><li><a href=\"https:\/\/spark-faucet.com\/fr\/produit\/professional-manufacture-brass-mixers-for-bathrooms\/\">Fabrication professionnelle de mitigeurs en laiton pour salles de bains<\/a> - 13 mai 2020<\/li><li><a href=\"https:\/\/spark-faucet.com\/fr\/produit\/new-design-square-basin-mixer-brass-matte-black-bathroom-faucets\/\">Nouveau design mitigeur de lavabo carr\u00e9 laiton noir mat robinets de salle de bain<\/a> - 13 mai 2020<\/li><li><a href=\"https:\/\/spark-faucet.com\/fr\/produit\/spark-original-design-bathroom-brass-brush-gold-basin-faucets\/\">Robinetterie de salle de bain design original en laiton bross\u00e9 or pour lavabo<\/a> - 13 mai 2020<\/li><li><a href=\"https:\/\/spark-faucet.com\/fr\/produit\/luxury-design-golden-brass-bathroom-gold-basin-faucet\/\">Robinet de salle de bain en laiton dor\u00e9 design et luxueux<\/a> - 14 avril 2020<\/li><\/ul><\/div><div class=\"sp-wrap-cat\"><h3 class=\"sp-cat-name\"><a href=\"https:\/\/spark-faucet.com\/fr\/products\/kitchen-faucet\/\">Robinet de cuisine<\/a><\/h3><ul class=\"sp-list-posts\"><li><a href=\"https:\/\/spark-faucet.com\/fr\/produit\/luxury-design-single-lever-pull-out-sprayer-faucet-for-kitchen-sink\/\">Mitigeur \u00e0 levier unique pour \u00e9vier de cuisine<\/a> - 17 juin 2020<\/li><li><a href=\"https:\/\/spark-faucet.com\/fr\/produit\/luxury-design-brass-gold-faucet-kitchen\/\">Robinet de cuisine luxueux en laiton dor\u00e9<\/a> - 17 juin 2020<\/li><\/ul><\/div><\/div><\/div><\/div>","protected":false},"excerpt":{"rendered":"","protected":false},"author":1,"featured_media":0,"parent":0,"menu_order":0,"comment_status":"closed","ping_status":"closed","template":"","meta":{"_seopress_robots_primary_cat":"","footnotes":""},"_links":{"self":[{"href":"https:\/\/spark-faucet.com\/fr\/wp-json\/wp\/v2\/pages\/5838"}],"collection":[{"href":"https:\/\/spark-faucet.com\/fr\/wp-json\/wp\/v2\/pages"}],"about":[{"href":"https:\/\/spark-faucet.com\/fr\/wp-json\/wp\/v2\/types\/page"}],"author":[{"embeddable":true,"href":"https:\/\/spark-faucet.com\/fr\/wp-json\/wp\/v2\/users\/1"}],"replies":[{"embeddable":true,"href":"https:\/\/spark-faucet.com\/fr\/wp-json\/wp\/v2\/comments?post=5838"}],"version-history":[{"count":1,"href":"https:\/\/spark-faucet.com\/fr\/wp-json\/wp\/v2\/pages\/5838\/revisions"}],"predecessor-version":[{"id":5840,"href":"https:\/\/spark-faucet.com\/fr\/wp-json\/wp\/v2\/pages\/5838\/revisions\/5840"}],"wp:attachment":[{"href":"https:\/\/spark-faucet.com\/fr\/wp-json\/wp\/v2\/media?parent=5838"}],"curies":[{"name":"wp","href":"https:\/\/api.w.org\/{rel}","templated":true}]}}