{"id":7929,"date":"2023-12-06T06:24:22","date_gmt":"2023-12-06T06:24:22","guid":{"rendered":"https:\/\/spark-faucet.com\/?post_type=product&#038;p=7929"},"modified":"2023-12-06T06:33:37","modified_gmt":"2023-12-06T06:33:37","slug":"luxury-design-gold-hot-cold-waterfall-shower-set","status":"publish","type":"product","link":"https:\/\/spark-faucet.com\/et\/toode\/luxury-design-gold-hot-cold-waterfall-shower-set\/","title":{"rendered":"Luksuslik disain kuldne kuuma ja k\u00fclma veejuga du\u0161ikomplekt"},"content":{"rendered":"<p><img fetchpriority=\"high\" decoding=\"async\" class=\"wp-image-7930 size-full aligncenter\" src=\"http:\/\/spark-faucet.com\/wp-content\/uploads\/2023\/12\/1-23.png\" alt=\"1-23\" width=\"750\" height=\"550\" srcset=\"https:\/\/spark-faucet.com\/wp-content\/uploads\/2023\/12\/1-23.png 750w, https:\/\/spark-faucet.com\/wp-content\/uploads\/2023\/12\/1-23-300x220.png 300w, https:\/\/spark-faucet.com\/wp-content\/uploads\/2023\/12\/1-23-600x440.png 600w\" sizes=\"(max-width: 750px) 100vw, 750px\" \/><\/p>\n<p><img decoding=\"async\" class=\"wp-image-7786 size-full aligncenter\" src=\"http:\/\/spark-faucet.com\/wp-content\/uploads\/2020\/11\/2-Product-Description.png\" alt=\"2-Toote kirjeldus\" width=\"750\" height=\"107\" srcset=\"https:\/\/spark-faucet.com\/wp-content\/uploads\/2020\/11\/2-Product-Description.png 750w, https:\/\/spark-faucet.com\/wp-content\/uploads\/2020\/11\/2-Product-Description-300x43.png 300w, https:\/\/spark-faucet.com\/wp-content\/uploads\/2020\/11\/2-Product-Description-600x86.png 600w\" sizes=\"(max-width: 750px) 100vw, 750px\" \/><\/p>\n<p><img decoding=\"async\" class=\"wp-image-7933 aligncenter\" src=\"http:\/\/spark-faucet.com\/wp-content\/uploads\/2023\/12\/23305G_-1.png\" alt=\"23305G_-1\" width=\"750\" height=\"422\" srcset=\"https:\/\/spark-faucet.com\/wp-content\/uploads\/2023\/12\/23305G_-1.png 1920w, https:\/\/spark-faucet.com\/wp-content\/uploads\/2023\/12\/23305G_-1-300x169.png 300w, https:\/\/spark-faucet.com\/wp-content\/uploads\/2023\/12\/23305G_-1-1024x576.png 1024w, https:\/\/spark-faucet.com\/wp-content\/uploads\/2023\/12\/23305G_-1-768x432.png 768w, https:\/\/spark-faucet.com\/wp-content\/uploads\/2023\/12\/23305G_-1-1536x864.png 1536w, https:\/\/spark-faucet.com\/wp-content\/uploads\/2023\/12\/23305G_-1-600x338.png 600w\" sizes=\"(max-width: 750px) 100vw, 750px\" \/><img loading=\"lazy\" decoding=\"async\" class=\"aligncenter wp-image-7931\" src=\"http:\/\/spark-faucet.com\/wp-content\/uploads\/2023\/12\/23305G_-3.png\" alt=\"23305G_-3\" width=\"750\" height=\"422\" srcset=\"https:\/\/spark-faucet.com\/wp-content\/uploads\/2023\/12\/23305G_-3.png 1920w, https:\/\/spark-faucet.com\/wp-content\/uploads\/2023\/12\/23305G_-3-300x169.png 300w, https:\/\/spark-faucet.com\/wp-content\/uploads\/2023\/12\/23305G_-3-1024x576.png 1024w, https:\/\/spark-faucet.com\/wp-content\/uploads\/2023\/12\/23305G_-3-768x432.png 768w, https:\/\/spark-faucet.com\/wp-content\/uploads\/2023\/12\/23305G_-3-1536x864.png 1536w, https:\/\/spark-faucet.com\/wp-content\/uploads\/2023\/12\/23305G_-3-600x338.png 600w\" sizes=\"(max-width: 750px) 100vw, 750px\" \/><img loading=\"lazy\" decoding=\"async\" class=\"aligncenter wp-image-7932\" src=\"http:\/\/spark-faucet.com\/wp-content\/uploads\/2023\/12\/23305G_-6.png\" alt=\"23305G_-6\" width=\"750\" height=\"422\" srcset=\"https:\/\/spark-faucet.com\/wp-content\/uploads\/2023\/12\/23305G_-6.png 1920w, https:\/\/spark-faucet.com\/wp-content\/uploads\/2023\/12\/23305G_-6-300x169.png 300w, https:\/\/spark-faucet.com\/wp-content\/uploads\/2023\/12\/23305G_-6-1024x576.png 1024w, https:\/\/spark-faucet.com\/wp-content\/uploads\/2023\/12\/23305G_-6-768x432.png 768w, https:\/\/spark-faucet.com\/wp-content\/uploads\/2023\/12\/23305G_-6-1536x864.png 1536w, https:\/\/spark-faucet.com\/wp-content\/uploads\/2023\/12\/23305G_-6-600x338.png 600w\" sizes=\"(max-width: 750px) 100vw, 750px\" \/><\/p>\n<table class=\"aligncenter\" style=\"border-collapse: collapse; width: 750px; border: solid 1px #e6e3e3; background-color: #ffffff; margin-left: auto; margin-right: auto;\" border=\"1\">\n<tbody>\n<tr style=\"height: 30px;\">\n<td style=\"width: 300px; border: 1px solid #e6e3e3; height: 30px; text-align: left;\" valign=\"center\"><span style=\"color: #000000;\"><strong>Materjal<\/strong><\/span><\/td>\n<td style=\"width: 700px; border: 1px solid #e6e3e3; height: 30px;\" valign=\"center\"><span style=\"color: #000000;\">Messingist p\u00f5hikorpus ja tsinksulamist k\u00e4epide<\/span><\/td>\n<\/tr>\n<tr style=\"height: 30px;\">\n<td style=\"width: 300px; border: 1px solid #e6e3e3; height: 30px; text-align: left;\" valign=\"center\"><span style=\"color: #000000;\"><strong>Messingist sisu<\/strong><\/span><\/td>\n<td style=\"width: 700px; border: 1px solid #e6e3e3; height: 30px;\" valign=\"center\"><span style=\"color: #000000;\">\u226559%<\/span><\/td>\n<\/tr>\n<tr style=\"height: 30px;\">\n<td style=\"width: 300px; border: 1px solid #e6e3e3; height: 30px; text-align: left;\" valign=\"center\"><span style=\"color: #000000;\"><strong>Kassett<\/strong><\/span><\/td>\n<td style=\"width: 700px; border: 1px solid #e6e3e3; height: 30px;\" valign=\"center\"><span style=\"color: #000000;\">KCG, Sedal, Kerox, Yizhan<\/span><\/td>\n<\/tr>\n<tr style=\"height: 30px;\">\n<td style=\"width: 300px; border: 1px solid #e6e3e3; height: 30px; text-align: left;\" valign=\"center\"><span style=\"color: #000000;\"><strong>Kasseti eluiga<\/strong><\/span><\/td>\n<td style=\"width: 700px; border: 1px solid #e6e3e3; height: 30px;\" valign=\"center\"><span style=\"color: #000000;\">500 000 korda avatud ja suletud<\/span><\/td>\n<\/tr>\n<tr style=\"height: 30px;\">\n<td style=\"width: 300px; border: 1px solid #e6e3e3; height: 30px; text-align: left;\" valign=\"center\"><span style=\"color: #000000;\"><strong>Aerator<\/strong><\/span><\/td>\n<td style=\"width: 700px; border: 1px solid #e6e3e3; height: 30px;\" valign=\"center\"><span style=\"color: #000000;\">Neoperl<\/span><\/td>\n<\/tr>\n<tr style=\"height: 30px;\">\n<td style=\"width: 300px; border: 1px solid #e6e3e3; height: 30px; text-align: left;\" valign=\"center\"><span style=\"color: #000000;\"><strong>Paindlik voolik<\/strong><\/span><\/td>\n<td style=\"width: 700px; border: 1px solid #e6e3e3; height: 30px;\" valign=\"center\"><span style=\"color: #000000;\">304 roostevabast terasest paks EPDM sisemine voolik<\/span><\/td>\n<\/tr>\n<tr style=\"height: 30px;\">\n<td style=\"width: 300px; border: 1px solid #e6e3e3; height: 30px; text-align: left;\" valign=\"center\"><span style=\"color: #000000;\"><strong>Garantii<\/strong><\/span><\/td>\n<td style=\"width: 700px; border: 1px solid #e6e3e3; height: 30px;\" valign=\"center\"><span style=\"color: #000000;\">6 aastat piiratud<\/span><\/td>\n<\/tr>\n<tr style=\"height: 30px;\">\n<td style=\"width: 300px; border: 1px solid #e6e3e3; height: 30px; text-align: left;\" valign=\"center\"><span style=\"color: #000000;\"><strong>Soolaprits-katse<\/strong><\/span><\/td>\n<td style=\"width: 700px; border: 1px solid #e6e3e3; height: 30px;\" valign=\"center\"><span style=\"color: #000000;\">24 tundi<\/span><\/td>\n<\/tr>\n<tr style=\"height: 30px;\">\n<td style=\"width: 300px; border: 1px solid #e6e3e3; height: 30px; text-align: left;\" valign=\"center\"><span style=\"color: #000000;\"><strong>Veesurve testimine<\/strong><\/span><\/td>\n<td style=\"width: 700px; border: 1px solid #e6e3e3; height: 30px;\" valign=\"center\"><span style=\"color: #000000;\">1,6 Mpa<\/span><\/td>\n<\/tr>\n<tr style=\"height: 30px;\">\n<td style=\"width: 300px; border: 1px solid #e6e3e3; height: 30px; text-align: left;\" valign=\"center\"><span style=\"color: #000000;\"><strong>\u00d5hur\u00f5hu testimine<\/strong><\/span><\/td>\n<td style=\"width: 700px; border: 1px solid #e6e3e3; height: 30px;\" valign=\"center\"><span style=\"color: #000000;\">0,6 Mpa<\/span><\/td>\n<\/tr>\n<tr style=\"height: 30px;\">\n<td style=\"width: 300px; border: 1px solid #e6e3e3; height: 30px; text-align: left;\" valign=\"center\"><span style=\"color: #000000;\"><strong>Veevool<\/strong><\/span><\/td>\n<td style=\"width: 700px; border: 1px solid #e6e3e3; height: 30px;\" valign=\"center\"><span style=\"color: #000000;\">\u226512L\/min<\/span><\/td>\n<\/tr>\n<\/tbody>\n<\/table>\n<p><img loading=\"lazy\" decoding=\"async\" class=\"size-full wp-image-7789 aligncenter\" src=\"http:\/\/spark-faucet.com\/wp-content\/uploads\/2020\/11\/3-19.png\" alt=\"3-19\" width=\"750\" height=\"620\" srcset=\"https:\/\/spark-faucet.com\/wp-content\/uploads\/2020\/11\/3-19.png 750w, https:\/\/spark-faucet.com\/wp-content\/uploads\/2020\/11\/3-19-300x248.png 300w, https:\/\/spark-faucet.com\/wp-content\/uploads\/2020\/11\/3-19-600x496.png 600w\" sizes=\"(max-width: 750px) 100vw, 750px\" \/><img loading=\"lazy\" decoding=\"async\" class=\"size-full wp-image-7790 aligncenter\" src=\"http:\/\/spark-faucet.com\/wp-content\/uploads\/2020\/11\/3-\u914d\u7f6e\u548ccertificates.png\" alt=\"3-\u914d\u7f6e\u548c-sertifikaadid\" width=\"750\" height=\"2278\" srcset=\"https:\/\/spark-faucet.com\/wp-content\/uploads\/2020\/11\/3-\u914d\u7f6e\u548ccertificates.png 750w, https:\/\/spark-faucet.com\/wp-content\/uploads\/2020\/11\/3-\u914d\u7f6e\u548ccertificates-99x300.png 99w, https:\/\/spark-faucet.com\/wp-content\/uploads\/2020\/11\/3-\u914d\u7f6e\u548ccertificates-337x1024.png 337w, https:\/\/spark-faucet.com\/wp-content\/uploads\/2020\/11\/3-\u914d\u7f6e\u548ccertificates-506x1536.png 506w, https:\/\/spark-faucet.com\/wp-content\/uploads\/2020\/11\/3-\u914d\u7f6e\u548ccertificates-674x2048.png 674w, https:\/\/spark-faucet.com\/wp-content\/uploads\/2020\/11\/3-\u914d\u7f6e\u548ccertificates-600x1822.png 600w\" sizes=\"(max-width: 750px) 100vw, 750px\" \/><\/p>","protected":false},"excerpt":{"rendered":"<p>Massiivsus ja soliidsus koos t\u00e4ieliku metallist tekstuuriga hoiavad jahedat ja rahulikku disainistiili, teie igap\u00e4evane meeldetuletus, et alati s\u00e4raksida veidi heledamalt!<\/p>\n<ul>\n<li>Seeria: Rose Series: Rose Series<\/li>\n<li>Mudel:  23305SET<\/li>\n<li>Du\u0161ikraan<\/li>\n<li>Messingist kraanikaussi korpus<\/li>\n<li>Keraamiline padrun:  KCG, Sedal, Kerox, Yizhan<\/li>\n<li>Kraanide sertifitseerimine:<\/li>\n<\/ul>","protected":false},"featured_media":7934,"template":"","meta":{"_seopress_robots_primary_cat":"none"},"product_cat":[25],"product_tag":[71,70,68,69],"_links":{"self":[{"href":"https:\/\/spark-faucet.com\/et\/wp-json\/wp\/v2\/product\/7929"}],"collection":[{"href":"https:\/\/spark-faucet.com\/et\/wp-json\/wp\/v2\/product"}],"about":[{"href":"https:\/\/spark-faucet.com\/et\/wp-json\/wp\/v2\/types\/product"}],"wp:featuredmedia":[{"embeddable":true,"href":"https:\/\/spark-faucet.com\/et\/wp-json\/wp\/v2\/media\/7934"}],"wp:attachment":[{"href":"https:\/\/spark-faucet.com\/et\/wp-json\/wp\/v2\/media?parent=7929"}],"wp:term":[{"taxonomy":"product_cat","embeddable":true,"href":"https:\/\/spark-faucet.com\/et\/wp-json\/wp\/v2\/product_cat?post=7929"},{"taxonomy":"product_tag","embeddable":true,"href":"https:\/\/spark-faucet.com\/et\/wp-json\/wp\/v2\/product_tag?post=7929"}],"curies":[{"name":"wp","href":"https:\/\/api.w.org\/{rel}","templated":true}]}}