{"id":5838,"date":"2020-11-23T06:51:09","date_gmt":"2020-11-23T06:51:09","guid":{"rendered":"http:\/\/spark-faucet.com\/?page_id=5838"},"modified":"2020-11-23T06:51:10","modified_gmt":"2020-11-23T06:51:10","slug":"sitemap","status":"publish","type":"page","link":"https:\/\/spark-faucet.com\/et\/sitemap\/","title":{"rendered":"Sisukaart"},"content":{"rendered":"<div class=\"wrap-html-sitemap sp-html-sitemap\"><div class=\"sp-wrap-cpt\"><h2 class=\"sp-cpt-name\">Lehed<\/h2><ul class=\"sp-list-posts sp-cpt-hierarchical\"><li class=\"page_item page-item-5838\"><a href=\"https:\/\/spark-faucet.com\/et\/sitemap\/\">Sisukaart<\/a><\/li><li class=\"page_item page-item-5236\"><a href=\"https:\/\/spark-faucet.com\/et\/videos\/\">VIDEOD<\/a><\/li><li class=\"page_item page-item-3684 current_page_parent\"><a href=\"https:\/\/spark-faucet.com\/et\/blog\/\">Blogi<\/a><\/li><li class=\"page_item page-item-3043\"><a href=\"https:\/\/spark-faucet.com\/et\/certificates\/\">Sertifikaadid<\/a><\/li><li class=\"page_item page-item-3004\"><a href=\"https:\/\/spark-faucet.com\/et\/quality-management\/\">Kvaliteedijuhtimine<\/a><\/li><li class=\"page_item page-item-2472\"><a href=\"https:\/\/spark-faucet.com\/et\/thank-you\/\">T\u00e4nan teid<\/a><\/li><li class=\"page_item page-item-2371\"><a href=\"https:\/\/spark-faucet.com\/et\/product\/\">Toode<\/a><\/li><li class=\"page_item page-item-1928\"><a href=\"https:\/\/spark-faucet.com\/et\/not-important\/\">Ei ole oluline<\/a><\/li><li class=\"page_item page-item-1922\"><a href=\"https:\/\/spark-faucet.com\/et\/privacy-policy\/\">Privaatsuspoliitika<\/a><\/li><li class=\"page_item page-item-1902\"><a href=\"https:\/\/spark-faucet.com\/et\/contact\/\">Kontakt<\/a><\/li><li class=\"page_item page-item-1896\"><a href=\"https:\/\/spark-faucet.com\/et\/about-spark\/\">Spark'i kohta<\/a><\/li><li class=\"page_item page-item-1884\"><a href=\"https:\/\/spark-faucet.com\/et\/\">Kodu<\/a><\/li><\/ul><\/div><div class=\"sp-wrap-cpt\"><h2 class=\"sp-cpt-name\">Postitused<\/h2><div class=\"sp-wrap-cats\"><div class=\"sp-wrap-cat\"><h3 class=\"sp-cat-name\"><a href=\"https:\/\/spark-faucet.com\/et\/category\/all\/\">K\u00f5ik<\/a><\/h3><ul class=\"sp-list-posts\"><li><a href=\"https:\/\/spark-faucet.com\/et\/top-8-ceramic-faucet-cartridge-manufacturers-in-china\/\">Top 8 keraamiliste kraanikassettide tootjad Hiinas<\/a> - 2 jaanuar 2024<\/li><li><a href=\"https:\/\/spark-faucet.com\/et\/top-7-ceramic-faucet-cartridge-manufacturers-in-europe-an-insiders-guide\/\">Top 7 keraamiliste kraanikassettide tootjad Euroopas: Siseringi teejuht<\/a> - 22. detsember 2023<\/li><li><a href=\"https:\/\/spark-faucet.com\/et\/unlocking-the-future-of-faucet-manufacturing-pvd-technologys-advantages\/\">Kraanitootmise tuleviku avamine: PVD-tehnoloogia eelised<\/a> - 4. november 2023<\/li><li><a href=\"https:\/\/spark-faucet.com\/et\/finding-a-reliable-china-faucet-manufacturer-a-complete-guide\/\">Usaldusv\u00e4\u00e4rse Hiina kraanitootja leidmine: T\u00e4ielik juhend<\/a> - 4. november 2023<\/li><li><a href=\"https:\/\/spark-faucet.com\/et\/the-difference-between-oem-and-odm-faucet-manufacturers\/\">Erinevus OEM- ja ODM-kraanitootjate vahel<\/a> - 20. september 2023<\/li><li><a href=\"https:\/\/spark-faucet.com\/et\/the-difference-between-stainless-steel-faucets-and-copper-faucets\/\">Erinevus roostevabast terasest kraanide ja vaskkraanide vahel.<\/a> - 4 m\u00e4rts 2023<\/li><li><a href=\"https:\/\/spark-faucet.com\/et\/inventory-of-mergers-and-acquisitions-in-the-bathroom-industry-in-the-first-half-of-2022\/\">Vannitoat\u00f6\u00f6stuse \u00fchinemiste ja \u00fclev\u00f5tmiste inventuur 2022. aasta esimesel poolel<\/a> - 27 juuli 2022<\/li><li><a href=\"https:\/\/spark-faucet.com\/et\/watermark-tapware-manufacturer-in-china\/\">Watermark Tapware Tootja: Hiina partnerlus k\u00f5rgema kvaliteedi tagamiseks<\/a> - 3 jaanuar 2022<\/li><li><a href=\"https:\/\/spark-faucet.com\/et\/rcep-will-change-your-purchasing-zero-tariff-cooperation\/\">RCEP muudab teie ostu - nulltariifne koost\u00f6\u00f6<\/a> - 17 november 2020<\/li><li><a href=\"https:\/\/spark-faucet.com\/et\/how-to-wholesale-faucet-from-china\/\">Kuidas hulgim\u00fc\u00fcgi kraanid Hiinast?<\/a> - 29 oktoober 2020<\/li><li><a href=\"https:\/\/spark-faucet.com\/et\/faucet-manufacturing-process\/\">Kraanide tootmisprotsess: Messingvarrastest kraanideks<\/a> - 10 oktoober 2020<\/li><li><a href=\"https:\/\/spark-faucet.com\/et\/china-faucet-manufacturers\/\">Hiina kraanide tootja: Kvaliteedi, disaini ja mastaabi avalikustamine<\/a> - 24 august 2020<\/li><li><a href=\"https:\/\/spark-faucet.com\/et\/how-to-check-the-quality-of-faucet\/\">Kuidas kontrollida kraani kvaliteeti?<\/a> - 19 mai 2020<\/li><li><a href=\"https:\/\/spark-faucet.com\/et\/how-do-spark-control-the-quality-of-faucet\/\">Kuidas SPARK kontrollib kraani kvaliteeti?<\/a> - 19 mai 2020<\/li><\/ul><\/div><\/div><\/div><div class=\"sp-wrap-cpt\"><h2 class=\"sp-cpt-name\">Tooted<\/h2><div class=\"sp-wrap-cats\"><div class=\"sp-wrap-cat\"><h3 class=\"sp-cat-name\"><a href=\"https:\/\/spark-faucet.com\/et\/products\/bath-shower-faucet\/\">Vann ja du\u0161\u0161kraan<\/a><\/h3><ul class=\"sp-list-posts\"><li><a href=\"https:\/\/spark-faucet.com\/et\/toode\/luxury-design-gold-hot-cold-waterfall-shower-set\/\">Luksuslik disain kuldne kuuma ja k\u00fclma veejuga du\u0161ikomplekt<\/a> - 6. detsember 2023<\/li><li><a href=\"https:\/\/spark-faucet.com\/et\/toode\/spark-original-design-bath-brush-gold-freestanding-faucet\/\">Spark originaalne disain vannihari kuldne vabalt seisev kraan<\/a> - 17 juuni 2020<\/li><li><a href=\"https:\/\/spark-faucet.com\/et\/toode\/spark-original-design-surface-mounted-shower-column\/\">Spark originaaldisainiga pinnale paigaldatud du\u0161isammas<\/a> - 17 juuni 2020<\/li><li><a href=\"https:\/\/spark-faucet.com\/et\/toode\/luxury-design-brass-bath-free-standing-bathtub-faucet\/\">Luksuslik disain messingist vannis vabalt seisev vanni kraan<\/a> - 17 juuni 2020<\/li><li><a href=\"https:\/\/spark-faucet.com\/et\/toode\/luxury-design-bathroom-brass-rain-concealed-shower-set\/\">Luksuslik disain vannituba messingist vihmapiirdega du\u0161ikomplekt<\/a> - 17 juuni 2020<\/li><li><a href=\"https:\/\/spark-faucet.com\/et\/toode\/luxury-design-gold-hot-cold-water-shower-set\/\">Luksuslik disain kuldne kuuma ja k\u00fclma vee du\u0161ikomplekt<\/a> - 17 juuni 2020<\/li><\/ul><\/div><div class=\"sp-wrap-cat\"><h3 class=\"sp-cat-name\"><a href=\"https:\/\/spark-faucet.com\/et\/products\/bathroom-accessories\/\">Vannitoa aksessuaarid<\/a><\/h3><ul class=\"sp-list-posts\"><li><a href=\"https:\/\/spark-faucet.com\/et\/toode\/kaiping-manufacturer-brass-bathroom-accessories\/\">Kaipingi tootja messingist vannitoatarvikud<\/a> - 17 november 2020<\/li><\/ul><\/div><div class=\"sp-wrap-cat\"><h3 class=\"sp-cat-name\"><a href=\"https:\/\/spark-faucet.com\/et\/products\/bathroom-faucet\/\">Vannitoa kraan<\/a><\/h3><ul class=\"sp-list-posts\"><li><a href=\"https:\/\/spark-faucet.com\/et\/toode\/australian-standard-bathroom-taps-watermark-faucet\/\">Australian Standard vannitoa kraanid Watermark kraanid<\/a> - 17 november 2020<\/li><li><a href=\"https:\/\/spark-faucet.com\/et\/toode\/australian-standard-taps-watermark-bathroom-tapware\/\">Australian Standardi kraanid Watermark vannitoa kraanid<\/a> - 17 november 2020<\/li><li><a href=\"https:\/\/spark-faucet.com\/et\/toode\/luxury-black-bathroom-faucets-torneira-banheiro\/\">Luksuslik must vannitoa kraanid torneira banheiro<\/a> - 17 november 2020<\/li><li><a href=\"https:\/\/spark-faucet.com\/et\/toode\/kaiping-design-brass-basin-mixer-bathroom-faucet\/\">Kaiping disain messingist basseinisegisti vannitoa kraanikaussi<\/a> - 17 november 2020<\/li><li><a href=\"https:\/\/spark-faucet.com\/et\/toode\/spark-original-design-brass-rose-gold-basin-mixer-bathroom-taps\/\">Spark originaalne disain messingist roosakas kuldne valamu segisti vannitoa kraanid<\/a> - 17 juuni 2020<\/li><li><a href=\"https:\/\/spark-faucet.com\/et\/toode\/spark-sanitary-ware-hot-cold-clack-copper-water-taps\/\">Spark Sanitaartehnika kuum k\u00fclm klapp vask veekraanid<\/a> - 17 juuni 2020<\/li><li><a href=\"https:\/\/spark-faucet.com\/et\/toode\/spark-sanitary-ware-hot-cold-gold-copper-water-taps\/\">Spark Sanitaartehnika kuumad ja k\u00fclmad kuldsed veekraanid<\/a> - 17 juuni 2020<\/li><li><a href=\"https:\/\/spark-faucet.com\/et\/toode\/luxury-design-high-end-copper-gold-bathroom-faucet\/\">Luksuslik disain k\u00f5rgekvaliteediline vask kuldne vannitoa kraan<\/a> - 17 juuni 2020<\/li><li><a href=\"https:\/\/spark-faucet.com\/et\/toode\/new-arrival-copper-matte-black-taps-bathroom\/\">Uus saabumine vasest matt mustad kraanid vannituba<\/a> - 17 juuni 2020<\/li><li><a href=\"https:\/\/spark-faucet.com\/et\/toode\/new-arrival-black-color-round-brass-basin-faucets-bathroom\/\">Uus saabumine musta v\u00e4rvi \u00fcmmargune messingist kraanid vannituba<\/a> - 16 juuni 2020<\/li><li><a href=\"https:\/\/spark-faucet.com\/et\/toode\/new-arrival-copper-rose-gold-bathroom-basin-taps\/\">Uus saabumine vasest roosakas kuldne vannitoa kraanid<\/a> - 16 juuni 2020<\/li><li><a href=\"https:\/\/spark-faucet.com\/et\/toode\/professional-manufacture-brass-mixers-for-bathrooms\/\">Professionaalne tootmine messingist segistid vannitubade jaoks<\/a> - 13 mai 2020<\/li><li><a href=\"https:\/\/spark-faucet.com\/et\/toode\/new-design-square-basin-mixer-brass-matte-black-bathroom-faucets\/\">Uus disain ruudukujuline valamu segisti messingist matt must vannitoa kraanid<\/a> - 13 mai 2020<\/li><li><a href=\"https:\/\/spark-faucet.com\/et\/toode\/spark-original-design-bathroom-brass-brush-gold-basin-faucets\/\">S\u00e4de originaalne disain vannituba messingist harja kuld basseinikraanid<\/a> - 13 mai 2020<\/li><li><a href=\"https:\/\/spark-faucet.com\/et\/toode\/luxury-design-golden-brass-bathroom-gold-basin-faucet\/\">Luksuslik disain kuldne messingist vannituba kuldne kraanikauss<\/a> - 14 aprill 2020<\/li><\/ul><\/div><div class=\"sp-wrap-cat\"><h3 class=\"sp-cat-name\"><a href=\"https:\/\/spark-faucet.com\/et\/products\/kitchen-faucet\/\">K\u00f6\u00f6gi kraan<\/a><\/h3><ul class=\"sp-list-posts\"><li><a href=\"https:\/\/spark-faucet.com\/et\/toode\/luxury-design-single-lever-pull-out-sprayer-faucet-for-kitchen-sink\/\">Luksuslik disain \u00fche hoova v\u00e4ljat\u00f5mmatav pihusti kraan k\u00f6\u00f6givalamu jaoks<\/a> - 17 juuni 2020<\/li><li><a href=\"https:\/\/spark-faucet.com\/et\/toode\/luxury-design-brass-gold-faucet-kitchen\/\">Luksuslik disain messingist kuldne kraan k\u00f6\u00f6gis<\/a> - 17 juuni 2020<\/li><\/ul><\/div><\/div><\/div><\/div>","protected":false},"excerpt":{"rendered":"","protected":false},"author":1,"featured_media":0,"parent":0,"menu_order":0,"comment_status":"closed","ping_status":"closed","template":"","meta":{"_seopress_robots_primary_cat":"","footnotes":""},"_links":{"self":[{"href":"https:\/\/spark-faucet.com\/et\/wp-json\/wp\/v2\/pages\/5838"}],"collection":[{"href":"https:\/\/spark-faucet.com\/et\/wp-json\/wp\/v2\/pages"}],"about":[{"href":"https:\/\/spark-faucet.com\/et\/wp-json\/wp\/v2\/types\/page"}],"author":[{"embeddable":true,"href":"https:\/\/spark-faucet.com\/et\/wp-json\/wp\/v2\/users\/1"}],"replies":[{"embeddable":true,"href":"https:\/\/spark-faucet.com\/et\/wp-json\/wp\/v2\/comments?post=5838"}],"version-history":[{"count":1,"href":"https:\/\/spark-faucet.com\/et\/wp-json\/wp\/v2\/pages\/5838\/revisions"}],"predecessor-version":[{"id":5840,"href":"https:\/\/spark-faucet.com\/et\/wp-json\/wp\/v2\/pages\/5838\/revisions\/5840"}],"wp:attachment":[{"href":"https:\/\/spark-faucet.com\/et\/wp-json\/wp\/v2\/media?parent=5838"}],"curies":[{"name":"wp","href":"https:\/\/api.w.org\/{rel}","templated":true}]}}