{"id":5838,"date":"2020-11-23T06:51:09","date_gmt":"2020-11-23T06:51:09","guid":{"rendered":"http:\/\/spark-faucet.com\/?page_id=5838"},"modified":"2020-11-23T06:51:10","modified_gmt":"2020-11-23T06:51:10","slug":"sitemap","status":"publish","type":"page","link":"https:\/\/spark-faucet.com\/es\/sitemap\/","title":{"rendered":"Mapa del sitio"},"content":{"rendered":"<div class=\"wrap-html-sitemap sp-html-sitemap\"><div class=\"sp-wrap-cpt\"><h2 class=\"sp-cpt-name\">P\u00e1ginas<\/h2><ul class=\"sp-list-posts sp-cpt-hierarchical\"><li class=\"page_item page-item-5838\"><a href=\"https:\/\/spark-faucet.com\/es\/sitemap\/\">Mapa del sitio<\/a><\/li><li class=\"page_item page-item-5236\"><a href=\"https:\/\/spark-faucet.com\/es\/videos\/\">V\u00cdDEOS<\/a><\/li><li class=\"page_item page-item-3684 current_page_parent\"><a href=\"https:\/\/spark-faucet.com\/es\/blog\/\">Blog<\/a><\/li><li class=\"page_item page-item-3043\"><a href=\"https:\/\/spark-faucet.com\/es\/certificates\/\">Certificados<\/a><\/li><li class=\"page_item page-item-3004\"><a href=\"https:\/\/spark-faucet.com\/es\/quality-management\/\">Gesti\u00f3n de la calidad<\/a><\/li><li class=\"page_item page-item-2472\"><a href=\"https:\/\/spark-faucet.com\/es\/thank-you\/\">Gracias<\/a><\/li><li class=\"page_item page-item-2371\"><a href=\"https:\/\/spark-faucet.com\/es\/product\/\">Producto<\/a><\/li><li class=\"page_item page-item-1928\"><a href=\"https:\/\/spark-faucet.com\/es\/not-important\/\">No es importante<\/a><\/li><li class=\"page_item page-item-1922\"><a href=\"https:\/\/spark-faucet.com\/es\/privacy-policy\/\">Pol\u00edtica de privacidad<\/a><\/li><li class=\"page_item page-item-1902\"><a href=\"https:\/\/spark-faucet.com\/es\/contact\/\">contacto<\/a><\/li><li class=\"page_item page-item-1896\"><a href=\"https:\/\/spark-faucet.com\/es\/about-spark\/\">Acerca de Spark<\/a><\/li><li class=\"page_item page-item-1884\"><a href=\"https:\/\/spark-faucet.com\/es\/\">Inicio<\/a><\/li><\/ul><\/div><div class=\"sp-wrap-cpt\"><h2 class=\"sp-cpt-name\">Entradas<\/h2><div class=\"sp-wrap-cats\"><div class=\"sp-wrap-cat\"><h3 class=\"sp-cat-name\"><a href=\"https:\/\/spark-faucet.com\/es\/category\/all\/\">Todos<\/a><\/h3><ul class=\"sp-list-posts\"><li><a href=\"https:\/\/spark-faucet.com\/es\/top-8-ceramic-faucet-cartridge-manufacturers-in-china\/\">Los 8 mejores fabricantes de cartuchos cer\u00e1micos para grifos de China<\/a> - 2 de enero de 2024<\/li><li><a href=\"https:\/\/spark-faucet.com\/es\/top-7-ceramic-faucet-cartridge-manufacturers-in-europe-an-insiders-guide\/\">Los 7 principales fabricantes de cartuchos cer\u00e1micos para grifer\u00eda en Europa: Una gu\u00eda privilegiada<\/a> - 22 diciembre 2023<\/li><li><a href=\"https:\/\/spark-faucet.com\/es\/unlocking-the-future-of-faucet-manufacturing-pvd-technologys-advantages\/\">Desbloqueando el futuro de la fabricaci\u00f3n de grifer\u00eda: Las ventajas de la tecnolog\u00eda PVD<\/a> - 4 de noviembre de 2023<\/li><li><a href=\"https:\/\/spark-faucet.com\/es\/finding-a-reliable-china-faucet-manufacturer-a-complete-guide\/\">C\u00f3mo encontrar un fabricante de grifos chino fiable: Una gu\u00eda completa<\/a> - 4 de noviembre de 2023<\/li><li><a href=\"https:\/\/spark-faucet.com\/es\/the-difference-between-oem-and-odm-faucet-manufacturers\/\">La diferencia entre los fabricantes de grifer\u00eda OEM y ODM<\/a> - 20 de septiembre de 2023<\/li><li><a href=\"https:\/\/spark-faucet.com\/es\/the-difference-between-stainless-steel-faucets-and-copper-faucets\/\">La diferencia entre las grifer\u00edas de acero inoxidable y las de cobre.<\/a> - 4 de marzo de 2023<\/li><li><a href=\"https:\/\/spark-faucet.com\/es\/inventory-of-mergers-and-acquisitions-in-the-bathroom-industry-in-the-first-half-of-2022\/\">Inventario de fusiones y adquisiciones en la industria del ba\u00f1o en el primer semestre de 2022<\/a> - 27 julio 2022<\/li><li><a href=\"https:\/\/spark-faucet.com\/es\/watermark-tapware-manufacturer-in-china\/\">Fabricante de grifer\u00eda Watermark: Una asociaci\u00f3n china para una calidad superior<\/a> - 3 de enero de 2022<\/li><li><a href=\"https:\/\/spark-faucet.com\/es\/rcep-will-change-your-purchasing-zero-tariff-cooperation\/\">El RCEP cambiar\u00e1 sus compras- Cooperaci\u00f3n arancelaria cero<\/a> - 17 noviembre 2020<\/li><li><a href=\"https:\/\/spark-faucet.com\/es\/how-to-wholesale-faucet-from-china\/\">\u00bfC\u00f3mo vender al por mayor grifer\u00eda de China?<\/a> - 29 octubre 2020<\/li><li><a href=\"https:\/\/spark-faucet.com\/es\/faucet-manufacturing-process\/\">Proceso de fabricaci\u00f3n de grifos: De las barras de lat\u00f3n a los grifos<\/a> - 10 octubre 2020<\/li><li><a href=\"https:\/\/spark-faucet.com\/es\/china-faucet-manufacturers\/\">Fabricante chino de grifer\u00eda: Desvelando la calidad, el dise\u00f1o y la escala<\/a> - 24 agosto 2020<\/li><li><a href=\"https:\/\/spark-faucet.com\/es\/how-to-check-the-quality-of-faucet\/\">\u00bfC\u00f3mo comprobar la calidad de un grifo?<\/a> - 19 de mayo de 2020<\/li><li><a href=\"https:\/\/spark-faucet.com\/es\/how-do-spark-control-the-quality-of-faucet\/\">\u00bfC\u00f3mo controla SPARK la calidad del grifo?<\/a> - 19 de mayo de 2020<\/li><\/ul><\/div><\/div><\/div><div class=\"sp-wrap-cpt\"><h2 class=\"sp-cpt-name\">Productos<\/h2><div class=\"sp-wrap-cats\"><div class=\"sp-wrap-cat\"><h3 class=\"sp-cat-name\"><a href=\"https:\/\/spark-faucet.com\/es\/products\/bath-shower-faucet\/\">Grifer\u00eda para ba\u00f1o y ducha<\/a><\/h3><ul class=\"sp-list-posts\"><li><a href=\"https:\/\/spark-faucet.com\/es\/producto\/luxury-design-gold-hot-cold-waterfall-shower-set\/\">Set de ducha cascada dorada caliente y fr\u00eda de dise\u00f1o lujoso<\/a> - 6 de diciembre de 2023<\/li><li><a href=\"https:\/\/spark-faucet.com\/es\/producto\/spark-original-design-bath-brush-gold-freestanding-faucet\/\">Spark grifo independiente de dise\u00f1o original para ba\u00f1era de oro<\/a> - 17 de junio de 2020<\/li><li><a href=\"https:\/\/spark-faucet.com\/es\/producto\/spark-original-design-surface-mounted-shower-column\/\">Columna de ducha de superficie de dise\u00f1o original Spark<\/a> - 17 de junio de 2020<\/li><li><a href=\"https:\/\/spark-faucet.com\/es\/producto\/luxury-design-brass-bath-free-standing-bathtub-faucet\/\">Grifo de ba\u00f1era exento de lat\u00f3n de dise\u00f1o lujoso<\/a> - 17 de junio de 2020<\/li><li><a href=\"https:\/\/spark-faucet.com\/es\/producto\/luxury-design-bathroom-brass-rain-concealed-shower-set\/\">Set de ducha empotrada de dise\u00f1o de lujo para cuarto de ba\u00f1o<\/a> - 17 de junio de 2020<\/li><li><a href=\"https:\/\/spark-faucet.com\/es\/producto\/luxury-design-gold-hot-cold-water-shower-set\/\">Set de ducha de agua fr\u00eda y caliente dorado de dise\u00f1o lujoso<\/a> - 17 de junio de 2020<\/li><\/ul><\/div><div class=\"sp-wrap-cat\"><h3 class=\"sp-cat-name\"><a href=\"https:\/\/spark-faucet.com\/es\/products\/bathroom-accessories\/\">Accesorios de ba\u00f1o<\/a><\/h3><ul class=\"sp-list-posts\"><li><a href=\"https:\/\/spark-faucet.com\/es\/producto\/kaiping-manufacturer-brass-bathroom-accessories\/\">Kaiping fabricante de accesorios de ba\u00f1o de lat\u00f3n<\/a> - 17 noviembre 2020<\/li><\/ul><\/div><div class=\"sp-wrap-cat\"><h3 class=\"sp-cat-name\"><a href=\"https:\/\/spark-faucet.com\/es\/products\/bathroom-faucet\/\">Grifer\u00eda de ba\u00f1o<\/a><\/h3><ul class=\"sp-list-posts\"><li><a href=\"https:\/\/spark-faucet.com\/es\/producto\/australian-standard-bathroom-taps-watermark-faucet\/\">Grifer\u00eda de ba\u00f1o Australian Standard Grifer\u00eda Watermark<\/a> - 17 noviembre 2020<\/li><li><a href=\"https:\/\/spark-faucet.com\/es\/producto\/australian-standard-taps-watermark-bathroom-tapware\/\">Grifer\u00eda Australian Standard Grifer\u00eda de ba\u00f1o Watermark<\/a> - 17 noviembre 2020<\/li><li><a href=\"https:\/\/spark-faucet.com\/es\/producto\/luxury-black-bathroom-faucets-torneira-banheiro\/\">Grifer\u00eda de ba\u00f1o negra de lujo torneira banheiro<\/a> - 17 noviembre 2020<\/li><li><a href=\"https:\/\/spark-faucet.com\/es\/producto\/kaiping-design-brass-basin-mixer-bathroom-faucet\/\">Kaiping grifo mezclador de lat\u00f3n para lavabo de dise\u00f1o<\/a> - 17 noviembre 2020<\/li><li><a href=\"https:\/\/spark-faucet.com\/es\/producto\/spark-original-design-brass-rose-gold-basin-mixer-bathroom-taps\/\">Spark grifer\u00eda de lavabo de dise\u00f1o original en lat\u00f3n oro rosa<\/a> - 17 de junio de 2020<\/li><li><a href=\"https:\/\/spark-faucet.com\/es\/producto\/spark-sanitary-ware-hot-cold-clack-copper-water-taps\/\">Spark Sanitary Ware grifos de cobre de agua caliente fr\u00eda clack<\/a> - 17 de junio de 2020<\/li><li><a href=\"https:\/\/spark-faucet.com\/es\/producto\/spark-sanitary-ware-hot-cold-gold-copper-water-taps\/\">Spark Sanitary Ware grifos de agua caliente fr\u00eda de cobre dorado<\/a> - 17 de junio de 2020<\/li><li><a href=\"https:\/\/spark-faucet.com\/es\/producto\/luxury-design-high-end-copper-gold-bathroom-faucet\/\">Grifo de ba\u00f1o de cobre dorado de alta gama y dise\u00f1o de lujo<\/a> - 17 de junio de 2020<\/li><li><a href=\"https:\/\/spark-faucet.com\/es\/producto\/new-arrival-copper-matte-black-taps-bathroom\/\">Nueva llegada grifer\u00eda cobre negro mate ba\u00f1o<\/a> - 17 de junio de 2020<\/li><li><a href=\"https:\/\/spark-faucet.com\/es\/producto\/new-arrival-black-color-round-brass-basin-faucets-bathroom\/\">Nueva llegada grifer\u00eda de lavabo redonda de lat\u00f3n color negro ba\u00f1o<\/a> - 16 de junio de 2020<\/li><li><a href=\"https:\/\/spark-faucet.com\/es\/producto\/new-arrival-copper-rose-gold-bathroom-basin-taps\/\">Nueva llegada grifos de lavabo en cobre oro rosa<\/a> - 16 de junio de 2020<\/li><li><a href=\"https:\/\/spark-faucet.com\/es\/producto\/professional-manufacture-brass-mixers-for-bathrooms\/\">Mezcladores de lat\u00f3n de fabricaci\u00f3n profesional para cuartos de ba\u00f1o<\/a> - 13 de mayo de 2020<\/li><li><a href=\"https:\/\/spark-faucet.com\/es\/producto\/new-design-square-basin-mixer-brass-matte-black-bathroom-faucets\/\">Nuevo dise\u00f1o mezclador cuadrado para lavabo grifer\u00eda de ba\u00f1o lat\u00f3n negro mate<\/a> - 13 de mayo de 2020<\/li><li><a href=\"https:\/\/spark-faucet.com\/es\/producto\/spark-original-design-bathroom-brass-brush-gold-basin-faucets\/\">Spark grifer\u00eda de lavabo de dise\u00f1o original en lat\u00f3n cepillado dorado para cuartos de ba\u00f1o<\/a> - 13 de mayo de 2020<\/li><li><a href=\"https:\/\/spark-faucet.com\/es\/producto\/luxury-design-golden-brass-bathroom-gold-basin-faucet\/\">Grifo de lavabo de lat\u00f3n dorado de dise\u00f1o lujoso<\/a> - 14 abril 2020<\/li><\/ul><\/div><div class=\"sp-wrap-cat\"><h3 class=\"sp-cat-name\"><a href=\"https:\/\/spark-faucet.com\/es\/products\/kitchen-faucet\/\">Grifo de cocina<\/a><\/h3><ul class=\"sp-list-posts\"><li><a href=\"https:\/\/spark-faucet.com\/es\/producto\/luxury-design-single-lever-pull-out-sprayer-faucet-for-kitchen-sink\/\">Grifo monomando extra\u00edble de dise\u00f1o lujoso para fregadero de cocina<\/a> - 17 de junio de 2020<\/li><li><a href=\"https:\/\/spark-faucet.com\/es\/producto\/luxury-design-brass-gold-faucet-kitchen\/\">Grifo de lat\u00f3n dorado de dise\u00f1o lujoso para la cocina<\/a> - 17 de junio de 2020<\/li><\/ul><\/div><\/div><\/div><\/div>","protected":false},"excerpt":{"rendered":"","protected":false},"author":1,"featured_media":0,"parent":0,"menu_order":0,"comment_status":"closed","ping_status":"closed","template":"","meta":{"_seopress_robots_primary_cat":"","footnotes":""},"_links":{"self":[{"href":"https:\/\/spark-faucet.com\/es\/wp-json\/wp\/v2\/pages\/5838"}],"collection":[{"href":"https:\/\/spark-faucet.com\/es\/wp-json\/wp\/v2\/pages"}],"about":[{"href":"https:\/\/spark-faucet.com\/es\/wp-json\/wp\/v2\/types\/page"}],"author":[{"embeddable":true,"href":"https:\/\/spark-faucet.com\/es\/wp-json\/wp\/v2\/users\/1"}],"replies":[{"embeddable":true,"href":"https:\/\/spark-faucet.com\/es\/wp-json\/wp\/v2\/comments?post=5838"}],"version-history":[{"count":1,"href":"https:\/\/spark-faucet.com\/es\/wp-json\/wp\/v2\/pages\/5838\/revisions"}],"predecessor-version":[{"id":5840,"href":"https:\/\/spark-faucet.com\/es\/wp-json\/wp\/v2\/pages\/5838\/revisions\/5840"}],"wp:attachment":[{"href":"https:\/\/spark-faucet.com\/es\/wp-json\/wp\/v2\/media?parent=5838"}],"curies":[{"name":"wp","href":"https:\/\/api.w.org\/{rel}","templated":true}]}}