{"id":4781,"date":"2020-06-17T01:49:09","date_gmt":"2020-06-17T01:49:09","guid":{"rendered":"http:\/\/spark-faucet.com\/?post_type=product&#038;p=4781"},"modified":"2022-02-25T07:17:46","modified_gmt":"2022-02-25T07:17:46","slug":"new-arrival-copper-matte-black-taps-bathroom","status":"publish","type":"product","link":"https:\/\/spark-faucet.com\/de_de_formal\/produkt\/new-arrival-copper-matte-black-taps-bathroom\/","title":{"rendered":"New Arrival Kupfer matt schwarz Wasserh\u00e4hne Badezimmer"},"content":{"rendered":"<p><img fetchpriority=\"high\" decoding=\"async\" class=\"size-full wp-image-4785 aligncenter\" src=\"http:\/\/spark-faucet.com\/wp-content\/uploads\/2020\/06\/2-23111.png\" alt=\"\" width=\"750\" height=\"720\" srcset=\"https:\/\/spark-faucet.com\/wp-content\/uploads\/2020\/06\/2-23111.png 750w, https:\/\/spark-faucet.com\/wp-content\/uploads\/2020\/06\/2-23111-300x288.png 300w, https:\/\/spark-faucet.com\/wp-content\/uploads\/2020\/06\/2-23111-600x576.png 600w\" sizes=\"(max-width: 750px) 100vw, 750px\" \/><\/p>\n<table class=\"aligncenter\" style=\"border-collapse: collapse; width: 750px; border: solid 1px #e6e3e3; background-color: #ffffff; margin-left: auto; margin-right: auto;\" border=\"1\">\n<tbody>\n<tr style=\"height: 30px;\">\n<td style=\"width: 300px; border: 1px solid #e6e3e3; height: 30px; text-align: left;\" valign=\"center\"><span style=\"color: #000000;\"><strong>Material<\/strong><\/span><\/td>\n<td style=\"width: 700px; border: 1px solid #e6e3e3; height: 30px;\" valign=\"center\"><span style=\"color: #000000;\">Hauptk\u00f6rper aus Messing und Griff aus Zinklegierung<\/span><\/td>\n<\/tr>\n<tr style=\"height: 30px;\">\n<td style=\"width: 300px; border: 1px solid #e6e3e3; height: 30px; text-align: left;\" valign=\"center\"><span style=\"color: #000000;\"><strong>Messing Inhalt<\/strong><\/span><\/td>\n<td style=\"width: 700px; border: 1px solid #e6e3e3; height: 30px;\" valign=\"center\"><span style=\"color: #000000;\">\u226559%<\/span><\/td>\n<\/tr>\n<tr style=\"height: 30px;\">\n<td style=\"width: 300px; border: 1px solid #e6e3e3; height: 30px; text-align: left;\" valign=\"center\"><span style=\"color: #000000;\"><strong>Kartusche<\/strong><\/span><\/td>\n<td style=\"width: 700px; border: 1px solid #e6e3e3; height: 30px;\" valign=\"center\"><span style=\"color: #000000;\">KCG, Sedal, Kerox, Yizhan<\/span><\/td>\n<\/tr>\n<tr style=\"height: 30px;\">\n<td style=\"width: 300px; border: 1px solid #e6e3e3; height: 30px; text-align: left;\" valign=\"center\"><span style=\"color: #000000;\"><strong>Lebensdauer der Patrone<\/strong><\/span><\/td>\n<td style=\"width: 700px; border: 1px solid #e6e3e3; height: 30px;\" valign=\"center\"><span style=\"color: #000000;\">500.000 Mal \u00f6ffnen und schlie\u00dfen<\/span><\/td>\n<\/tr>\n<tr style=\"height: 30px;\">\n<td style=\"width: 300px; border: 1px solid #e6e3e3; height: 30px; text-align: left;\" valign=\"center\"><span style=\"color: #000000;\"><strong>Bel\u00fcfter<\/strong><\/span><\/td>\n<td style=\"width: 700px; border: 1px solid #e6e3e3; height: 30px;\" valign=\"center\"><span style=\"color: #000000;\">Neoperl<\/span><\/td>\n<\/tr>\n<tr style=\"height: 30px;\">\n<td style=\"width: 300px; border: 1px solid #e6e3e3; height: 30px; text-align: left;\" valign=\"center\"><span style=\"color: #000000;\"><strong>Flexibler Schlauch<\/strong><\/span><\/td>\n<td style=\"width: 700px; border: 1px solid #e6e3e3; height: 30px;\" valign=\"center\"><span style=\"color: #000000;\">304 Edelstahl mit dickem EPDM-Innenschlauch<\/span><\/td>\n<\/tr>\n<tr style=\"height: 30px;\">\n<td style=\"width: 300px; border: 1px solid #e6e3e3; height: 30px; text-align: left;\" valign=\"center\"><span style=\"color: #000000;\"><strong>Garantie<\/strong><\/span><\/td>\n<td style=\"width: 700px; border: 1px solid #e6e3e3; height: 30px;\" valign=\"center\"><span style=\"color: #000000;\">6 Jahre begrenzt<\/span><\/td>\n<\/tr>\n<tr style=\"height: 30px;\">\n<td style=\"width: 300px; border: 1px solid #e6e3e3; height: 30px; text-align: left;\" valign=\"center\"><span style=\"color: #000000;\"><strong>Salzspr\u00fchnebeltest<\/strong><\/span><\/td>\n<td style=\"width: 700px; border: 1px solid #e6e3e3; height: 30px;\" valign=\"center\"><span style=\"color: #000000;\">24 Stunden<\/span><\/td>\n<\/tr>\n<tr style=\"height: 30px;\">\n<td style=\"width: 300px; border: 1px solid #e6e3e3; height: 30px; text-align: left;\" valign=\"center\"><span style=\"color: #000000;\"><strong>Wasserdruckpr\u00fcfung<\/strong><\/span><\/td>\n<td style=\"width: 700px; border: 1px solid #e6e3e3; height: 30px;\" valign=\"center\"><span style=\"color: #000000;\">1,6 Mpa<\/span><\/td>\n<\/tr>\n<tr style=\"height: 30px;\">\n<td style=\"width: 300px; border: 1px solid #e6e3e3; height: 30px; text-align: left;\" valign=\"center\"><span style=\"color: #000000;\"><strong>Luftdruckpr\u00fcfung<\/strong><\/span><\/td>\n<td style=\"width: 700px; border: 1px solid #e6e3e3; height: 30px;\" valign=\"center\"><span style=\"color: #000000;\">0,6 Mpa<\/span><\/td>\n<\/tr>\n<tr style=\"height: 30px;\">\n<td style=\"width: 300px; border: 1px solid #e6e3e3; height: 30px; text-align: left;\" valign=\"center\"><span style=\"color: #000000;\"><strong>Wasserfluss<\/strong><\/span><\/td>\n<td style=\"width: 700px; border: 1px solid #e6e3e3; height: 30px;\" valign=\"center\"><span style=\"color: #000000;\">\u226512L\/min<\/span><\/td>\n<\/tr>\n<\/tbody>\n<\/table>\n<p style=\"text-align: center;\"><span style=\"font-size: 14px;\"><img decoding=\"async\" class=\"fr-fic fr-dib\" src=\"https:\/\/fs.cantonfair.org.cn\/be0d119c-8f39-41c8-a163-e7377c2f348a.png\" \/><\/span><\/p>\n<p style=\"text-align: center;\"><img decoding=\"async\" class=\"alignnone size-full wp-image-4753\" src=\"http:\/\/spark-faucet.com\/wp-content\/uploads\/2020\/06\/3-COLOR.png\" alt=\"\" width=\"750\" height=\"400\" srcset=\"https:\/\/spark-faucet.com\/wp-content\/uploads\/2020\/06\/3-COLOR.png 750w, https:\/\/spark-faucet.com\/wp-content\/uploads\/2020\/06\/3-COLOR-300x160.png 300w, https:\/\/spark-faucet.com\/wp-content\/uploads\/2020\/06\/3-COLOR-600x320.png 600w\" sizes=\"(max-width: 750px) 100vw, 750px\" \/><\/p>","protected":false},"excerpt":{"rendered":"<p>Massivit\u00e4t und Solidit\u00e4t mit Vollmetalltexturen sorgen f\u00fcr einen k\u00fchlen und ruhigen Designstil, der Sie t\u00e4glich daran erinnert, immer ein wenig heller zu strahlen!<\/p>\n<ul>\n<li>Serie: Rose Serie<\/li>\n<li>Modell:  23111<\/li>\n<li>Einhebel-Waschtischbatterie<\/li>\n<li>Wasserhahnk\u00f6rper aus Messing<\/li>\n<li>Keramische Kartusche:  KCG, Sedal, Kerox, Yizhan<\/li>\n<li>Wasserhahn Zertifizierung:<\/li>\n<\/ul>","protected":false},"featured_media":4786,"template":"","meta":{"_seopress_robots_primary_cat":"none"},"product_cat":[23],"product_tag":[30,29,28],"_links":{"self":[{"href":"https:\/\/spark-faucet.com\/de_de_formal\/wp-json\/wp\/v2\/product\/4781"}],"collection":[{"href":"https:\/\/spark-faucet.com\/de_de_formal\/wp-json\/wp\/v2\/product"}],"about":[{"href":"https:\/\/spark-faucet.com\/de_de_formal\/wp-json\/wp\/v2\/types\/product"}],"wp:featuredmedia":[{"embeddable":true,"href":"https:\/\/spark-faucet.com\/de_de_formal\/wp-json\/wp\/v2\/media\/4786"}],"wp:attachment":[{"href":"https:\/\/spark-faucet.com\/de_de_formal\/wp-json\/wp\/v2\/media?parent=4781"}],"wp:term":[{"taxonomy":"product_cat","embeddable":true,"href":"https:\/\/spark-faucet.com\/de_de_formal\/wp-json\/wp\/v2\/product_cat?post=4781"},{"taxonomy":"product_tag","embeddable":true,"href":"https:\/\/spark-faucet.com\/de_de_formal\/wp-json\/wp\/v2\/product_tag?post=4781"}],"curies":[{"name":"wp","href":"https:\/\/api.w.org\/{rel}","templated":true}]}}