{"id":5838,"date":"2020-11-23T06:51:09","date_gmt":"2020-11-23T06:51:09","guid":{"rendered":"http:\/\/spark-faucet.com\/?page_id=5838"},"modified":"2020-11-23T06:51:10","modified_gmt":"2020-11-23T06:51:10","slug":"sitemap","status":"publish","type":"page","link":"https:\/\/spark-faucet.com\/de_de_formal\/sitemap\/","title":{"rendered":"Inhaltsverzeichnis"},"content":{"rendered":"<div class=\"wrap-html-sitemap sp-html-sitemap\"><div class=\"sp-wrap-cpt\"><h2 class=\"sp-cpt-name\">Seiten<\/h2><ul class=\"sp-list-posts sp-cpt-hierarchical\"><li class=\"page_item page-item-5838\"><a href=\"https:\/\/spark-faucet.com\/de_de_formal\/sitemap\/\">Inhaltsverzeichnis<\/a><\/li><li class=\"page_item page-item-5236\"><a href=\"https:\/\/spark-faucet.com\/de_de_formal\/videos\/\">VIDEOS<\/a><\/li><li class=\"page_item page-item-3684 current_page_parent\"><a href=\"https:\/\/spark-faucet.com\/de_de_formal\/blog\/\">Blog<\/a><\/li><li class=\"page_item page-item-3043\"><a href=\"https:\/\/spark-faucet.com\/de_de_formal\/certificates\/\">Bescheinigungen<\/a><\/li><li class=\"page_item page-item-3004\"><a href=\"https:\/\/spark-faucet.com\/de_de_formal\/quality-management\/\">Qualit\u00e4tsmanagement<\/a><\/li><li class=\"page_item page-item-2472\"><a href=\"https:\/\/spark-faucet.com\/de_de_formal\/thank-you\/\">Dankesch\u00f6n<\/a><\/li><li class=\"page_item page-item-2371\"><a href=\"https:\/\/spark-faucet.com\/de_de_formal\/product\/\">Produkt<\/a><\/li><li class=\"page_item page-item-1928\"><a href=\"https:\/\/spark-faucet.com\/de_de_formal\/not-important\/\">Nicht wichtig<\/a><\/li><li class=\"page_item page-item-1922\"><a href=\"https:\/\/spark-faucet.com\/de_de_formal\/privacy-policy\/\">Datenschutzbestimmungen<\/a><\/li><li class=\"page_item page-item-1902\"><a href=\"https:\/\/spark-faucet.com\/de_de_formal\/contact\/\">Kontakt<\/a><\/li><li class=\"page_item page-item-1896\"><a href=\"https:\/\/spark-faucet.com\/de_de_formal\/about-spark\/\">\u00dcber Spark<\/a><\/li><li class=\"page_item page-item-1884\"><a href=\"https:\/\/spark-faucet.com\/de_de_formal\/\">Startseite<\/a><\/li><\/ul><\/div><div class=\"sp-wrap-cpt\"><h2 class=\"sp-cpt-name\">Beitr\u00e4ge<\/h2><div class=\"sp-wrap-cats\"><div class=\"sp-wrap-cat\"><h3 class=\"sp-cat-name\"><a href=\"https:\/\/spark-faucet.com\/de_de_formal\/category\/all\/\">Alle<\/a><\/h3><ul class=\"sp-list-posts\"><li><a href=\"https:\/\/spark-faucet.com\/de_de_formal\/top-8-ceramic-faucet-cartridge-manufacturers-in-china\/\">Die 8 besten Keramik-Wasserhahnkartuschen-Hersteller in China<\/a> - 2. Januar 2024<\/li><li><a href=\"https:\/\/spark-faucet.com\/de_de_formal\/top-7-ceramic-faucet-cartridge-manufacturers-in-europe-an-insiders-guide\/\">Die 7 gr\u00f6\u00dften Hersteller von Keramikkartuschen in Europa: Ein Leitfaden f\u00fcr Insider<\/a> - 22 Dezember 2023<\/li><li><a href=\"https:\/\/spark-faucet.com\/de_de_formal\/unlocking-the-future-of-faucet-manufacturing-pvd-technologys-advantages\/\">Die Zukunft der Wasserhahnherstellung erschlie\u00dfen: Die Vorteile der PVD-Technologie<\/a> - 4. November 2023<\/li><li><a href=\"https:\/\/spark-faucet.com\/de_de_formal\/finding-a-reliable-china-faucet-manufacturer-a-complete-guide\/\">Einen zuverl\u00e4ssigen Hersteller von Wasserh\u00e4hnen in China finden: Ein vollst\u00e4ndiger Leitfaden<\/a> - 4. November 2023<\/li><li><a href=\"https:\/\/spark-faucet.com\/de_de_formal\/the-difference-between-oem-and-odm-faucet-manufacturers\/\">Der Unterschied zwischen OEM- und ODM-Armaturenherstellern<\/a> - 20. September 2023<\/li><li><a href=\"https:\/\/spark-faucet.com\/de_de_formal\/the-difference-between-stainless-steel-faucets-and-copper-faucets\/\">Der Unterschied zwischen Wasserh\u00e4hnen aus Edelstahl und Kupferh\u00e4hnen.<\/a> - 4 M\u00e4rz 2023<\/li><li><a href=\"https:\/\/spark-faucet.com\/de_de_formal\/inventory-of-mergers-and-acquisitions-in-the-bathroom-industry-in-the-first-half-of-2022\/\">Bestandsaufnahme der Fusionen und \u00dcbernahmen in der Badbranche in der ersten H\u00e4lfte des Jahres 2022<\/a> - 27 Juli 2022<\/li><li><a href=\"https:\/\/spark-faucet.com\/de_de_formal\/watermark-tapware-manufacturer-in-china\/\">Watermark Tapware Hersteller: Eine chinesische Partnerschaft f\u00fcr h\u00f6chste Qualit\u00e4t<\/a> - 3. Januar 2022<\/li><li><a href=\"https:\/\/spark-faucet.com\/de_de_formal\/rcep-will-change-your-purchasing-zero-tariff-cooperation\/\">RCEP wird Ihren Einkauf ver\u00e4ndern - Nulltarifliche Zusammenarbeit<\/a> - 17. November 2020<\/li><li><a href=\"https:\/\/spark-faucet.com\/de_de_formal\/how-to-wholesale-faucet-from-china\/\">Wie kann man Wasserh\u00e4hne aus China im Gro\u00dfhandel erwerben?<\/a> - 29 Oktober 2020<\/li><li><a href=\"https:\/\/spark-faucet.com\/de_de_formal\/faucet-manufacturing-process\/\">Prozess der Wasserhahnherstellung: Vom Messingstab zum Wasserhahn<\/a> - 10 Oktober 2020<\/li><li><a href=\"https:\/\/spark-faucet.com\/de_de_formal\/china-faucet-manufacturers\/\">China Wasserhahn Hersteller: Enth\u00fcllung von Qualit\u00e4t, Design und Gr\u00f6\u00dfe<\/a> - 24. August 2020<\/li><li><a href=\"https:\/\/spark-faucet.com\/de_de_formal\/how-to-check-the-quality-of-faucet\/\">Wie pr\u00fcft man die Qualit\u00e4t eines Wasserhahns?<\/a> - 19 Mai 2020<\/li><li><a href=\"https:\/\/spark-faucet.com\/de_de_formal\/how-do-spark-control-the-quality-of-faucet\/\">Wie kontrolliert SPARK die Qualit\u00e4t des Wasserhahns?<\/a> - 19 Mai 2020<\/li><\/ul><\/div><\/div><\/div><div class=\"sp-wrap-cpt\"><h2 class=\"sp-cpt-name\">Produkte<\/h2><div class=\"sp-wrap-cats\"><div class=\"sp-wrap-cat\"><h3 class=\"sp-cat-name\"><a href=\"https:\/\/spark-faucet.com\/de_de_formal\/products\/bath-shower-faucet\/\">Bad &amp; Duscharmatur<\/a><\/h3><ul class=\"sp-list-posts\"><li><a href=\"https:\/\/spark-faucet.com\/de_de_formal\/produkt\/luxury-design-gold-hot-cold-waterfall-shower-set\/\">Luxuri\u00f6ses Design Gold Warm- und Kaltwasserfall-Duschset<\/a> - 6. Dezember 2023<\/li><li><a href=\"https:\/\/spark-faucet.com\/de_de_formal\/produkt\/spark-original-design-bath-brush-gold-freestanding-faucet\/\">Spark original design badewannenb\u00fcrste gold freistehender wasserhahn<\/a> - 17 Juni 2020<\/li><li><a href=\"https:\/\/spark-faucet.com\/de_de_formal\/produkt\/spark-original-design-surface-mounted-shower-column\/\">Spark Original Design Aufputz-Duschs\u00e4ule<\/a> - 17 Juni 2020<\/li><li><a href=\"https:\/\/spark-faucet.com\/de_de_formal\/produkt\/luxury-design-brass-bath-free-standing-bathtub-faucet\/\">Luxus Design Messing Bad freistehende Badewanne Wasserhahn<\/a> - 17 Juni 2020<\/li><li><a href=\"https:\/\/spark-faucet.com\/de_de_formal\/produkt\/luxury-design-bathroom-brass-rain-concealed-shower-set\/\">Luxuri\u00f6ses Design Bad Messing regen verdeckte Dusche Set<\/a> - 17 Juni 2020<\/li><li><a href=\"https:\/\/spark-faucet.com\/de_de_formal\/produkt\/luxury-design-gold-hot-cold-water-shower-set\/\">Luxuri\u00f6ses Design Gold Warm- und Kaltwasser-Duschset<\/a> - 17 Juni 2020<\/li><\/ul><\/div><div class=\"sp-wrap-cat\"><h3 class=\"sp-cat-name\"><a href=\"https:\/\/spark-faucet.com\/de_de_formal\/products\/bathroom-accessories\/\">Zubeh\u00f6r f\u00fcr das Badezimmer<\/a><\/h3><ul class=\"sp-list-posts\"><li><a href=\"https:\/\/spark-faucet.com\/de_de_formal\/produkt\/kaiping-manufacturer-brass-bathroom-accessories\/\">Kaiping Hersteller Messing Bad-Accessoires<\/a> - 17. November 2020<\/li><\/ul><\/div><div class=\"sp-wrap-cat\"><h3 class=\"sp-cat-name\"><a href=\"https:\/\/spark-faucet.com\/de_de_formal\/products\/bathroom-faucet\/\">Badarmatur<\/a><\/h3><ul class=\"sp-list-posts\"><li><a href=\"https:\/\/spark-faucet.com\/de_de_formal\/produkt\/australian-standard-bathroom-taps-watermark-faucet\/\">Australian Standard Badezimmerarmaturen Watermark Wasserhahn<\/a> - 17. November 2020<\/li><li><a href=\"https:\/\/spark-faucet.com\/de_de_formal\/produkt\/australian-standard-taps-watermark-bathroom-tapware\/\">Australian Standard Wasserh\u00e4hne Watermark Badezimmerarmaturen<\/a> - 17. November 2020<\/li><li><a href=\"https:\/\/spark-faucet.com\/de_de_formal\/produkt\/luxury-black-bathroom-faucets-torneira-banheiro\/\">Luxuri\u00f6se schwarze Badezimmerarmaturen torneira banheiro<\/a> - 17. November 2020<\/li><li><a href=\"https:\/\/spark-faucet.com\/de_de_formal\/produkt\/kaiping-design-brass-basin-mixer-bathroom-faucet\/\">Kaiping Design Messing Waschtischmischer Bad Armatur<\/a> - 17. November 2020<\/li><li><a href=\"https:\/\/spark-faucet.com\/de_de_formal\/produkt\/spark-original-design-brass-rose-gold-basin-mixer-bathroom-taps\/\">Spark Original Design Messing Ros\u00e9gold Waschtischmischer Badarmaturen<\/a> - 17 Juni 2020<\/li><li><a href=\"https:\/\/spark-faucet.com\/de_de_formal\/produkt\/spark-sanitary-ware-hot-cold-clack-copper-water-taps\/\">Spark Sanit\u00e4rkeramik Warm-Kalt-Klack Kupfer Wasserh\u00e4hne<\/a> - 17 Juni 2020<\/li><li><a href=\"https:\/\/spark-faucet.com\/de_de_formal\/produkt\/spark-sanitary-ware-hot-cold-gold-copper-water-taps\/\">Spark Sanit\u00e4rarmaturen hei\u00df kalt gold Kupfer Wasserh\u00e4hne<\/a> - 17 Juni 2020<\/li><li><a href=\"https:\/\/spark-faucet.com\/de_de_formal\/produkt\/luxury-design-high-end-copper-gold-bathroom-faucet\/\">Luxuri\u00f6ser Design-Hochleistungs-Badewasserhahn aus Kupfer und Gold<\/a> - 17 Juni 2020<\/li><li><a href=\"https:\/\/spark-faucet.com\/de_de_formal\/produkt\/new-arrival-copper-matte-black-taps-bathroom\/\">New Arrival Kupfer matt schwarz Wasserh\u00e4hne Badezimmer<\/a> - 17 Juni 2020<\/li><li><a href=\"https:\/\/spark-faucet.com\/de_de_formal\/produkt\/new-arrival-black-color-round-brass-basin-faucets-bathroom\/\">Neue Ankunft schwarze Farbe runde Messing Waschbecken Wasserh\u00e4hne Badezimmer<\/a> - 16 Juni 2020<\/li><li><a href=\"https:\/\/spark-faucet.com\/de_de_formal\/produkt\/new-arrival-copper-rose-gold-bathroom-basin-taps\/\">Neue Ankunft Kupfer-Ros\u00e9gold Bad Waschbecken Armaturen<\/a> - 16 Juni 2020<\/li><li><a href=\"https:\/\/spark-faucet.com\/de_de_formal\/produkt\/professional-manufacture-brass-mixers-for-bathrooms\/\">Professionelle Herstellung von Messingarmaturen f\u00fcr B\u00e4der<\/a> - 13 Mai 2020<\/li><li><a href=\"https:\/\/spark-faucet.com\/de_de_formal\/produkt\/new-design-square-basin-mixer-brass-matte-black-bathroom-faucets\/\">Neue quadratische Waschtischarmatur Messing mattschwarz Badarmaturen<\/a> - 13 Mai 2020<\/li><li><a href=\"https:\/\/spark-faucet.com\/de_de_formal\/produkt\/spark-original-design-bathroom-brass-brush-gold-basin-faucets\/\">Spark Original Design Bad Messing B\u00fcrste Gold Waschbecken Wasserh\u00e4hne<\/a> - 13 Mai 2020<\/li><li><a href=\"https:\/\/spark-faucet.com\/de_de_formal\/produkt\/luxury-design-golden-brass-bathroom-gold-basin-faucet\/\">Luxuri\u00f6ses Design Goldmessing Bad Gold Waschbecken Wasserhahn<\/a> - 14. April 2020<\/li><\/ul><\/div><div class=\"sp-wrap-cat\"><h3 class=\"sp-cat-name\"><a href=\"https:\/\/spark-faucet.com\/de_de_formal\/products\/kitchen-faucet\/\">K\u00fcchenwasserhahn<\/a><\/h3><ul class=\"sp-list-posts\"><li><a href=\"https:\/\/spark-faucet.com\/de_de_formal\/produkt\/luxury-design-single-lever-pull-out-sprayer-faucet-for-kitchen-sink\/\">Luxuri\u00f6ses Design Einhebelmischer mit herausziehbarer Brause f\u00fcr die K\u00fcchensp\u00fcle<\/a> - 17 Juni 2020<\/li><li><a href=\"https:\/\/spark-faucet.com\/de_de_formal\/produkt\/luxury-design-brass-gold-faucet-kitchen\/\">Luxuri\u00f6ses Design Messing Gold Wasserhahn K\u00fcche<\/a> - 17 Juni 2020<\/li><\/ul><\/div><\/div><\/div><\/div>","protected":false},"excerpt":{"rendered":"","protected":false},"author":1,"featured_media":0,"parent":0,"menu_order":0,"comment_status":"closed","ping_status":"closed","template":"","meta":{"_seopress_robots_primary_cat":"","footnotes":""},"_links":{"self":[{"href":"https:\/\/spark-faucet.com\/de_de_formal\/wp-json\/wp\/v2\/pages\/5838"}],"collection":[{"href":"https:\/\/spark-faucet.com\/de_de_formal\/wp-json\/wp\/v2\/pages"}],"about":[{"href":"https:\/\/spark-faucet.com\/de_de_formal\/wp-json\/wp\/v2\/types\/page"}],"author":[{"embeddable":true,"href":"https:\/\/spark-faucet.com\/de_de_formal\/wp-json\/wp\/v2\/users\/1"}],"replies":[{"embeddable":true,"href":"https:\/\/spark-faucet.com\/de_de_formal\/wp-json\/wp\/v2\/comments?post=5838"}],"version-history":[{"count":1,"href":"https:\/\/spark-faucet.com\/de_de_formal\/wp-json\/wp\/v2\/pages\/5838\/revisions"}],"predecessor-version":[{"id":5840,"href":"https:\/\/spark-faucet.com\/de_de_formal\/wp-json\/wp\/v2\/pages\/5838\/revisions\/5840"}],"wp:attachment":[{"href":"https:\/\/spark-faucet.com\/de_de_formal\/wp-json\/wp\/v2\/media?parent=5838"}],"curies":[{"name":"wp","href":"https:\/\/api.w.org\/{rel}","templated":true}]}}