{"id":3374,"date":"2020-05-13T03:31:27","date_gmt":"2020-05-13T03:31:27","guid":{"rendered":"http:\/\/spark-faucet.com\/?post_type=product&#038;p=3374"},"modified":"2023-07-24T07:57:09","modified_gmt":"2023-07-24T07:57:09","slug":"spark-original-design-bathroom-brass-brush-gold-basin-faucets","status":"publish","type":"product","link":"https:\/\/spark-faucet.com\/da\/vare\/spark-original-design-bathroom-brass-brush-gold-basin-faucets\/","title":{"rendered":"Spark original design badev\u00e6relse messing b\u00f8rste guld h\u00e5ndvaskarmaturer"},"content":{"rendered":"<p><img fetchpriority=\"high\" decoding=\"async\" class=\"size-full wp-image-4718 aligncenter\" src=\"http:\/\/spark-faucet.com\/wp-content\/uploads\/2020\/05\/2-19101.png\" alt=\"\" width=\"750\" height=\"700\" srcset=\"https:\/\/spark-faucet.com\/wp-content\/uploads\/2020\/05\/2-19101.png 750w, https:\/\/spark-faucet.com\/wp-content\/uploads\/2020\/05\/2-19101-300x280.png 300w, https:\/\/spark-faucet.com\/wp-content\/uploads\/2020\/05\/2-19101-600x560.png 600w\" sizes=\"(max-width: 750px) 100vw, 750px\" \/><\/p>\n<table class=\"aligncenter\" style=\"border-collapse: collapse; width: 750px; border: solid 1px #e6e3e3; background-color: #ffffff; margin-left: auto; margin-right: auto;\" border=\"1\">\n<tbody>\n<tr style=\"height: 30px;\">\n<td style=\"width: 300px; border: 1px solid #e6e3e3; height: 30px; text-align: left;\" valign=\"center\"><span style=\"color: #000000;\"><strong>Materiale<\/strong><\/span><\/td>\n<td style=\"width: 700px; border: 1px solid #e6e3e3; height: 30px;\" valign=\"center\"><span style=\"color: #000000;\">Hoveddel i messing og h\u00e5ndtag i zinklegering<\/span><\/td>\n<\/tr>\n<tr style=\"height: 30px;\">\n<td style=\"width: 300px; border: 1px solid #e6e3e3; height: 30px; text-align: left;\" valign=\"center\"><span style=\"color: #000000;\"><strong>Indhold af messing<\/strong><\/span><\/td>\n<td style=\"width: 700px; border: 1px solid #e6e3e3; height: 30px;\" valign=\"center\"><span style=\"color: #000000;\">\u226559%<\/span><\/td>\n<\/tr>\n<tr style=\"height: 30px;\">\n<td style=\"width: 300px; border: 1px solid #e6e3e3; height: 30px; text-align: left;\" valign=\"center\"><span style=\"color: #000000;\"><strong>Patron<\/strong><\/span><\/td>\n<td style=\"width: 700px; border: 1px solid #e6e3e3; height: 30px;\" valign=\"center\"><span style=\"color: #000000;\">KCG, Sedal, Kerox, Yizhan<\/span><\/td>\n<\/tr>\n<tr style=\"height: 30px;\">\n<td style=\"width: 300px; border: 1px solid #e6e3e3; height: 30px; text-align: left;\" valign=\"center\"><span style=\"color: #000000;\"><strong>Patronens levetid<\/strong><\/span><\/td>\n<td style=\"width: 700px; border: 1px solid #e6e3e3; height: 30px;\" valign=\"center\"><span style=\"color: #000000;\">500.000 gange \u00e5ben og lukket<\/span><\/td>\n<\/tr>\n<tr style=\"height: 30px;\">\n<td style=\"width: 300px; border: 1px solid #e6e3e3; height: 30px; text-align: left;\" valign=\"center\"><span style=\"color: #000000;\"><strong>Belufter<\/strong><\/span><\/td>\n<td style=\"width: 700px; border: 1px solid #e6e3e3; height: 30px;\" valign=\"center\"><span style=\"color: #000000;\">Neoperl<\/span><\/td>\n<\/tr>\n<tr style=\"height: 30px;\">\n<td style=\"width: 300px; border: 1px solid #e6e3e3; height: 30px; text-align: left;\" valign=\"center\"><span style=\"color: #000000;\"><strong>Fleksibel slange<\/strong><\/span><\/td>\n<td style=\"width: 700px; border: 1px solid #e6e3e3; height: 30px;\" valign=\"center\"><span style=\"color: #000000;\">304 Rustfrit st\u00e5l med tyk indvendig EPDM-slange<\/span><\/td>\n<\/tr>\n<tr style=\"height: 30px;\">\n<td style=\"width: 300px; border: 1px solid #e6e3e3; height: 30px; text-align: left;\" valign=\"center\"><span style=\"color: #000000;\"><strong>Garanti<\/strong><\/span><\/td>\n<td style=\"width: 700px; border: 1px solid #e6e3e3; height: 30px;\" valign=\"center\"><span style=\"color: #000000;\">6 \u00e5r begr\u00e6nset<\/span><\/td>\n<\/tr>\n<tr style=\"height: 30px;\">\n<td style=\"width: 300px; border: 1px solid #e6e3e3; height: 30px; text-align: left;\" valign=\"center\"><span style=\"color: #000000;\"><strong>Test med saltt\u00e5ge<\/strong><\/span><\/td>\n<td style=\"width: 700px; border: 1px solid #e6e3e3; height: 30px;\" valign=\"center\"><span style=\"color: #000000;\">24 timer<\/span><\/td>\n<\/tr>\n<tr style=\"height: 30px;\">\n<td style=\"width: 300px; border: 1px solid #e6e3e3; height: 30px; text-align: left;\" valign=\"center\"><span style=\"color: #000000;\"><strong>Test af vandtryk<\/strong><\/span><\/td>\n<td style=\"width: 700px; border: 1px solid #e6e3e3; height: 30px;\" valign=\"center\"><span style=\"color: #000000;\">1,6 Mpa<\/span><\/td>\n<\/tr>\n<tr style=\"height: 30px;\">\n<td style=\"width: 300px; border: 1px solid #e6e3e3; height: 30px; text-align: left;\" valign=\"center\"><span style=\"color: #000000;\"><strong>Test af lufttryk<\/strong><\/span><\/td>\n<td style=\"width: 700px; border: 1px solid #e6e3e3; height: 30px;\" valign=\"center\"><span style=\"color: #000000;\">0,6 Mpa<\/span><\/td>\n<\/tr>\n<tr style=\"height: 30px;\">\n<td style=\"width: 300px; border: 1px solid #e6e3e3; height: 30px; text-align: left;\" valign=\"center\"><span style=\"color: #000000;\"><strong>Vandgennemstr\u00f8mning<\/strong><\/span><\/td>\n<td style=\"width: 700px; border: 1px solid #e6e3e3; height: 30px;\" valign=\"center\"><span style=\"color: #000000;\">\u226512L\/min<\/span><\/td>\n<\/tr>\n<\/tbody>\n<\/table>\n<p style=\"text-align: center;\"><span style=\"font-size: 14px;\"><img decoding=\"async\" class=\"fr-fic fr-dib\" src=\"https:\/\/fs.cantonfair.org.cn\/be0d119c-8f39-41c8-a163-e7377c2f348a.png\" \/><\/span><\/p>\n<p style=\"text-align: center;\">\u00a0<img decoding=\"async\" class=\"alignnone size-full wp-image-4719\" src=\"http:\/\/spark-faucet.com\/wp-content\/uploads\/2020\/05\/3-19101.png\" alt=\"\" width=\"750\" height=\"500\" srcset=\"https:\/\/spark-faucet.com\/wp-content\/uploads\/2020\/05\/3-19101.png 750w, https:\/\/spark-faucet.com\/wp-content\/uploads\/2020\/05\/3-19101-300x200.png 300w, https:\/\/spark-faucet.com\/wp-content\/uploads\/2020\/05\/3-19101-600x400.png 600w\" sizes=\"(max-width: 750px) 100vw, 750px\" \/><\/p>\n<p style=\"text-align: center;\"><img decoding=\"async\" class=\"alignnone size-full wp-image-4582\" src=\"http:\/\/spark-faucet.com\/wp-content\/uploads\/2020\/05\/4-PACKAGE.png\" alt=\"\" width=\"750\" height=\"710\" srcset=\"https:\/\/spark-faucet.com\/wp-content\/uploads\/2020\/05\/4-PACKAGE.png 750w, https:\/\/spark-faucet.com\/wp-content\/uploads\/2020\/05\/4-PACKAGE-300x284.png 300w, https:\/\/spark-faucet.com\/wp-content\/uploads\/2020\/05\/4-PACKAGE-600x568.png 600w\" sizes=\"(max-width: 750px) 100vw, 750px\" \/><\/p>","protected":false},"excerpt":{"rendered":"<p>Massivitet og soliditet med fuld metaltekstur holder k\u00f8lig og rolig designstil \uff0c din daglige p\u00e5mindelse om altid at skinne lidt lysere!<\/p>\n<ul>\n<li>Serie: Teana-serien<\/li>\n<li>Model:  19101<\/li>\n<li>Etgrebs h\u00e5ndvaskarmatur<\/li>\n<li>Armaturhus af messing<\/li>\n<li>Keramisk patron:  KCG, Sedal, Kerox, Yizhan<\/li>\n<li>Garanti: 6 \u00e5r<\/li>\n<li>Certificering af vandhane:<\/li>\n<\/ul>","protected":false},"featured_media":4745,"template":"","meta":{"_seopress_robots_primary_cat":"none"},"product_cat":[23],"product_tag":[30,29,28],"_links":{"self":[{"href":"https:\/\/spark-faucet.com\/da\/wp-json\/wp\/v2\/product\/3374"}],"collection":[{"href":"https:\/\/spark-faucet.com\/da\/wp-json\/wp\/v2\/product"}],"about":[{"href":"https:\/\/spark-faucet.com\/da\/wp-json\/wp\/v2\/types\/product"}],"wp:featuredmedia":[{"embeddable":true,"href":"https:\/\/spark-faucet.com\/da\/wp-json\/wp\/v2\/media\/4745"}],"wp:attachment":[{"href":"https:\/\/spark-faucet.com\/da\/wp-json\/wp\/v2\/media?parent=3374"}],"wp:term":[{"taxonomy":"product_cat","embeddable":true,"href":"https:\/\/spark-faucet.com\/da\/wp-json\/wp\/v2\/product_cat?post=3374"},{"taxonomy":"product_tag","embeddable":true,"href":"https:\/\/spark-faucet.com\/da\/wp-json\/wp\/v2\/product_tag?post=3374"}],"curies":[{"name":"wp","href":"https:\/\/api.w.org\/{rel}","templated":true}]}}