{"id":5838,"date":"2020-11-23T06:51:09","date_gmt":"2020-11-23T06:51:09","guid":{"rendered":"http:\/\/spark-faucet.com\/?page_id=5838"},"modified":"2020-11-23T06:51:10","modified_gmt":"2020-11-23T06:51:10","slug":"sitemap","status":"publish","type":"page","link":"https:\/\/spark-faucet.com\/da\/sitemap\/","title":{"rendered":"Sitemap"},"content":{"rendered":"<div class=\"wrap-html-sitemap sp-html-sitemap\"><div class=\"sp-wrap-cpt\"><h2 class=\"sp-cpt-name\">Sider<\/h2><ul class=\"sp-list-posts sp-cpt-hierarchical\"><li class=\"page_item page-item-5838\"><a href=\"https:\/\/spark-faucet.com\/da\/sitemap\/\">Sitemap<\/a><\/li><li class=\"page_item page-item-5236\"><a href=\"https:\/\/spark-faucet.com\/da\/videos\/\">VIDEOS<\/a><\/li><li class=\"page_item page-item-3684 current_page_parent\"><a href=\"https:\/\/spark-faucet.com\/da\/blog\/\">Blog<\/a><\/li><li class=\"page_item page-item-3043\"><a href=\"https:\/\/spark-faucet.com\/da\/certificates\/\">Certifikater<\/a><\/li><li class=\"page_item page-item-3004\"><a href=\"https:\/\/spark-faucet.com\/da\/quality-management\/\">Kvalitetsstyring<\/a><\/li><li class=\"page_item page-item-2472\"><a href=\"https:\/\/spark-faucet.com\/da\/thank-you\/\">Tak til dig<\/a><\/li><li class=\"page_item page-item-2371\"><a href=\"https:\/\/spark-faucet.com\/da\/product\/\">Produkt<\/a><\/li><li class=\"page_item page-item-1928\"><a href=\"https:\/\/spark-faucet.com\/da\/not-important\/\">Ikke vigtigt<\/a><\/li><li class=\"page_item page-item-1922\"><a href=\"https:\/\/spark-faucet.com\/da\/privacy-policy\/\">Politik for beskyttelse af personlige oplysninger<\/a><\/li><li class=\"page_item page-item-1902\"><a href=\"https:\/\/spark-faucet.com\/da\/contact\/\">Kontakt<\/a><\/li><li class=\"page_item page-item-1896\"><a href=\"https:\/\/spark-faucet.com\/da\/about-spark\/\">Om Spark<\/a><\/li><li class=\"page_item page-item-1884\"><a href=\"https:\/\/spark-faucet.com\/da\/\">Hjem<\/a><\/li><\/ul><\/div><div class=\"sp-wrap-cpt\"><h2 class=\"sp-cpt-name\">Indl\u00e6g<\/h2><div class=\"sp-wrap-cats\"><div class=\"sp-wrap-cat\"><h3 class=\"sp-cat-name\"><a href=\"https:\/\/spark-faucet.com\/da\/category\/all\/\">Alle<\/a><\/h3><ul class=\"sp-list-posts\"><li><a href=\"https:\/\/spark-faucet.com\/da\/top-8-ceramic-faucet-cartridge-manufacturers-in-china\/\">Top 8 producenter af keramiske vandhanepatroner i Kina<\/a> - 2. januar 2024<\/li><li><a href=\"https:\/\/spark-faucet.com\/da\/top-7-ceramic-faucet-cartridge-manufacturers-in-europe-an-insiders-guide\/\">Top 7 producenter af keramiske vandhanepatroner i Europa: En insider-guide<\/a> - 22. december 2023<\/li><li><a href=\"https:\/\/spark-faucet.com\/da\/unlocking-the-future-of-faucet-manufacturing-pvd-technologys-advantages\/\">Fremtidens produktion af vandhaner: PVD-teknologiens fordele<\/a> - 4. november 2023<\/li><li><a href=\"https:\/\/spark-faucet.com\/da\/finding-a-reliable-china-faucet-manufacturer-a-complete-guide\/\">At finde en p\u00e5lidelig producent af vandhaner i Kina: En komplet guide<\/a> - 4. november 2023<\/li><li><a href=\"https:\/\/spark-faucet.com\/da\/the-difference-between-oem-and-odm-faucet-manufacturers\/\">Forskellen mellem OEM- og ODM-vandhaneproducenter<\/a> - 20. september 2023<\/li><li><a href=\"https:\/\/spark-faucet.com\/da\/the-difference-between-stainless-steel-faucets-and-copper-faucets\/\">Forskellen mellem vandhaner i rustfrit st\u00e5l og kobberhaner.<\/a> - 4 marts 2023<\/li><li><a href=\"https:\/\/spark-faucet.com\/da\/inventory-of-mergers-and-acquisitions-in-the-bathroom-industry-in-the-first-half-of-2022\/\">Oversigt over fusioner og opk\u00f8b i badev\u00e6relsesindustrien i f\u00f8rste halvdel af 2022<\/a> - 27. juli 2022<\/li><li><a href=\"https:\/\/spark-faucet.com\/da\/watermark-tapware-manufacturer-in-china\/\">Watermark Tapware Producent: Et kinesisk partnerskab for overlegen kvalitet<\/a> - 3. januar 2022<\/li><li><a href=\"https:\/\/spark-faucet.com\/da\/rcep-will-change-your-purchasing-zero-tariff-cooperation\/\">RCEP vil \u00e6ndre dine indk\u00f8b - Zero-Tariff Cooperation<\/a> - 17. november 2020<\/li><li><a href=\"https:\/\/spark-faucet.com\/da\/how-to-wholesale-faucet-from-china\/\">Hvordan engros vandhane fra Kina?<\/a> - 29. oktober 2020<\/li><li><a href=\"https:\/\/spark-faucet.com\/da\/faucet-manufacturing-process\/\">Fremstillingsprocessen for vandhaner: Fra messingst\u00e6nger til vandhaner<\/a> - 10. oktober 2020<\/li><li><a href=\"https:\/\/spark-faucet.com\/da\/china-faucet-manufacturers\/\">Producent af vandhaner i Kina: Afsl\u00f8ring af kvalitet, design og skala<\/a> - 24. august 2020<\/li><li><a href=\"https:\/\/spark-faucet.com\/da\/how-to-check-the-quality-of-faucet\/\">Hvordan tjekker man kvaliteten af en vandhane?<\/a> - 19 maj 2020<\/li><li><a href=\"https:\/\/spark-faucet.com\/da\/how-do-spark-control-the-quality-of-faucet\/\">Hvordan kontrollerer SPARK kvaliteten af vandhanen?<\/a> - 19 maj 2020<\/li><\/ul><\/div><\/div><\/div><div class=\"sp-wrap-cpt\"><h2 class=\"sp-cpt-name\">Varer<\/h2><div class=\"sp-wrap-cats\"><div class=\"sp-wrap-cat\"><h3 class=\"sp-cat-name\"><a href=\"https:\/\/spark-faucet.com\/da\/products\/bath-shower-faucet\/\">Armatur til badekar og bruser<\/a><\/h3><ul class=\"sp-list-posts\"><li><a href=\"https:\/\/spark-faucet.com\/da\/vare\/luxury-design-gold-hot-cold-waterfall-shower-set\/\">Luksus design guld varmt og koldt vandfald bruses\u00e6t<\/a> - 6. december 2023<\/li><li><a href=\"https:\/\/spark-faucet.com\/da\/vare\/spark-original-design-bath-brush-gold-freestanding-faucet\/\">Spark original design badeb\u00f8rste guld fritst\u00e5ende vandhane<\/a> - 17. juni 2020<\/li><li><a href=\"https:\/\/spark-faucet.com\/da\/vare\/spark-original-design-surface-mounted-shower-column\/\">Spark original design overflademonteret bruses\u00f8jle<\/a> - 17. juni 2020<\/li><li><a href=\"https:\/\/spark-faucet.com\/da\/vare\/luxury-design-brass-bath-free-standing-bathtub-faucet\/\">Luksus design messing bad fritst\u00e5ende badekar vandhane<\/a> - 17. juni 2020<\/li><li><a href=\"https:\/\/spark-faucet.com\/da\/vare\/luxury-design-bathroom-brass-rain-concealed-shower-set\/\">Luksusdesign badev\u00e6relse messing regn skjult bruses\u00e6t<\/a> - 17. juni 2020<\/li><li><a href=\"https:\/\/spark-faucet.com\/da\/vare\/luxury-design-gold-hot-cold-water-shower-set\/\">Bruses\u00e6t i guld med varmt og koldt vand i luksusdesign<\/a> - 17. juni 2020<\/li><\/ul><\/div><div class=\"sp-wrap-cat\"><h3 class=\"sp-cat-name\"><a href=\"https:\/\/spark-faucet.com\/da\/products\/bathroom-accessories\/\">Tilbeh\u00f8r til badev\u00e6relset<\/a><\/h3><ul class=\"sp-list-posts\"><li><a href=\"https:\/\/spark-faucet.com\/da\/vare\/kaiping-manufacturer-brass-bathroom-accessories\/\">Kaiping-producent af badev\u00e6relsestilbeh\u00f8r i messing<\/a> - 17. november 2020<\/li><\/ul><\/div><div class=\"sp-wrap-cat\"><h3 class=\"sp-cat-name\"><a href=\"https:\/\/spark-faucet.com\/da\/products\/bathroom-faucet\/\">Vandhane til badev\u00e6relse<\/a><\/h3><ul class=\"sp-list-posts\"><li><a href=\"https:\/\/spark-faucet.com\/da\/vare\/australian-standard-bathroom-taps-watermark-faucet\/\">Badev\u00e6relsesarmaturer efter australsk standard Watermark vandhane<\/a> - 17. november 2020<\/li><li><a href=\"https:\/\/spark-faucet.com\/da\/vare\/australian-standard-taps-watermark-bathroom-tapware\/\">Vandhaner i australsk standard Watermark badev\u00e6relsesarmaturer<\/a> - 17. november 2020<\/li><li><a href=\"https:\/\/spark-faucet.com\/da\/vare\/luxury-black-bathroom-faucets-torneira-banheiro\/\">Luksus sorte badev\u00e6relsesarmaturer torneira banheiro<\/a> - 17. november 2020<\/li><li><a href=\"https:\/\/spark-faucet.com\/da\/vare\/kaiping-design-brass-basin-mixer-bathroom-faucet\/\">Kaiping design messing h\u00e5ndvaskarmatur badev\u00e6relse vandhane<\/a> - 17. november 2020<\/li><li><a href=\"https:\/\/spark-faucet.com\/da\/vare\/spark-original-design-brass-rose-gold-basin-mixer-bathroom-taps\/\">Spark original design messing rosaguld h\u00e5ndvaskarmatur badev\u00e6relsesarmaturer<\/a> - 17. juni 2020<\/li><li><a href=\"https:\/\/spark-faucet.com\/da\/vare\/spark-sanitary-ware-hot-cold-clack-copper-water-taps\/\">Spark Sanitary Ware varmt koldt clack kobber vandhaner<\/a> - 17. juni 2020<\/li><li><a href=\"https:\/\/spark-faucet.com\/da\/vare\/spark-sanitary-ware-hot-cold-gold-copper-water-taps\/\">Spark Sanitary Ware varmt koldt guld kobber vandhaner<\/a> - 17. juni 2020<\/li><li><a href=\"https:\/\/spark-faucet.com\/da\/vare\/luxury-design-high-end-copper-gold-bathroom-faucet\/\">Luksus design high end kobber guld badev\u00e6relsesarmatur<\/a> - 17. juni 2020<\/li><li><a href=\"https:\/\/spark-faucet.com\/da\/vare\/new-arrival-copper-matte-black-taps-bathroom\/\">New Arrival kobber mat sort vandhaner badev\u00e6relse<\/a> - 17. juni 2020<\/li><li><a href=\"https:\/\/spark-faucet.com\/da\/vare\/new-arrival-black-color-round-brass-basin-faucets-bathroom\/\">Nyankommen sort farve rund messing h\u00e5ndvaskarmaturer badev\u00e6relse<\/a> - 16 juni 2020<\/li><li><a href=\"https:\/\/spark-faucet.com\/da\/vare\/new-arrival-copper-rose-gold-bathroom-basin-taps\/\">Nyankommen kobber rosaguld h\u00e5ndvaskarmaturer til badev\u00e6relset<\/a> - 16 juni 2020<\/li><li><a href=\"https:\/\/spark-faucet.com\/da\/vare\/professional-manufacture-brass-mixers-for-bathrooms\/\">Professionel fremstilling af messingblandere til badev\u00e6relser<\/a> - 13 maj 2020<\/li><li><a href=\"https:\/\/spark-faucet.com\/da\/vare\/new-design-square-basin-mixer-brass-matte-black-bathroom-faucets\/\">Nyt design firkantet h\u00e5ndvaskarmatur messing mat sort badev\u00e6relsesarmaturer<\/a> - 13 maj 2020<\/li><li><a href=\"https:\/\/spark-faucet.com\/da\/vare\/spark-original-design-bathroom-brass-brush-gold-basin-faucets\/\">Spark original design badev\u00e6relse messing b\u00f8rste guld h\u00e5ndvaskarmaturer<\/a> - 13 maj 2020<\/li><li><a href=\"https:\/\/spark-faucet.com\/da\/vare\/luxury-design-golden-brass-bathroom-gold-basin-faucet\/\">Luksus design gylden messing badev\u00e6relse guld h\u00e5ndvaskarmatur<\/a> - 14. april 2020<\/li><\/ul><\/div><div class=\"sp-wrap-cat\"><h3 class=\"sp-cat-name\"><a href=\"https:\/\/spark-faucet.com\/da\/products\/kitchen-faucet\/\">K\u00f8kkenarmatur<\/a><\/h3><ul class=\"sp-list-posts\"><li><a href=\"https:\/\/spark-faucet.com\/da\/vare\/luxury-design-single-lever-pull-out-sprayer-faucet-for-kitchen-sink\/\">Luksus design enkelt grebs udtr\u00e6kningsarmatur til k\u00f8kkenvask<\/a> - 17. juni 2020<\/li><li><a href=\"https:\/\/spark-faucet.com\/da\/vare\/luxury-design-brass-gold-faucet-kitchen\/\">Luksus design messing guld vandhane k\u00f8kken<\/a> - 17. juni 2020<\/li><\/ul><\/div><\/div><\/div><\/div>","protected":false},"excerpt":{"rendered":"","protected":false},"author":1,"featured_media":0,"parent":0,"menu_order":0,"comment_status":"closed","ping_status":"closed","template":"","meta":{"_seopress_robots_primary_cat":"","footnotes":""},"_links":{"self":[{"href":"https:\/\/spark-faucet.com\/da\/wp-json\/wp\/v2\/pages\/5838"}],"collection":[{"href":"https:\/\/spark-faucet.com\/da\/wp-json\/wp\/v2\/pages"}],"about":[{"href":"https:\/\/spark-faucet.com\/da\/wp-json\/wp\/v2\/types\/page"}],"author":[{"embeddable":true,"href":"https:\/\/spark-faucet.com\/da\/wp-json\/wp\/v2\/users\/1"}],"replies":[{"embeddable":true,"href":"https:\/\/spark-faucet.com\/da\/wp-json\/wp\/v2\/comments?post=5838"}],"version-history":[{"count":1,"href":"https:\/\/spark-faucet.com\/da\/wp-json\/wp\/v2\/pages\/5838\/revisions"}],"predecessor-version":[{"id":5840,"href":"https:\/\/spark-faucet.com\/da\/wp-json\/wp\/v2\/pages\/5838\/revisions\/5840"}],"wp:attachment":[{"href":"https:\/\/spark-faucet.com\/da\/wp-json\/wp\/v2\/media?parent=5838"}],"curies":[{"name":"wp","href":"https:\/\/api.w.org\/{rel}","templated":true}]}}