{"id":1922,"date":"2020-04-07T02:05:25","date_gmt":"2020-04-07T02:05:25","guid":{"rendered":"http:\/\/spark-faucet.com\/?page_id=1922"},"modified":"2023-12-29T08:25:53","modified_gmt":"2023-12-29T08:25:53","slug":"privacy-policy","status":"publish","type":"page","link":"https:\/\/spark-faucet.com\/da\/privacy-policy\/","title":{"rendered":"Politik for beskyttelse af personlige oplysninger"},"content":{"rendered":"<div data-elementor-type=\"wp-page\" data-elementor-id=\"1922\" class=\"elementor elementor-1922\" data-elementor-post-type=\"page\">\n\t\t\t\t\t\t<section class=\"elementor-section elementor-top-section elementor-element elementor-element-385533e3 elementor-section-boxed elementor-section-height-default elementor-section-height-default\" data-id=\"385533e3\" data-element_type=\"section\">\n\t\t\t\t\t\t<div class=\"elementor-container elementor-column-gap-default\">\n\t\t\t\t\t<div class=\"elementor-column elementor-col-100 elementor-top-column elementor-element elementor-element-7b384f45\" data-id=\"7b384f45\" data-element_type=\"column\">\n\t\t\t<div class=\"elementor-widget-wrap elementor-element-populated\">\n\t\t\t\t\t\t<div class=\"elementor-element elementor-element-d44ed5f elementor-widget elementor-widget-text-editor\" data-id=\"d44ed5f\" data-element_type=\"widget\" data-widget_type=\"text-editor.default\">\n\t\t\t\t<div class=\"elementor-widget-container\">\n\t\t\t\t\t\t\t<p><!-- wp:heading --><\/p>\n<h2>JEG KAN IKKE.<\/h2>\n<p><!-- \/wp:heading --><\/p>\n<p><!-- wp:paragraph --><\/p>\n<p>\u6211\u4eec\u7684\u7ad9\u5730\u5740\u662fhttp:\/\/spark-faucet.com\u3002<\/p>\n<p><!-- \/wp:paragraph --><\/p>\n<p><!-- wp:heading --><\/p>\n<h1>JEG HAR IKKE NOGET SVAR.<\/h1>\n<p><!-- \/wp:heading --><\/p>\n<p><!-- wp:heading {\"level\":3} --><\/p>\n<h3>DET ER IKKE NOK<\/h3>\n<p><!-- \/wp:heading --><\/p>\n<p><!-- wp:paragraph --><\/p>\n<p>Det er ikke muligt at finde ud af, hvad der er sket, og det er ikke muligt at finde ud af, hvad der er sket, og det er ikke muligt at finde ud af, hvad der er sket.<\/p>\n<p><!-- \/wp:paragraph --><\/p>\n<p><!-- wp:paragraph --><\/p>\n<p>Der er ingen tvivl om, at det er en god id\u00e9 at tage et kig p\u00e5 det.<\/p>\n<p><!-- \/wp:paragraph --><\/p>\n<p><!-- wp:heading {\"level\":3} --><\/p>\n<h3>\u5a92\u4f53<\/h3>\n<p><!-- \/wp:heading --><\/p>\n<p><!-- wp:paragraph --><\/p>\n<p>DET ER IKKE MULIGT AT FINDE UD AF, HVAD DER SKER, N\u00c5R MAN ER I GANG.<\/p>\n<p><!-- \/wp:paragraph --><\/p>\n<p><!-- wp:heading {\"level\":3} --><\/p>\n<h3>DET ER DET, DER G\u00d8R DET.<\/h3>\n<p><!-- \/wp:heading --><\/p>\n<p><!-- wp:heading {\"level\":3} --><\/p>\n<h3>Sm\u00e5kager<\/h3>\n<p><!-- \/wp:heading --><\/p>\n<p><!-- wp:paragraph --><\/p>\n<p>Det er en god id\u00e9 at tage et kig p\u00e5, hvad der er sket, og hvad der ikke er sket.<\/p>\n<p><!-- \/wp:paragraph --><\/p>\n<p><!-- wp:paragraph --><\/p>\n<p>Det er ikke en god id\u00e9 at tage en snak om det.<\/p>\n<p><!-- \/wp:paragraph --><\/p>\n<p><!-- wp:paragraph --><\/p>\n<p>Det er en god id\u00e9 at tage et kig p\u00e5, hvad der er sket, og hvad der ikke er sket.<\/p>\n<p><!-- \/wp:paragraph --><\/p>\n<p><!-- wp:paragraph --><\/p>\n<p>Hvis det er tilf\u00e6ldet, er der ingen grund til at v\u00e6re bange.<\/p>\n<p><!-- \/wp:paragraph --><\/p>\n<p><!-- wp:heading {\"level\":3} --><\/p>\n<h3>DET ER EN GOD ID\u00c9.<\/h3>\n<p><!-- \/wp:heading --><\/p>\n<p><!-- wp:paragraph --><\/p>\n<p>DER ER INGEN TVIVL OM, AT DET ER EN GOD ID\u00c9 AT TAGE ET KIG P\u00c5 DET.<\/p>\n<p><!-- \/wp:paragraph --><\/p>\n<p><!-- wp:paragraph --><\/p>\n<p>Det kan v\u00e6re en god id\u00e9 at tage et kig p\u00e5 det.<\/p>\n<p><!-- \/wp:paragraph --><\/p>\n<p><!-- wp:heading {\"level\":3} --><\/p>\n<h3>SYSTEMATISK BEHANDLING<\/h3>\n<p><!-- \/wp:heading --><\/p>\n<p><!-- wp:heading --><\/p>\n<h2>JEG HAR BRUG FOR HJ\u00c6LP.<\/h2>\n<p><!-- \/wp:heading --><\/p>\n<p><!-- wp:heading --><\/p>\n<h2>JEG VIL IKKE HAVE, AT DET SKAL V\u00c6RE S\u00c5DAN.<\/h2>\n<p><!-- \/wp:heading --><\/p>\n<p><!-- wp:paragraph --><\/p>\n<p>HVIS DET ER TILF\u00c6LDET, SKAL DU V\u00c6RE OPM\u00c6RKSOM P\u00c5, AT DU IKKE HAR NOGET AT G\u00d8RE MED DET.<\/p>\n<p><!-- \/wp:paragraph --><\/p>\n<p><!-- wp:paragraph --><\/p>\n<p>DET ER EN GOD ID\u00c9 AT TAGE ET KIG P\u00c5, HVAD DER ER SKET, OG HVAD DER IKKE ER SKET.<\/p>\n<p><!-- \/wp:paragraph --><\/p>\n<p><!-- wp:heading --><\/p>\n<h2>ALT HVAD DU BEH\u00d8VER AT VIDE<\/h2>\n<p><!-- \/wp:heading --><\/p>\n<p><!-- wp:paragraph --><\/p>\n<p>DET ER EN GOD ID\u00c9 AT SE P\u00c5, HVAD DER ER SKET.<\/p>\n<p><!-- \/wp:paragraph --><\/p>\n<p><!-- wp:heading --><\/p>\n<h2>JEG HAR IKKE NOGET VALG.<\/h2>\n<p><!-- \/wp:heading --><\/p>\n<p><!-- wp:paragraph --><\/p>\n<p>DET KAN V\u00c6RE SV\u00c6RT AT FINDE EN L\u00d8SNING.<\/p>\n<p><!-- \/wp:paragraph --><\/p>\n<p><!-- wp:heading --><\/p>\n<h2>DET ER EN GOD ID\u00c9<\/h2>\n<p><!-- \/wp:heading --><\/p>\n<p><!-- wp:heading --><\/p>\n<h2>DET ER EN GOD ID\u00c9<\/h2>\n<p><!-- \/wp:heading --><\/p>\n<p><!-- wp:heading {\"level\":3} --><\/p>\n<h3>DET ER DET, JEG MENER.<\/h3>\n<p><!-- \/wp:heading --><\/p>\n<p><!-- wp:heading {\"level\":3} --><\/p>\n<h3>JEG HAR IKKE NOGET AT SIGE OM DET.<\/h3>\n<p><!-- \/wp:heading --><\/p>\n<p><!-- wp:heading {\"level\":3} --><\/p>\n<h3>JEG HAR IKKE NOGET VALG.<\/h3>\n<p><!-- \/wp:heading --><\/p>\n<p><!-- wp:heading {\"level\":3} --><\/p>\n<h3>JEG VIL GERNE V\u00c6RE MED TIL AT G\u00d8RE EN FORSKEL.<\/h3>\n<p><!-- \/wp:heading --><\/p>\n<p><!-- wp:heading {\"level\":3} --><\/p>\n<h3>\u884c\u4e1a\u76d1\u7ba1\u62ab\u9732\u8981\u6c42<\/h3>\n<p><!-- \/wp:heading --><\/p>\t\t\t\t\t\t<\/div>\n\t\t\t\t<\/div>\n\t\t\t\t\t<\/div>\n\t\t<\/div>\n\t\t\t\t\t<\/div>\n\t\t<\/section>\n\t\t\t\t<\/div>","protected":false},"excerpt":{"rendered":"<p>\u6211\u4eec\u662f\u8c01 \u6211\u4eec\u7684\u7ad9\u70b9\u5730\u5740\u662f\uff1ahttp:\/\/spark-faucet.com\u3002 \u6211\u4eec\u6536\u96c6\u4f55\u79cd\u53ca\u4e3a\u4f55\u6536\u96c6\u4e2a\u4eba\u6570\u636e \u8bc4\u8bba \u5f53\u8bbf\u5ba2\u7559\u4e0b\u8bc4\u8bba\u65f6\uff0c\u6211\u4eec\u4f1a\u6536\u96c6\u8bc4\u8bba\u8868\u5355\u6240\u663e\u793a\u7684\u6570\u636e\uff0c\u548c\u8bbf\u5ba2\u7684IP\u5730\u5740\u53ca\u6d4f\u89c8\u5668\u7684user agent\u5b57\u7b26\u4e32\u6765\u5e2e\u52a9\u68c0\u67e5\u5783\u573e\u8bc4\u8bba\u3002 \u7531\u60a8\u7684\u7535\u5b50\u90ae\u4ef6\u5730\u5740\u6240\u751f\u6210\u7684\u533f\u540d\u5316\u5b57\u7b26\u4e32\uff08\u53c8\u79f0\u4e3a\u54c8\u5e0c\uff09\u53ef\u80fd\u4f1a\u88ab\u63d0\u4f9b\u7ed9Gravatar\u670d\u52a1\u786e\u8ba4\u60a8\u662f\u5426\u6709\u4f7f\u7528\u8be5\u670d\u52a1\u3002Gravatar\u670d\u52a1\u7684\u9690\u79c1\u653f\u7b56\u5728\u6b64\uff1ahttps:\/\/automattic.com\/privacy\/\u3002\u5728\u60a8\u7684\u8bc4\u8bba\u83b7\u6279\u51c6\u540e\uff0c\u60a8\u7684\u8d44\u6599\u56fe\u7247\u5c06\u5728\u60a8\u7684\u8bc4\u8bba\u65c1\u516c\u5f00\u5c55\u793a\u3002 \u5a92\u4f53 \u5982\u679c\u60a8\u5411\u6b64\u7f51\u7ad9\u4e0a\u4f20\u56fe\u7247\uff0c\u60a8\u5e94\u5f53\u907f\u514d\u4e0a\u4f20\u90a3\u4e9b\u6709\u5d4c\u5165\u5730\u7406\u4f4d\u7f6e\u4fe1\u606f\uff08EXIF GPS\uff09\u7684\u56fe\u7247\u3002\u6b64\u7f51\u7ad9\u7684\u8bbf\u5ba2\u5c06\u53ef\u4ee5\u4e0b\u8f7d\u5e76\u63d0\u53d6\u6b64\u7f51\u7ad9\u7684\u56fe\u7247\u4e2d\u7684\u4f4d\u7f6e\u4fe1\u606f\u3002 \u8054\u7cfb\u8868\u5355 Cookies \u5982\u679c\u60a8\u5728\u6211\u4eec\u7684\u7ad9\u70b9\u4e0a\u7559\u4e0b\u8bc4\u8bba\uff0c\u60a8\u53ef\u4ee5\u9009\u62e9\u7528cookies\u4fdd\u5b58\u60a8\u7684\u59d3\u540d\u3001\u7535\u5b50\u90ae\u4ef6\u5730\u5740\u548c\u7f51\u7ad9\u3002\u8fd9\u662f\u901a\u8fc7\u8ba9\u60a8\u53ef\u4ee5\u4e0d\u7528\u5728\u8bc4\u8bba\u65f6\u518d\u6b21\u586b\u5199\u76f8\u5173\u5185\u5bb9\u800c\u5411\u60a8\u63d0\u4f9b\u65b9\u4fbf\u3002\u8fd9\u4e9bcookies\u4f1a\u4fdd\u7559\u4e00\u5e74\u3002 \u5982\u679c\u60a8\u8bbf\u95ee\u6211\u4eec\u7684\u767b\u5f55\u9875\uff0c\u6211\u4eec\u4f1a\u8bbe\u7f6e\u4e00\u4e2a\u4e34\u65f6\u7684cookie\u6765\u786e\u8ba4\u60a8\u7684\u6d4f\u89c8\u5668\u662f\u5426\u63a5\u53d7cookies\u3002\u6b64cookie\u4e0d\u5305\u542b\u4e2a\u4eba\u6570\u636e\uff0c\u4e14\u4f1a\u5728\u60a8\u5173\u95ed\u6d4f\u89c8\u5668\u65f6\u88ab\u4e22\u5f03\u3002 \u5f53\u60a8\u767b\u5f55\u65f6\uff0c\u6211\u4eec\u4e5f\u4f1a\u8bbe\u7f6e\u591a\u4e2acookies\u6765\u4fdd\u5b58\u60a8\u7684\u767b\u5f55\u4fe1\u606f\u53ca\u5c4f\u5e55\u663e\u793a\u9009\u9879\u3002\u767b\u5f55cookies\u4f1a\u4fdd\u7559\u4e24\u5929\uff0c\u800c\u5c4f\u5e55\u663e\u793a\u9009\u9879cookies\u4f1a\u4fdd\u7559\u4e00\u5e74\u3002\u5982\u679c\u60a8\u9009\u62e9\u4e86\u201c\u8bb0\u4f4f\u6211\u201d\uff0c\u60a8\u7684\u767b\u5f55\u4f1a\u4fdd\u7559\u4e24\u5468\u3002\u5982\u679c\u60a8\u6ce8\u9500\uff0c\u767b\u5f55cookies\u5c06\u88ab\u79fb\u9664\u3002 \u5982\u679c\u60a8\u7f16\u8f91\u6216\u53d1\u5e03\u6587\u7ae0\uff0c\u6211\u4eec\u4f1a\u5728\u60a8\u7684\u6d4f\u89c8\u5668\u4e2d\u4fdd\u5b58\u4e00\u4e2a\u989d\u5916\u7684cookie\u3002\u8fd9\u4e2acookie\u4e0d\u5305\u542b\u4e2a\u4eba\u6570\u636e\u800c\u53ea\u8bb0\u5f55\u4e86\u60a8\u521a\u624d\u7f16\u8f91\u7684\u6587\u7ae0\u7684ID\u3002\u8fd9\u4e2a\u5c0f\u751c\u997c\u4f1a\u4fdd\u7559\u4e00\u5929\u3002 \u5176\u4ed6\u7ad9\u70b9\u7684\u5d4c\u5165\u5185\u5bb9 \u6b64\u7ad9\u70b9\u4e0a\u7684\u6587\u7ae0\u53ef\u80fd\u4f1a\u5305\u542b\u5d4c\u5165\u7684\u5185\u5bb9\uff08\u5982\u89c6\u9891\u3001\u56fe\u50cf\u3001\u6587\u7ae0\u7b49\uff09\u3002\u6765\u81ea\u5176\u4ed6\u7ad9\u70b9\u7684\u5d4c\u5165\u5185\u5bb9\u7684\u884c\u4e3a\u548c\u60a8\u76f4\u63a5\u8bbf\u95ee\u8fd9\u4e9b\u5176\u4ed6\u7ad9\u70b9\u6ca1\u6709\u533a\u522b\u3002 \u8fd9\u4e9b\u7ad9\u70b9\u53ef\u80fd\u4f1a\u6536\u96c6\u5173\u4e8e\u60a8\u7684\u6570\u636e\u3001\u4f7f\u7528cookies\u3001\u5d4c\u5165\u989d\u5916\u7684\u7b2c\u4e09\u65b9\u8ddf\u8e2a\u7a0b\u5e8f\u53ca\u76d1\u89c6\u60a8\u4e0e\u8fd9\u4e9b\u5d4c\u5165\u5185\u5bb9\u7684\u4ea4\u4e92\uff0c\u5305\u62ec\u5728\u60a8\u6709\u8fd9\u4e9b\u7ad9\u70b9\u7684\u8d26\u6237\u5e76\u767b\u5f55\u4e86\u8fd9\u4e9b\u7ad9\u70b9\u65f6\uff0c\u8ddf\u8e2a\u60a8\u4e0e\u5d4c\u5165\u5185\u5bb9\u7684\u4ea4\u4e92\u3002 \u7edf\u8ba1 \u6211\u4eec\u4e0e\u8c01\u5171\u4eab\u60a8\u7684\u4fe1\u606f \u6211\u4eec\u4fdd\u7559\u591a\u4e45\u60a8\u7684\u4fe1\u606f \u5982\u679c\u60a8\u7559\u4e0b\u8bc4\u8bba\uff0c\u8bc4\u8bba\u548c\u5176\u5143\u6570\u636e\u5c06\u88ab\u65e0\u9650\u671f\u4fdd\u5b58\u3002\u6211\u4eec\u8fd9\u6837\u505a\u4ee5\u4fbf\u80fd\u8bc6\u522b\u5e76\u81ea\u52a8\u6279\u51c6\u4efb\u4f55\u540e\u7eed\u8bc4\u8bba\uff0c\u800c\u4e0d\u7528\u5c06\u8fd9\u4e9b\u540e\u7eed\u8bc4\u8bba\u52a0\u5165\u5f85\u5ba1\u961f\u5217\u3002 \u5bf9\u4e8e\u672c\u7f51\u7ad9\u7684\u6ce8\u518c\u7528\u6237\uff0c\u6211\u4eec\u4e5f\u4f1a\u4fdd\u5b58\u7528\u6237\u5728\u4e2a\u4eba\u8d44\u6599\u4e2d\u63d0\u4f9b\u7684\u4e2a\u4eba\u4fe1\u606f\u3002\u6240\u6709\u7528\u6237\u53ef\u4ee5\u5728\u4efb\u4f55\u65f6\u5019\u67e5\u770b\u3001\u7f16\u8f91\u6216\u5220\u9664\u4ed6\u4eec\u7684\u4e2a\u4eba\u4fe1\u606f\uff08\u9664\u4e86\u4e0d\u80fd\u53d8\u66f4\u7528\u6237\u540d\u5916\uff09\u3001\u7ad9\u70b9\u7ba1\u7406\u5458\u4e5f\u53ef\u4ee5\u67e5\u770b\u53ca\u7f16\u8f91\u90a3\u4e9b\u4fe1\u606f\u3002 \u60a8\u5bf9\u60a8\u7684\u4fe1\u606f\u6709\u4ec0\u4e48\u6743\u5229 \u5982\u679c\u60a8\u6709\u6b64\u7ad9\u70b9\u7684\u8d26\u6237\uff0c\u6216\u66fe\u7ecf\u7559\u4e0b\u8bc4\u8bba\uff0c\u60a8\u53ef\u4ee5\u8bf7\u6c42\u6211\u4eec\u63d0\u4f9b\u6211\u4eec\u6240\u62e5\u6709\u7684\u60a8\u7684\u4e2a\u4eba\u6570\u636e\u7684\u5bfc\u51fa\u6587\u4ef6\uff0c\u8fd9\u4e5f\u5305\u62ec\u4e86\u6240\u6709\u60a8\u63d0\u4f9b\u7ed9\u6211\u4eec\u7684\u6570\u636e\u3002\u60a8\u4e5f\u53ef\u4ee5\u8981\u6c42\u6211\u4eec\u62b9\u9664\u6240\u6709\u5173\u4e8e\u60a8\u7684\u4e2a\u4eba\u6570\u636e\u3002\u8fd9\u4e0d\u5305\u62ec\u6211\u4eec\u56e0\u7ba1\u7406\u3001\u6cd5\u89c4\u6216\u5b89\u5168\u9700\u8981\u800c\u5fc5\u987b\u4fdd\u7559\u7684\u6570\u636e\u3002 \u6211\u4eec\u5c06\u60a8\u7684\u4fe1\u606f\u53d1\u9001\u5230\u54ea \u8bbf\u5ba2\u8bc4\u8bba\u53ef\u80fd\u4f1a\u88ab\u81ea\u52a8\u5783\u573e\u8bc4\u8bba\u76d1\u6d4b\u670d\u52a1\u68c0\u67e5\u3002 \u60a8\u7684\u8054\u7cfb\u4fe1\u606f \u5176\u4ed6\u4fe1\u606f \u6211\u4eec\u5982\u4f55\u4fdd\u62a4\u60a8\u7684\u6570\u636e \u6211\u4eec\u6709\u4f55\u79cd\u6570\u636e\u6cc4\u9732\u5904\u7406\u6d41\u7a0b \u6211\u4eec\u4ece\u54ea\u4e9b\u7b2c\u4e09\u65b9\u63a5\u6536\u6570\u636e \u6211\u4eec\u901a\u8fc7\u7528\u6237\u6570\u636e\u8fdb\u884c\u4f55\u79cd\u81ea\u52a8\u51b3\u7b56\u53ca\/\u6216\u5f52\u7eb3 \u884c\u4e1a\u76d1\u7ba1\u62ab\u9732\u8981\u6c42<\/p>","protected":false},"author":1,"featured_media":0,"parent":0,"menu_order":0,"comment_status":"closed","ping_status":"closed","template":"","meta":{"_seopress_robots_primary_cat":"","footnotes":""},"_links":{"self":[{"href":"https:\/\/spark-faucet.com\/da\/wp-json\/wp\/v2\/pages\/1922"}],"collection":[{"href":"https:\/\/spark-faucet.com\/da\/wp-json\/wp\/v2\/pages"}],"about":[{"href":"https:\/\/spark-faucet.com\/da\/wp-json\/wp\/v2\/types\/page"}],"author":[{"embeddable":true,"href":"https:\/\/spark-faucet.com\/da\/wp-json\/wp\/v2\/users\/1"}],"replies":[{"embeddable":true,"href":"https:\/\/spark-faucet.com\/da\/wp-json\/wp\/v2\/comments?post=1922"}],"version-history":[{"count":9,"href":"https:\/\/spark-faucet.com\/da\/wp-json\/wp\/v2\/pages\/1922\/revisions"}],"predecessor-version":[{"id":8836,"href":"https:\/\/spark-faucet.com\/da\/wp-json\/wp\/v2\/pages\/1922\/revisions\/8836"}],"wp:attachment":[{"href":"https:\/\/spark-faucet.com\/da\/wp-json\/wp\/v2\/media?parent=1922"}],"curies":[{"name":"wp","href":"https:\/\/api.w.org\/{rel}","templated":true}]}}