{"id":5806,"date":"2020-11-17T09:26:52","date_gmt":"2020-11-17T09:26:52","guid":{"rendered":"http:\/\/spark-faucet.com\/?post_type=product&#038;p=5806"},"modified":"2022-02-25T06:56:06","modified_gmt":"2022-02-25T06:56:06","slug":"kaiping-manufacturer-brass-bathroom-accessories","status":"publish","type":"product","link":"https:\/\/spark-faucet.com\/cs\/produkt\/kaiping-manufacturer-brass-bathroom-accessories\/","title":{"rendered":"Kaiping v\u00fdrobce mosazn\u00fdch koupelnov\u00fdch dopl\u0148k\u016f"},"content":{"rendered":"<p style=\"text-align: center;\"><img fetchpriority=\"high\" decoding=\"async\" class=\"alignnone wp-image-5811\" src=\"http:\/\/spark-faucet.com\/wp-content\/uploads\/2020\/11\/mmexport1593597728872-scaled.jpg\" alt=\"mmexport1593597728872\" width=\"1200\" height=\"848\" srcset=\"https:\/\/spark-faucet.com\/wp-content\/uploads\/2020\/11\/mmexport1593597728872-scaled.jpg 2560w, https:\/\/spark-faucet.com\/wp-content\/uploads\/2020\/11\/mmexport1593597728872-300x212.jpg 300w, https:\/\/spark-faucet.com\/wp-content\/uploads\/2020\/11\/mmexport1593597728872-1024x724.jpg 1024w, https:\/\/spark-faucet.com\/wp-content\/uploads\/2020\/11\/mmexport1593597728872-768x543.jpg 768w, https:\/\/spark-faucet.com\/wp-content\/uploads\/2020\/11\/mmexport1593597728872-1536x1085.jpg 1536w, https:\/\/spark-faucet.com\/wp-content\/uploads\/2020\/11\/mmexport1593597728872-2048x1447.jpg 2048w, https:\/\/spark-faucet.com\/wp-content\/uploads\/2020\/11\/mmexport1593597728872-600x424.jpg 600w\" sizes=\"(max-width: 1200px) 100vw, 1200px\" \/> <img decoding=\"async\" class=\"alignnone wp-image-5810\" src=\"http:\/\/spark-faucet.com\/wp-content\/uploads\/2020\/11\/mmexport1593597724433-scaled.jpg\" alt=\"mmexport1593597724433\" width=\"1200\" height=\"848\" srcset=\"https:\/\/spark-faucet.com\/wp-content\/uploads\/2020\/11\/mmexport1593597724433-scaled.jpg 2560w, https:\/\/spark-faucet.com\/wp-content\/uploads\/2020\/11\/mmexport1593597724433-300x212.jpg 300w, https:\/\/spark-faucet.com\/wp-content\/uploads\/2020\/11\/mmexport1593597724433-1024x724.jpg 1024w, https:\/\/spark-faucet.com\/wp-content\/uploads\/2020\/11\/mmexport1593597724433-768x543.jpg 768w, https:\/\/spark-faucet.com\/wp-content\/uploads\/2020\/11\/mmexport1593597724433-1536x1085.jpg 1536w, https:\/\/spark-faucet.com\/wp-content\/uploads\/2020\/11\/mmexport1593597724433-2048x1447.jpg 2048w, https:\/\/spark-faucet.com\/wp-content\/uploads\/2020\/11\/mmexport1593597724433-600x424.jpg 600w\" sizes=\"(max-width: 1200px) 100vw, 1200px\" \/><\/p>\n<p>&nbsp;<\/p>\n<p style=\"text-align: center;\">","protected":false},"excerpt":{"rendered":"<p>Na\u0161e kolekce Glory se d\u00edky sv\u00fdm \u010dist\u00fdm lini\u00edm hod\u00ed k tradi\u010dn\u00edmu i modern\u00edmu stylu.<\/p>\n<ul>\n<li>S\u00e9rie: S\u00e9rie Glory<\/li>\n<li>Model:  26-S<\/li>\n<li>Jednop\u00e1kov\u00e1 umyvadlov\u00e1 baterie<\/li>\n<li>Mosazn\u00e9 t\u011blo baterie<\/li>\n<li>Keramick\u00e1 kazeta:  KCG, Sedal, Kerox, Yizhan<\/li>\n<li>Z\u00e1ruka: 6 let<\/li>\n<li>Certifikace baterie:<\/li>\n<\/ul>","protected":false},"featured_media":5808,"template":"","meta":{"_seopress_robots_primary_cat":"27"},"product_cat":[27],"product_tag":[30,29,28],"_links":{"self":[{"href":"https:\/\/spark-faucet.com\/cs\/wp-json\/wp\/v2\/product\/5806"}],"collection":[{"href":"https:\/\/spark-faucet.com\/cs\/wp-json\/wp\/v2\/product"}],"about":[{"href":"https:\/\/spark-faucet.com\/cs\/wp-json\/wp\/v2\/types\/product"}],"wp:featuredmedia":[{"embeddable":true,"href":"https:\/\/spark-faucet.com\/cs\/wp-json\/wp\/v2\/media\/5808"}],"wp:attachment":[{"href":"https:\/\/spark-faucet.com\/cs\/wp-json\/wp\/v2\/media?parent=5806"}],"wp:term":[{"taxonomy":"product_cat","embeddable":true,"href":"https:\/\/spark-faucet.com\/cs\/wp-json\/wp\/v2\/product_cat?post=5806"},{"taxonomy":"product_tag","embeddable":true,"href":"https:\/\/spark-faucet.com\/cs\/wp-json\/wp\/v2\/product_tag?post=5806"}],"curies":[{"name":"wp","href":"https:\/\/api.w.org\/{rel}","templated":true}]}}