{"id":2279,"date":"2020-04-14T02:21:56","date_gmt":"2020-04-14T02:21:56","guid":{"rendered":"http:\/\/spark-faucet.com\/?post_type=product&#038;p=2279"},"modified":"2023-12-06T06:58:48","modified_gmt":"2023-12-06T06:58:48","slug":"luxury-design-golden-brass-bathroom-gold-basin-faucet","status":"publish","type":"product","link":"https:\/\/spark-faucet.com\/cs\/produkt\/luxury-design-golden-brass-bathroom-gold-basin-faucet\/","title":{"rendered":"Luxusn\u00ed design zlat\u00e9 mosazn\u00e9 koupelnov\u00e9 zlat\u00e9 umyvadlov\u00e9 baterie"},"content":{"rendered":"<p><img fetchpriority=\"high\" decoding=\"async\" class=\"wp-image-7944 size-full aligncenter\" src=\"http:\/\/spark-faucet.com\/wp-content\/uploads\/2020\/04\/2-22102.png\" alt=\"2-22102\" width=\"750\" height=\"750\" srcset=\"https:\/\/spark-faucet.com\/wp-content\/uploads\/2020\/04\/2-22102.png 750w, https:\/\/spark-faucet.com\/wp-content\/uploads\/2020\/04\/2-22102-300x300.png 300w, https:\/\/spark-faucet.com\/wp-content\/uploads\/2020\/04\/2-22102-150x150.png 150w, https:\/\/spark-faucet.com\/wp-content\/uploads\/2020\/04\/2-22102-600x600.png 600w, https:\/\/spark-faucet.com\/wp-content\/uploads\/2020\/04\/2-22102-100x100.png 100w\" sizes=\"(max-width: 750px) 100vw, 750px\" \/><\/p>\n<table class=\"aligncenter\" style=\"border-collapse: collapse; width: 750px; border: solid 1px #e6e3e3; background-color: #ffffff; margin-left: auto; margin-right: auto;\" border=\"1\">\n<tbody>\n<tr style=\"height: 30px;\">\n<td style=\"width: 300px; border: 1px solid #e6e3e3; height: 30px; text-align: left;\" valign=\"center\"><span style=\"color: #000000;\"><strong>Materi\u00e1l<\/strong><\/span><\/td>\n<td style=\"width: 700px; border: 1px solid #e6e3e3; height: 30px;\" valign=\"center\"><span style=\"color: #000000;\">Hlavn\u00ed t\u011blo z mosazi a rukoje\u0165 ze slitiny zinku<\/span><\/td>\n<\/tr>\n<tr style=\"height: 30px;\">\n<td style=\"width: 300px; border: 1px solid #e6e3e3; height: 30px; text-align: left;\" valign=\"center\"><span style=\"color: #000000;\"><strong>Obsah mosazi<\/strong><\/span><\/td>\n<td style=\"width: 700px; border: 1px solid #e6e3e3; height: 30px;\" valign=\"center\"><span style=\"color: #000000;\">\u226559%<\/span><\/td>\n<\/tr>\n<tr style=\"height: 30px;\">\n<td style=\"width: 300px; border: 1px solid #e6e3e3; height: 30px; text-align: left;\" valign=\"center\"><span style=\"color: #000000;\"><strong>Kazeta<\/strong><\/span><\/td>\n<td style=\"width: 700px; border: 1px solid #e6e3e3; height: 30px;\" valign=\"center\"><span style=\"color: #000000;\">KCG, Sedal, Kerox, Yizhan<\/span><\/td>\n<\/tr>\n<tr style=\"height: 30px;\">\n<td style=\"width: 300px; border: 1px solid #e6e3e3; height: 30px; text-align: left;\" valign=\"center\"><span style=\"color: #000000;\"><strong>\u017divotnost kazety<\/strong><\/span><\/td>\n<td style=\"width: 700px; border: 1px solid #e6e3e3; height: 30px;\" valign=\"center\"><span style=\"color: #000000;\">500 000kr\u00e1t otev\u0159\u00edt a zav\u0159\u00edt<\/span><\/td>\n<\/tr>\n<tr style=\"height: 30px;\">\n<td style=\"width: 300px; border: 1px solid #e6e3e3; height: 30px; text-align: left;\" valign=\"center\"><span style=\"color: #000000;\"><strong>Provzdu\u0161\u0148ova\u010d<\/strong><\/span><\/td>\n<td style=\"width: 700px; border: 1px solid #e6e3e3; height: 30px;\" valign=\"center\"><span style=\"color: #000000;\">Neoperl<\/span><\/td>\n<\/tr>\n<tr style=\"height: 30px;\">\n<td style=\"width: 300px; border: 1px solid #e6e3e3; height: 30px; text-align: left;\" valign=\"center\"><span style=\"color: #000000;\"><strong>Pru\u017en\u00e1 hadice<\/strong><\/span><\/td>\n<td style=\"width: 700px; border: 1px solid #e6e3e3; height: 30px;\" valign=\"center\"><span style=\"color: #000000;\">304 Nerezov\u00e1 ocel se silnou vnit\u0159n\u00ed hadic\u00ed z EPDM<\/span><\/td>\n<\/tr>\n<tr style=\"height: 30px;\">\n<td style=\"width: 300px; border: 1px solid #e6e3e3; height: 30px; text-align: left;\" valign=\"center\"><span style=\"color: #000000;\"><strong>Z\u00e1ruka<\/strong><\/span><\/td>\n<td style=\"width: 700px; border: 1px solid #e6e3e3; height: 30px;\" valign=\"center\"><span style=\"color: #000000;\">6 let s omezen\u00edm<\/span><\/td>\n<\/tr>\n<tr style=\"height: 30px;\">\n<td style=\"width: 300px; border: 1px solid #e6e3e3; height: 30px; text-align: left;\" valign=\"center\"><span style=\"color: #000000;\"><strong>Zkou\u0161ka soln\u00fdm post\u0159ikem<\/strong><\/span><\/td>\n<td style=\"width: 700px; border: 1px solid #e6e3e3; height: 30px;\" valign=\"center\"><span style=\"color: #000000;\">24 hodin<\/span><\/td>\n<\/tr>\n<tr style=\"height: 30px;\">\n<td style=\"width: 300px; border: 1px solid #e6e3e3; height: 30px; text-align: left;\" valign=\"center\"><span style=\"color: #000000;\"><strong>Zkou\u0161ka tlaku vody<\/strong><\/span><\/td>\n<td style=\"width: 700px; border: 1px solid #e6e3e3; height: 30px;\" valign=\"center\"><span style=\"color: #000000;\">1,6 Mpa<\/span><\/td>\n<\/tr>\n<tr style=\"height: 30px;\">\n<td style=\"width: 300px; border: 1px solid #e6e3e3; height: 30px; text-align: left;\" valign=\"center\"><span style=\"color: #000000;\"><strong>Zkou\u0161ka tlaku vzduchu<\/strong><\/span><\/td>\n<td style=\"width: 700px; border: 1px solid #e6e3e3; height: 30px;\" valign=\"center\"><span style=\"color: #000000;\">0,6 Mpa<\/span><\/td>\n<\/tr>\n<tr style=\"height: 30px;\">\n<td style=\"width: 300px; border: 1px solid #e6e3e3; height: 30px; text-align: left;\" valign=\"center\"><span style=\"color: #000000;\"><strong>Pr\u016ftok vody<\/strong><\/span><\/td>\n<td style=\"width: 700px; border: 1px solid #e6e3e3; height: 30px;\" valign=\"center\"><span style=\"color: #000000;\">\u226512 l\/min<\/span><\/td>\n<\/tr>\n<\/tbody>\n<\/table>\n<p style=\"text-align: center;\">\n<p style=\"text-align: center;\"><img decoding=\"async\" class=\"alignnone wp-image-7790 size-full\" src=\"http:\/\/spark-faucet.com\/wp-content\/uploads\/2020\/11\/3-\u914d\u7f6e\u548ccertificates.png\" alt=\"3-\u914d\u7f6e\u548ccertifik\u00e1ty\" width=\"750\" height=\"2278\" srcset=\"https:\/\/spark-faucet.com\/wp-content\/uploads\/2020\/11\/3-\u914d\u7f6e\u548ccertificates.png 750w, https:\/\/spark-faucet.com\/wp-content\/uploads\/2020\/11\/3-\u914d\u7f6e\u548ccertificates-99x300.png 99w, https:\/\/spark-faucet.com\/wp-content\/uploads\/2020\/11\/3-\u914d\u7f6e\u548ccertificates-337x1024.png 337w, https:\/\/spark-faucet.com\/wp-content\/uploads\/2020\/11\/3-\u914d\u7f6e\u548ccertificates-506x1536.png 506w, https:\/\/spark-faucet.com\/wp-content\/uploads\/2020\/11\/3-\u914d\u7f6e\u548ccertificates-674x2048.png 674w, https:\/\/spark-faucet.com\/wp-content\/uploads\/2020\/11\/3-\u914d\u7f6e\u548ccertificates-600x1822.png 600w\" sizes=\"(max-width: 750px) 100vw, 750px\" \/><\/p>\n<p style=\"text-align: center;\"><img decoding=\"async\" class=\"alignnone wp-image-7789 size-full\" src=\"http:\/\/spark-faucet.com\/wp-content\/uploads\/2020\/11\/3-19.png\" alt=\"3-19\" width=\"750\" height=\"620\" srcset=\"https:\/\/spark-faucet.com\/wp-content\/uploads\/2020\/11\/3-19.png 750w, https:\/\/spark-faucet.com\/wp-content\/uploads\/2020\/11\/3-19-300x248.png 300w, https:\/\/spark-faucet.com\/wp-content\/uploads\/2020\/11\/3-19-600x496.png 600w\" sizes=\"(max-width: 750px) 100vw, 750px\" \/><\/p>","protected":false},"excerpt":{"rendered":"<p>Masivnost a pevnost s pln\u00fdmi kovov\u00fdmi texturami udr\u017euj\u00ed chladn\u00fd a klidn\u00fd designov\u00fd styl\uff0cva\u0161e ka\u017edodenn\u00ed p\u0159ipom\u00ednka, abyste v\u017edy z\u00e1\u0159ili o n\u011bco jasn\u011bji!<\/p>\n<ul>\n<li>S\u00e9rie: Hv\u011bzdn\u00e1 s\u00e9rie<\/li>\n<li>Model:  22102<\/li>\n<li>Jednop\u00e1kov\u00e1 umyvadlov\u00e1 baterie<\/li>\n<li>Mosazn\u00e9 t\u011blo baterie<\/li>\n<li>Keramick\u00e1 kazeta:  KCG, Sedal, Kerox, Yizhan<\/li>\n<li>Certifikace baterie:<\/li>\n<\/ul>","protected":false},"featured_media":7945,"template":"","meta":{"_seopress_robots_primary_cat":"none"},"product_cat":[23],"product_tag":[30,29,28],"_links":{"self":[{"href":"https:\/\/spark-faucet.com\/cs\/wp-json\/wp\/v2\/product\/2279"}],"collection":[{"href":"https:\/\/spark-faucet.com\/cs\/wp-json\/wp\/v2\/product"}],"about":[{"href":"https:\/\/spark-faucet.com\/cs\/wp-json\/wp\/v2\/types\/product"}],"wp:featuredmedia":[{"embeddable":true,"href":"https:\/\/spark-faucet.com\/cs\/wp-json\/wp\/v2\/media\/7945"}],"wp:attachment":[{"href":"https:\/\/spark-faucet.com\/cs\/wp-json\/wp\/v2\/media?parent=2279"}],"wp:term":[{"taxonomy":"product_cat","embeddable":true,"href":"https:\/\/spark-faucet.com\/cs\/wp-json\/wp\/v2\/product_cat?post=2279"},{"taxonomy":"product_tag","embeddable":true,"href":"https:\/\/spark-faucet.com\/cs\/wp-json\/wp\/v2\/product_tag?post=2279"}],"curies":[{"name":"wp","href":"https:\/\/api.w.org\/{rel}","templated":true}]}}