{"id":5838,"date":"2020-11-23T06:51:09","date_gmt":"2020-11-23T06:51:09","guid":{"rendered":"http:\/\/spark-faucet.com\/?page_id=5838"},"modified":"2020-11-23T06:51:10","modified_gmt":"2020-11-23T06:51:10","slug":"sitemap","status":"publish","type":"page","link":"https:\/\/spark-faucet.com\/cs\/sitemap\/","title":{"rendered":"Mapa str\u00e1nek"},"content":{"rendered":"<div class=\"wrap-html-sitemap sp-html-sitemap\"><div class=\"sp-wrap-cpt\"><h2 class=\"sp-cpt-name\">Str\u00e1nky<\/h2><ul class=\"sp-list-posts sp-cpt-hierarchical\"><li class=\"page_item page-item-5838\"><a href=\"https:\/\/spark-faucet.com\/cs\/sitemap\/\">Mapa str\u00e1nek<\/a><\/li><li class=\"page_item page-item-5236\"><a href=\"https:\/\/spark-faucet.com\/cs\/videos\/\">VIDEA<\/a><\/li><li class=\"page_item page-item-3684 current_page_parent\"><a href=\"https:\/\/spark-faucet.com\/cs\/blog\/\">Blog<\/a><\/li><li class=\"page_item page-item-3043\"><a href=\"https:\/\/spark-faucet.com\/cs\/certificates\/\">Certifik\u00e1ty<\/a><\/li><li class=\"page_item page-item-3004\"><a href=\"https:\/\/spark-faucet.com\/cs\/quality-management\/\">\u0158\u00edzen\u00ed kvality<\/a><\/li><li class=\"page_item page-item-2472\"><a href=\"https:\/\/spark-faucet.com\/cs\/thank-you\/\">D\u011bkujeme<\/a><\/li><li class=\"page_item page-item-2371\"><a href=\"https:\/\/spark-faucet.com\/cs\/product\/\">Produkt<\/a><\/li><li class=\"page_item page-item-1928\"><a href=\"https:\/\/spark-faucet.com\/cs\/not-important\/\">Nen\u00ed d\u016fle\u017eit\u00e9<\/a><\/li><li class=\"page_item page-item-1922\"><a href=\"https:\/\/spark-faucet.com\/cs\/privacy-policy\/\">Z\u00e1sady ochrany osobn\u00edch \u00fadaj\u016f<\/a><\/li><li class=\"page_item page-item-1902\"><a href=\"https:\/\/spark-faucet.com\/cs\/contact\/\">Kontakt<\/a><\/li><li class=\"page_item page-item-1896\"><a href=\"https:\/\/spark-faucet.com\/cs\/about-spark\/\">O spole\u010dnosti Spark<\/a><\/li><li class=\"page_item page-item-1884\"><a href=\"https:\/\/spark-faucet.com\/cs\/\">Home<\/a><\/li><\/ul><\/div><div class=\"sp-wrap-cpt\"><h2 class=\"sp-cpt-name\">P\u0159\u00edsp\u011bvky<\/h2><div class=\"sp-wrap-cats\"><div class=\"sp-wrap-cat\"><h3 class=\"sp-cat-name\"><a href=\"https:\/\/spark-faucet.com\/cs\/category\/all\/\">V\u0161echny<\/a><\/h3><ul class=\"sp-list-posts\"><li><a href=\"https:\/\/spark-faucet.com\/cs\/top-8-ceramic-faucet-cartridge-manufacturers-in-china\/\">8 nejlep\u0161\u00edch v\u00fdrobc\u016f keramick\u00fdch bateri\u00ed v \u010c\u00edn\u011b<\/a> - 2 ledna 2024<\/li><li><a href=\"https:\/\/spark-faucet.com\/cs\/top-7-ceramic-faucet-cartridge-manufacturers-in-europe-an-insiders-guide\/\">7 nejlep\u0161\u00edch v\u00fdrobc\u016f keramick\u00fdch bateri\u00ed v Evrop\u011b: Pr\u016fvodce pro zasv\u011bcen\u00e9<\/a> - 22 prosince 2023<\/li><li><a href=\"https:\/\/spark-faucet.com\/cs\/unlocking-the-future-of-faucet-manufacturing-pvd-technologys-advantages\/\">Odhalen\u00ed budoucnosti v\u00fdroby vodovodn\u00edch bateri\u00ed: V\u00fdhody technologie PVD<\/a> - 4 listopadu 2023<\/li><li><a href=\"https:\/\/spark-faucet.com\/cs\/finding-a-reliable-china-faucet-manufacturer-a-complete-guide\/\">Nalezen\u00ed spolehliv\u00fdch v\u00fdrobc\u016f bateri\u00ed v \u010c\u00edn\u011b: Kompletn\u00ed pr\u016fvodce<\/a> - 4 listopadu 2023<\/li><li><a href=\"https:\/\/spark-faucet.com\/cs\/the-difference-between-oem-and-odm-faucet-manufacturers\/\">Rozd\u00edl mezi v\u00fdrobci bateri\u00ed OEM a ODM<\/a> - 20 z\u00e1\u0159\u00ed 2023<\/li><li><a href=\"https:\/\/spark-faucet.com\/cs\/the-difference-between-stainless-steel-faucets-and-copper-faucets\/\">Rozd\u00edl mezi kohoutky z nerezov\u00e9 oceli a m\u011bd\u011bn\u00fdmi kohoutky.<\/a> - 4 b\u0159ezna 2023<\/li><li><a href=\"https:\/\/spark-faucet.com\/cs\/inventory-of-mergers-and-acquisitions-in-the-bathroom-industry-in-the-first-half-of-2022\/\">Soupis f\u00faz\u00ed a akvizic v koupeln\u00e1\u0159sk\u00e9m pr\u016fmyslu v prvn\u00ed polovin\u011b roku 2022<\/a> - 27 \u010dervence 2022<\/li><li><a href=\"https:\/\/spark-faucet.com\/cs\/watermark-tapware-manufacturer-in-china\/\">Watermark Tapware V\u00fdrobce: \u010c\u00ednsk\u00e9 partnerstv\u00ed pro \u0161pi\u010dkovou kvalitu<\/a> - 3 ledna 2022<\/li><li><a href=\"https:\/\/spark-faucet.com\/cs\/rcep-will-change-your-purchasing-zero-tariff-cooperation\/\">RCEP zm\u011bn\u00ed va\u0161e n\u00e1kupy - spolupr\u00e1ce s nulovou celn\u00ed sazbou<\/a> - 17 listopadu 2020<\/li><li><a href=\"https:\/\/spark-faucet.com\/cs\/how-to-wholesale-faucet-from-china\/\">Jak na velkoobchodn\u00ed prodej vodovodn\u00edch bateri\u00ed z \u010c\u00edny?<\/a> - 29 \u0159\u00edjna 2020<\/li><li><a href=\"https:\/\/spark-faucet.com\/cs\/faucet-manufacturing-process\/\">V\u00fdrobn\u00ed proces bateri\u00ed: Z mosazn\u00fdch ty\u010d\u00ed na baterie<\/a> - 10 \u0159\u00edjna 2020<\/li><li><a href=\"https:\/\/spark-faucet.com\/cs\/china-faucet-manufacturers\/\">V\u00fdrobce bateri\u00ed v \u010c\u00edn\u011b: Odhalen\u00ed kvality, designu a rozsahu<\/a> - 24 srpna 2020<\/li><li><a href=\"https:\/\/spark-faucet.com\/cs\/how-to-check-the-quality-of-faucet\/\">Jak zkontrolovat kvalitu baterie?<\/a> - 19 kv\u011btna 2020<\/li><li><a href=\"https:\/\/spark-faucet.com\/cs\/how-do-spark-control-the-quality-of-faucet\/\">Jak SPARK kontroluje kvalitu baterie?<\/a> - 19 kv\u011btna 2020<\/li><\/ul><\/div><\/div><\/div><div class=\"sp-wrap-cpt\"><h2 class=\"sp-cpt-name\">Produkty<\/h2><div class=\"sp-wrap-cats\"><div class=\"sp-wrap-cat\"><h3 class=\"sp-cat-name\"><a href=\"https:\/\/spark-faucet.com\/cs\/products\/bath-shower-faucet\/\">Vanov\u00e9 a sprchov\u00e9 baterie<\/a><\/h3><ul class=\"sp-list-posts\"><li><a href=\"https:\/\/spark-faucet.com\/cs\/produkt\/luxury-design-gold-hot-cold-waterfall-shower-set\/\">Luxusn\u00ed designov\u00e1 zlat\u00e1 sprchov\u00e1 souprava s tepl\u00fdm a studen\u00fdm vodop\u00e1dem<\/a> - 6 prosince 2023<\/li><li><a href=\"https:\/\/spark-faucet.com\/cs\/produkt\/spark-original-design-bath-brush-gold-freestanding-faucet\/\">Spark origin\u00e1ln\u00ed design kart\u00e1\u010d na vanu zlat\u00e1 voln\u011b stoj\u00edc\u00ed baterie<\/a> - 17 \u010dervna 2020<\/li><li><a href=\"https:\/\/spark-faucet.com\/cs\/produkt\/spark-original-design-surface-mounted-shower-column\/\">Spark origin\u00e1ln\u00ed design sprchov\u00fd sloup s povrchovou mont\u00e1\u017e\u00ed<\/a> - 17 \u010dervna 2020<\/li><li><a href=\"https:\/\/spark-faucet.com\/cs\/produkt\/luxury-design-brass-bath-free-standing-bathtub-faucet\/\">Luxusn\u00ed designov\u00e1 mosazn\u00e1 vana voln\u011b stoj\u00edc\u00ed vanov\u00e9 baterie<\/a> - 17 \u010dervna 2020<\/li><li><a href=\"https:\/\/spark-faucet.com\/cs\/produkt\/luxury-design-bathroom-brass-rain-concealed-shower-set\/\">Luxusn\u00ed designov\u00e1 koupelnov\u00e1 mosazn\u00e1 de\u0161\u0165ov\u00e1 skryt\u00e1 sprchov\u00e1 souprava<\/a> - 17 \u010dervna 2020<\/li><li><a href=\"https:\/\/spark-faucet.com\/cs\/produkt\/luxury-design-gold-hot-cold-water-shower-set\/\">Luxusn\u00ed designov\u00e1 zlat\u00e1 sprchov\u00e1 souprava s teplou a studenou vodou<\/a> - 17 \u010dervna 2020<\/li><\/ul><\/div><div class=\"sp-wrap-cat\"><h3 class=\"sp-cat-name\"><a href=\"https:\/\/spark-faucet.com\/cs\/products\/bathroom-accessories\/\">Koupelnov\u00e9 dopl\u0148ky<\/a><\/h3><ul class=\"sp-list-posts\"><li><a href=\"https:\/\/spark-faucet.com\/cs\/produkt\/kaiping-manufacturer-brass-bathroom-accessories\/\">Kaiping v\u00fdrobce mosazn\u00fdch koupelnov\u00fdch dopl\u0148k\u016f<\/a> - 17 listopadu 2020<\/li><\/ul><\/div><div class=\"sp-wrap-cat\"><h3 class=\"sp-cat-name\"><a href=\"https:\/\/spark-faucet.com\/cs\/products\/bathroom-faucet\/\">Koupelnov\u00e1 baterie<\/a><\/h3><ul class=\"sp-list-posts\"><li><a href=\"https:\/\/spark-faucet.com\/cs\/produkt\/australian-standard-bathroom-taps-watermark-faucet\/\">Koupelnov\u00e9 baterie Australian Standard Baterie Watermark<\/a> - 17 listopadu 2020<\/li><li><a href=\"https:\/\/spark-faucet.com\/cs\/produkt\/australian-standard-taps-watermark-bathroom-tapware\/\">Koupelnov\u00e9 vodovodn\u00ed baterie Australian Standard Watermark<\/a> - 17 listopadu 2020<\/li><li><a href=\"https:\/\/spark-faucet.com\/cs\/produkt\/luxury-black-bathroom-faucets-torneira-banheiro\/\">Luxusn\u00ed \u010dern\u00e9 koupelnov\u00e9 baterie torneira banheiro<\/a> - 17 listopadu 2020<\/li><li><a href=\"https:\/\/spark-faucet.com\/cs\/produkt\/kaiping-design-brass-basin-mixer-bathroom-faucet\/\">Kaiping design mosazn\u00e1 umyvadlov\u00e1 baterie koupelnov\u00e1 baterie<\/a> - 17 listopadu 2020<\/li><li><a href=\"https:\/\/spark-faucet.com\/cs\/produkt\/spark-original-design-brass-rose-gold-basin-mixer-bathroom-taps\/\">Spark origin\u00e1ln\u00ed design mosazn\u00e1 r\u016f\u017eov\u011b zlat\u00e1 umyvadlov\u00e1 baterie koupelnov\u00e9 baterie<\/a> - 17 \u010dervna 2020<\/li><li><a href=\"https:\/\/spark-faucet.com\/cs\/produkt\/spark-sanitary-ware-hot-cold-clack-copper-water-taps\/\">Spark Sanit\u00e1rn\u00ed keramika m\u011bd\u011bn\u00e9 vodovodn\u00ed kohoutky s hork\u00fdm a studen\u00fdm klap\u00e1n\u00edm<\/a> - 17 \u010dervna 2020<\/li><li><a href=\"https:\/\/spark-faucet.com\/cs\/produkt\/spark-sanitary-ware-hot-cold-gold-copper-water-taps\/\">Spark Sanit\u00e1rn\u00ed keramika tepl\u00e1 studen\u00e1 zlat\u00e1 m\u011bd\u011bn\u00e1 vodovodn\u00ed baterie<\/a> - 17 \u010dervna 2020<\/li><li><a href=\"https:\/\/spark-faucet.com\/cs\/produkt\/luxury-design-high-end-copper-gold-bathroom-faucet\/\">Luxusn\u00ed designov\u00e1 \u0161pi\u010dkov\u00e1 m\u011bd\u011bn\u00e1 zlat\u00e1 koupelnov\u00e1 baterie<\/a> - 17 \u010dervna 2020<\/li><li><a href=\"https:\/\/spark-faucet.com\/cs\/produkt\/new-arrival-copper-matte-black-taps-bathroom\/\">Nov\u00fd p\u0159\u00edchod m\u011bd\u011bn\u00e9 matn\u00e9 \u010dern\u00e9 kohoutky do koupelny<\/a> - 17 \u010dervna 2020<\/li><li><a href=\"https:\/\/spark-faucet.com\/cs\/produkt\/new-arrival-black-color-round-brass-basin-faucets-bathroom\/\">Nov\u00fd p\u0159\u00edchod \u010dern\u00e9 barvy kulat\u00e9 mosazn\u00e9 umyvadlov\u00e9 baterie koupelna<\/a> - 16 \u010dervna 2020<\/li><li><a href=\"https:\/\/spark-faucet.com\/cs\/produkt\/new-arrival-copper-rose-gold-bathroom-basin-taps\/\">Nov\u00fd p\u0159\u00edchod m\u011bd\u011bn\u00e9 r\u016f\u017eov\u011b zlat\u00e9 koupelnov\u00e9 umyvadlov\u00e9 baterie<\/a> - 16 \u010dervna 2020<\/li><li><a href=\"https:\/\/spark-faucet.com\/cs\/produkt\/professional-manufacture-brass-mixers-for-bathrooms\/\">Profesion\u00e1ln\u00ed v\u00fdroba mosazn\u00fdch bateri\u00ed pro koupelny<\/a> - 13 kv\u011btna 2020<\/li><li><a href=\"https:\/\/spark-faucet.com\/cs\/produkt\/new-design-square-basin-mixer-brass-matte-black-bathroom-faucets\/\">Nov\u00fd design \u010dtvercov\u00e9 umyvadlov\u00e9 baterie mosazn\u00e9 matn\u011b \u010dern\u00e9 koupelnov\u00e9 baterie<\/a> - 13 kv\u011btna 2020<\/li><li><a href=\"https:\/\/spark-faucet.com\/cs\/produkt\/spark-original-design-bathroom-brass-brush-gold-basin-faucets\/\">Spark origin\u00e1ln\u00ed design koupelnov\u00e9 mosazn\u00e9 kart\u00e1\u010dov\u00e9 zlat\u00e9 umyvadlov\u00e9 baterie<\/a> - 13 kv\u011btna 2020<\/li><li><a href=\"https:\/\/spark-faucet.com\/cs\/produkt\/luxury-design-golden-brass-bathroom-gold-basin-faucet\/\">Luxusn\u00ed design zlat\u00e9 mosazn\u00e9 koupelnov\u00e9 zlat\u00e9 umyvadlov\u00e9 baterie<\/a> - 14 dubna 2020<\/li><\/ul><\/div><div class=\"sp-wrap-cat\"><h3 class=\"sp-cat-name\"><a href=\"https:\/\/spark-faucet.com\/cs\/products\/kitchen-faucet\/\">Kuchy\u0148sk\u00e1 baterie<\/a><\/h3><ul class=\"sp-list-posts\"><li><a href=\"https:\/\/spark-faucet.com\/cs\/produkt\/luxury-design-single-lever-pull-out-sprayer-faucet-for-kitchen-sink\/\">Luxusn\u00ed designov\u00e1 jednop\u00e1kov\u00e1 vytahovac\u00ed kohoutkov\u00e1 baterie pro kuchy\u0148sk\u00fd d\u0159ez<\/a> - 17 \u010dervna 2020<\/li><li><a href=\"https:\/\/spark-faucet.com\/cs\/produkt\/luxury-design-brass-gold-faucet-kitchen\/\">Luxusn\u00ed designov\u00e1 mosazn\u00e1 zlat\u00e1 kuchy\u0148sk\u00e1 baterie<\/a> - 17 \u010dervna 2020<\/li><\/ul><\/div><\/div><\/div><\/div>","protected":false},"excerpt":{"rendered":"","protected":false},"author":1,"featured_media":0,"parent":0,"menu_order":0,"comment_status":"closed","ping_status":"closed","template":"","meta":{"_seopress_robots_primary_cat":"","footnotes":""},"_links":{"self":[{"href":"https:\/\/spark-faucet.com\/cs\/wp-json\/wp\/v2\/pages\/5838"}],"collection":[{"href":"https:\/\/spark-faucet.com\/cs\/wp-json\/wp\/v2\/pages"}],"about":[{"href":"https:\/\/spark-faucet.com\/cs\/wp-json\/wp\/v2\/types\/page"}],"author":[{"embeddable":true,"href":"https:\/\/spark-faucet.com\/cs\/wp-json\/wp\/v2\/users\/1"}],"replies":[{"embeddable":true,"href":"https:\/\/spark-faucet.com\/cs\/wp-json\/wp\/v2\/comments?post=5838"}],"version-history":[{"count":1,"href":"https:\/\/spark-faucet.com\/cs\/wp-json\/wp\/v2\/pages\/5838\/revisions"}],"predecessor-version":[{"id":5840,"href":"https:\/\/spark-faucet.com\/cs\/wp-json\/wp\/v2\/pages\/5838\/revisions\/5840"}],"wp:attachment":[{"href":"https:\/\/spark-faucet.com\/cs\/wp-json\/wp\/v2\/media?parent=5838"}],"curies":[{"name":"wp","href":"https:\/\/api.w.org\/{rel}","templated":true}]}}